{"id":3606,"date":"2025-01-24T23:54:24","date_gmt":"2025-01-24T22:54:24","guid":{"rendered":"https:\/\/soluzioninaturali.eu\/?page_id=3606"},"modified":"2025-02-28T13:25:24","modified_gmt":"2025-02-28T12:25:24","slug":"extremoforte-terra","status":"publish","type":"page","link":"https:\/\/soluzioninaturali.eu\/en\/termekek\/extremoforte-terra\/","title":{"rendered":"Ext\u00adre\u00admo\u00adFor\u00adte\u00ae Ter\u00adra"},"content":{"rendered":"<p><\/p><section id=\"bt_bb_section6a05fcf236ba9\" class=\"bt_bb_section bt_bb_color_scheme_10 bt_bb_layout_boxed_1300 bt_bb_vertical_align_top bt_bb_top_spacing_large bt_bb_bottom_spacing_large\" style=\"; --section-primary-color:#ffffff; --section-secondary-color:#006097;\" data-bt-override-class=\"{&quot;bt_bb_bottom_spacing_&quot;:{&quot;current_class&quot;:&quot;bt_bb_bottom_spacing_large&quot;,&quot;def&quot;:&quot;large&quot;}}\"><div class=\"bt_bb_background_image_holder_wrapper\"><div class=\"bt_bb_background_image_holder bt_bb_parallax\" data-parallax=\"0.7\" data-parallax-offset=\"0\" data-parallax-zoom-start=\"1\" data-parallax-zoom-end=\"1\" data-parallax-blur-start=\"0\" data-parallax-blur-end=\"0\" data-parallax-opacity-start=\"1\" data-parallax-opacity-end=\"1\" style=\" background-image:url('https:\/\/soluzioninaturali.eu\/wp-content\/uploads\/2025\/02\/pip.jpg');\"><\/div><\/div><div class=\"bt_bb_port\"><div class=\"bt_bb_cell\"><div class=\"bt_bb_cell_inner\"><div class=\"bt_bb_row\" data-bt-override-class=\"{}\"><div class=\"bt_bb_row_holder\"><div class=\"bt_bb_column col-xxl-4 col-xl-4 col-xs-12 col-sm-12 col-md-12 col-lg-4 bt_bb_vertical_align_middle bt_bb_align_left bt_bb_padding_normal bt_bb_animation_fade_in animate\" style=\"; --column-width:4;\" data-width=\"4\" data-bt-override-class=\"{}\"><div class=\"bt_bb_column_content\"><div class=\"bt_bb_column_content_inner\"><header class=\"bt_bb_headline bt_bb_font_weight_medium bt_bb_dash_top bt_bb_superheadline bt_bb_subheadline bt_bb_size_large bt_bb_align_inherit\" style=\"text-align: justify;\" data-bt-override-class=\"{}\"><h1 class=\"bt_bb_headline_tag\"><span class=\"bt_bb_headline_superheadline\">ExtremoForte<sup>\u00ae<\/sup><\/span><span class=\"bt_bb_headline_content\"><span>Terra<\/span><\/span><\/h1><div class=\"bt_bb_headline_subheadline\">It has a stab\u00adle nut\u00adri\u00adent supply capa\u00adci\u00adty, imp\u00adro\u00adves dro\u00adught tole\u00adrance, and inc\u00adre\u00adas\u00ades yield.<br><br>\n<\/div><\/header><\/div><\/div><\/div><div class=\"bt_bb_column col-xxl-4 col-xl-4 col-xs-12 col-sm-12 col-md-12 col-lg-4 bt_bb_vertical_align_top bt_bb_align_left bt_bb_padding_normal\" style=\"; --column-width:4;\" data-width=\"4\" data-bt-override-class=\"{}\"><div class=\"bt_bb_column_content\"><div class=\"bt_bb_column_content_inner\"><\/div><\/div><\/div><div class=\"bt_bb_column col-xxl-4 col-xl-4 col-xs-12 col-sm-12 col-md-12 col-lg-4 bt_bb_vertical_align_top bt_bb_align_left bt_bb_padding_normal\" style=\"; --column-width:4;\" data-width=\"4\" data-bt-override-class=\"{}\"><div class=\"bt_bb_column_content\"><div class=\"bt_bb_column_content_inner\"><\/div><\/div><\/div><\/div><\/div><\/div><!-- cell_inner --><\/div><!-- cell --><\/div><!-- port --><\/section><section id=\"bt_bb_section6a05fcf2370a7\" class=\"bt_bb_section bt_bb_layout_boxed_1200 bt_bb_vertical_align_top bt_bb_top_spacing_medium bt_bb_bottom_spacing_medium bt_bb_section_allow_content_outside\" data-bt-override-class=\"null\"><div class=\"bt_bb_port\"><div class=\"bt_bb_cell\"><div class=\"bt_bb_cell_inner\"><div class=\"bt_bb_row\" data-bt-override-class=\"{}\"><div class=\"bt_bb_row_holder\"><div class=\"bt_bb_column col-xxl-6 col-xl-6 col-xs-12 col-sm-6 col-md-6 col-lg-6 bt_bb_vertical_align_top bt_bb_align_left bt_bb_padding_double bt_bb_animation_fade_in animate\" style=\"; --column-width:6;\" data-width=\"6\" data-bt-override-class=\"{}\"><div class=\"bt_bb_column_content\"><div class=\"bt_bb_column_content_inner\"><header class=\"bt_bb_headline bt_bb_color_scheme_12 bt_bb_dash_top bt_bb_size_normal bt_bb_align_inherit\" style=\"; --primary-color:#006097; --secondary-color:#9ac12f;\" data-bt-override-class=\"{}\"><h3 class=\"bt_bb_headline_tag\"><span class=\"bt_bb_headline_content\"><span>Why do we recommend our<br><br>\nExtremoForte<sup>\u00ae<\/sup> Terra product?<\/span><\/span><\/h3><\/header><div class=\"bt_bb_separator bt_bb_border_style_none bt_bb_bottom_spacing_normal\" data-bt-override-class=\"null\"><\/div><div class=\"bt_bb_text\">\n<ul>\n<li style=\"text-align: justify;\"><span style=\"color: #006097;\">Hat\u00e9\u00adko\u00adnyan k\u00f6ti meg a leve\u00adg\u0151\u00adb\u0151l a nit\u00adro\u00adg\u00e9nt szer\u00adves k\u00f6t\u00e9s\u00adben, amely k\u00e9s\u0151bb nem kimos\u00adha\u00adt\u00f3 for\u00adm\u00e1\u00adban \u00e1ll ren\u00addel\u00adke\u00adz\u00e9s\u00adre a n\u00f6v\u00e9\u00adnyek sz\u00e1\u00adm\u00e1\u00adra.<\/span><\/li>\n<li style=\"text-align: justify;\"><span style=\"color: #006097;\">Tov\u00e1b\u00adbi makro\u2011, mezo- \u00e9s szer\u00adves t\u00e1p\u00adanya\u00adgok\u00adkal (pl. fosz\u00adfor \u00e9s k\u00e1li\u00adum) l\u00e1t\u00adja el a n\u00f6v\u00e9\u00adnye\u00adket.<\/span><\/li>\n<li style=\"text-align: justify;\"><span style=\"color: #006097;\">Lebont\u00adja a n\u00f6v\u00e9\u00adnyi marad\u00adv\u00e1\u00adnyo\u00adkat, ezzel is g\u00e1tol\u00adva a k\u00f3r\u00adoko\u00adz\u00f3k \u00e9s a k\u00e1r\u00adte\u00adv\u0151k \u00e1tte\u00adle\u00adl\u00e9\u00ads\u00e9t.<\/span><\/li>\n<li style=\"text-align: justify;\"><span style=\"color: #006097;\">R\u00f6vid t\u00e1von n\u00f6ve\u00adli a szervesanyag\u2011, hossz\u00fa t\u00e1von a humusz\u00adtar\u00adtal\u00admat, sta\u00adbi\u00adli\u00adz\u00e1l\u00adja a talaj pH-\u00e9rt\u00e9\u00adk\u00e9t, t\u00e1mo\u00adgat\u00adja a hasz\u00adnos talaj\u00adla\u00adk\u00f3 szer\u00adve\u00adze\u00adtek \u00e9let\u00adfo\u00adlya\u00adma\u00adta\u00adit.<\/span><\/li>\n<li style=\"text-align: justify;\"><span style=\"color: #006097;\">Inten\u00adz\u00edv gy\u00f6\u00adk\u00e9r\u00adk\u00e9p\u00adz\u0151\u00add\u00e9st gene\u00adr\u00e1l, javul a ter\u00adm\u00e9s\u00admi\u00adn\u0151\u00ads\u00e9g \u00e9s n\u00f6vek\u00adszik a ter\u00adm\u00e9s\u00adho\u00adzam.<\/span><\/li>\n<li style=\"text-align: justify;\"><span style=\"color: #006097;\">Meg\u00adn\u00f6\u00advelt UV- \u00e9s k\u00f6z\u00advet\u00adlen nap\u00adsu\u00adg\u00e1r\u00adz\u00e1s elle\u00adni, vala\u00admint a neh\u00e9z\u00adf\u00e9\u00admek\u00adkel szem\u00adbe\u00adni tole\u00adran\u00adcia jel\u00adlem\u00adzi.<\/span><\/li>\n<li style=\"text-align: justify;\"><span style=\"color: #006097;\">G\u00e1tol\u00adja a talaj\u00adban \u00e9l\u0151 k\u00f3r\u00adoko\u00adz\u00f3k \u00e9let\u00adte\u00adv\u00e9\u00adkeny\u00ads\u00e9\u00adg\u00e9t.<\/span><\/li>\n<li style=\"text-align: justify;\"><span style=\"color: #006097;\">\u00c1lta\u00adl\u00e1\u00adno\u00adsan kever\u00adhe\u00adt\u0151 m\u00e1s k\u00e9sz\u00edt\u00adm\u00e9\u00adnyek\u00adkel, sze\u00adrek\u00adkel, de bak\u00adt\u00e9\u00adri\u00adum\u00ad\u00f6l\u0151 hat\u00e1\u00ads\u00fa k\u00e9sz\u00edt\u00adm\u00e9\u00adnyek\u00adkel tilos kever\u00adni.<\/span><\/li>\n<li style=\"text-align: justify;\"><span style=\"color: #006097;\">Mini\u00admum 70\/30\/20 kg\/ha N\/P\/K szol\u00adg\u00e1l\u00adta\u00adt\u00f3 k\u00e9pes\u00ads\u00e9g\u00adgel ren\u00addel\u00adke\u00adz\u0151 k\u00e9sz\u00edt\u00adm\u00e9ny.<\/span><\/li>\n<li style=\"text-align: justify;\"><span style=\"color: #006097;\">\u00d6ko\u00adl\u00f3\u00adgi\u00adai gaz\u00add\u00e1l\u00adko\u00add\u00e1s\u00adban (BIO) \u00e9s agr\u00e1r k\u00f6r\u00adnye\u00adzet\u00adgaz\u00add\u00e1l\u00adko\u00add\u00e1\u00adsi prog\u00adra\u00admok\u00adban (AKG, A\u00d6P) is fel\u00adhasz\u00adn\u00e1l\u00adha\u00adt\u00f3.<\/span><\/li>\n<\/ul>\n<p>\n<\/p><\/div><div data-bb-version=\"5.2.6\" class=\"bt_bb_separator bt_bb_border_style_none bt_bb_border_color_none bt_bb_top_spacing_none bt_bb_bottom_spacing_normal\" data-bt-override-class=\"{&quot;bt_bb_top_spacing_&quot;:{&quot;current_class&quot;:&quot;bt_bb_top_spacing_none&quot;,&quot;def&quot;:&quot;none&quot;},&quot;bt_bb_bottom_spacing_&quot;:{&quot;current_class&quot;:&quot;bt_bb_bottom_spacing_normal&quot;,&quot;def&quot;:&quot;normal&quot;}}\"><\/div><\/div><\/div><\/div><div data-bb-version=\"5.2.5\" class=\"bt_bb_column col-xxl-6 col-xl-6 col-xs-12 col-sm-6 col-md-6 col-lg-6 bt_bb_vertical_align_top bt_bb_align_left bt_bb_padding_normal bt_bb_animation_fade_in animate bt_bb_details-color_white\" style=\"; --column-width:6;\" data-width=\"6\" data-bt-override-class=\"{&quot;bt_bb_align_&quot;:{&quot;current_class&quot;:&quot;bt_bb_align_left&quot;,&quot;def&quot;:&quot;left&quot;},&quot;bt_bb_padding_&quot;:{&quot;current_class&quot;:&quot;bt_bb_padding_normal&quot;,&quot;def&quot;:&quot;normal&quot;},&quot;bt_bb_animation_&quot;:{&quot;current_class&quot;:&quot;bt_bb_animation_fade_in animate&quot;,&quot;def&quot;:&quot;fade_in animate&quot;}}\"><div class=\"bt_bb_column_content\"><div class=\"bt_bb_column_content_inner\"><div data-bb-version=\"5.2.6\" class=\"bt_bb_image bt_bb_shape_square bt_bb_target_self bt_bb_align_center bt_bb_hover_style_simple bt_bb_content_display_always bt_bb_content_align_center_middle\" style=\"height:200; overflow: hidden;\" data-bt-override-class=\"{&quot;bt_bb_align_&quot;:{&quot;current_class&quot;:&quot;bt_bb_align_center&quot;,&quot;def&quot;:&quot;center&quot;},&quot;bt_bb_content_display_&quot;:{&quot;current_class&quot;:&quot;bt_bb_content_display_always&quot;,&quot;def&quot;:&quot;always&quot;},&quot;bt_bb_animation_&quot;:{&quot;current_class&quot;:&quot;bt_bb_animation_no_animation&quot;,&quot;def&quot;:&quot;no_animation&quot;}}\"><span><img loading=\"lazy\" decoding=\"async\" width=\"1000\" height=\"1000\" src=\"https:\/\/soluzioninaturali.eu\/wp-content\/uploads\/2025\/02\/terra-belso-oldal.png\" class=\"attachment-full size-full\" alt=\"https:\/\/soluzioninaturali.eu\/wp-content\/uploads\/2025\/02\/terra-belso-oldal.png\" data-full_image_src=\"https:\/\/soluzioninaturali.eu\/wp-content\/uploads\/2025\/02\/terra-belso-oldal.png\" title=\"terra-belso-oldal\" srcset=\"https:\/\/soluzioninaturali.eu\/wp-content\/uploads\/2025\/02\/terra-belso-oldal.png 1000w, https:\/\/soluzioninaturali.eu\/wp-content\/uploads\/2025\/02\/terra-belso-oldal-640x640.png 640w, https:\/\/soluzioninaturali.eu\/wp-content\/uploads\/2025\/02\/terra-belso-oldal-160x160.png 160w, https:\/\/soluzioninaturali.eu\/wp-content\/uploads\/2025\/02\/terra-belso-oldal-768x768.png 768w, https:\/\/soluzioninaturali.eu\/wp-content\/uploads\/2025\/02\/terra-belso-oldal-320x320.png 320w\" sizes=\"auto, (max-width: 1000px) 100vw, 1000px\"><\/span><\/div><div class=\"bt_bb_separator bt_bb_border_style_none bt_bb_bottom_spacing_normal\" data-bt-override-class=\"null\"><\/div><header data-bb-version=\"5.2.5\" class=\"bt_bb_headline bt_bb_color_scheme_12 bt_bb_dash_top bt_bb_subheadline bt_bb_size_normal bt_bb_align_center btNoHeadline\" style=\"; --primary-color:#006097; --secondary-color:#9ac12f;\" data-bt-override-class=\"{&quot;bt_bb_size_&quot;:{&quot;current_class&quot;:&quot;bt_bb_size_normal&quot;,&quot;def&quot;:&quot;normal&quot;},&quot;bt_bb_align_&quot;:{&quot;current_class&quot;:&quot;bt_bb_align_center&quot;,&quot;def&quot;:&quot;center&quot;},&quot;bt_bb_animation_&quot;:{&quot;current_class&quot;:&quot;bt_bb_animation_no_animation&quot;,&quot;def&quot;:&quot;no_animation&quot;}}\"><div class=\"bt_bb_headline_subheadline\">Ext\u00adre\u00admo\u00adFor\u00adte\u00ae Ter\u00adra \u2013 A 4th gene\u00adra\u00adti\u00adon bios\u00adti\u00admu\u00adlant mic\u00adro\u00adbio\u00adlog\u00adi\u00adcal for\u00admu\u00adla\u00adti\u00adon for sus\u00adta\u00adin\u00adab\u00adle soil con\u00addi\u00adti\u00adon and bet\u00adter plant health.<\/div><\/header><div class=\"bt_bb_separator bt_bb_border_style_none bt_bb_bottom_spacing_normal\" data-bt-override-class=\"null\"><\/div><div data-bb-version=\"5.2.6\" class=\"bt_bb_accordion bt_bb_color_scheme_12 bt_bb_style_simple bt_bb_shape_square\" style=\"text-align: justify; hyphens: auto;; --accordion-primary-color:#006097; --accordion-secondary-color:#9ac12f;\" data-closed=\"closed\"><div class=\"bt_bb_accordion_item\"><div class=\"bt_bb_accordion_item_title\"><div class=\"bt_bb_accordion_item_title_content\">What is the com\u00adpo\u00adsit\u00adi\u00adon of the pro\u00adduct?<\/div><\/div><div class=\"bt_bb_accordion_item_content\"><div class=\"bt_bb_text\">\n<ul>\n<li><span style=\"color: #006097;\">100%-ban ter\u00adm\u00e9\u00adsze\u00adtes \u00f6ssze\u00adte\u00adv\u0151k\u00adb\u0151l \u00e1ll\u00f3 bios\u00adti\u00admu\u00adl\u00e1\u00adtor hat\u00e1s\u00adsal ren\u00addel\u00adke\u00adz\u0151 mik\u00adro\u00adbio\u00adl\u00f3\u00adgi\u00adai k\u00e9sz\u00edt\u00adm\u00e9ny<\/span><span style=\"color: #006097;\">.<\/span><\/li>\n<\/ul>\n<p style=\"text-align: justify;\">\n<\/p><\/div>\n<\/div><\/div><div class=\"bt_bb_accordion_item\"><div class=\"bt_bb_accordion_item_title\"><div class=\"bt_bb_accordion_item_title_content\">Does the pro\u00adduct pose a risk to bees?<\/div><\/div><div class=\"bt_bb_accordion_item_content\"><div class=\"bt_bb_text\">\n<ul>\n<li><span style=\"color: #006097;\">When used inde\u00adpen\u00addently, the pro\u00adduct is harm\u00adless to bees.<\/span><\/li>\n<\/ul>\n<p style=\"text-align: justify;\">\n<\/p><\/div>\n<\/div><\/div><div class=\"bt_bb_accordion_item\"><div class=\"bt_bb_accordion_item_title\"><div class=\"bt_bb_accordion_item_title_content\">Is the pro\u00adduct ava\u00adi\u00adlab\u00adle in liqu\u00adid or solid form?<\/div><\/div><div class=\"bt_bb_accordion_item_content\"><div class=\"bt_bb_text\">\n<ul>\n<li style=\"text-align: justify;\"><span style=\"color: #006097;\">The pro\u00adduct is sold in a fourth-gene\u00adra\u00adti\u00adon solid pha\u00adse form.<\/span><\/li>\n<\/ul>\n<p style=\"text-align: justify;\">\n<\/p><\/div>\n<\/div><\/div><div class=\"bt_bb_accordion_item\"><div class=\"bt_bb_accordion_item_title\"><div class=\"bt_bb_accordion_item_title_content\">Can I rece\u00adive pro\u00adfes\u00adsi\u00ado\u00adnal assis\u00adtance regard\u00ading the use of the pro\u00adduct?<\/div><\/div><div class=\"bt_bb_accordion_item_content\"><div class=\"bt_bb_text\">\n<ul>\n<li style=\"text-align: justify;\"><span style=\"color: #006097;\">Yes, our com\u00adpany pro\u00advi\u00addes high-level pro\u00adfes\u00adsi\u00ado\u00adnal assis\u00adtance to our part\u00adners regard\u00ading the app\u00adli\u00adca\u00adti\u00adon of our pro\u00adducts at the fol\u00adlo\u00adwing email add\u00adress:<\/span> <a href=\"mailto:technical@soluzioninaturali.eu\">technical@soluzioninaturali.eu<\/a><\/li>\n<\/ul>\n<p style=\"text-align: justify;\">\n<\/p><\/div>\n<\/div><\/div><\/div><\/div><\/div><\/div><\/div><\/div><\/div><!-- cell_inner --><\/div><!-- cell --><\/div><!-- port --><\/section><section data-bb-version=\"4.9.1\" id=\"bt_bb_section6a05fcf23801d\" class=\"bt_bb_section bt_bb_layout_boxed_1200 bt_bb_top_spacing_normal bt_bb_bottom_spacing_normal\" data-bt-override-class=\"{&quot;bt_bb_top_spacing_&quot;:{&quot;current_class&quot;:&quot;bt_bb_top_spacing_normal&quot;,&quot;def&quot;:&quot;normal&quot;},&quot;bt_bb_bottom_spacing_&quot;:{&quot;current_class&quot;:&quot;bt_bb_bottom_spacing_normal&quot;,&quot;def&quot;:&quot;normal&quot;}}\"><div class=\"bt_bb_port\"><div class=\"bt_bb_cell\"><div class=\"bt_bb_cell_inner\"><div class=\"bt_bb_row\" data-bt-override-class=\"{}\"><div class=\"bt_bb_row_holder\"><div data-bb-version=\"4.9.1\" class=\"bt_bb_column col-xxl-12 col-xl-12 col-xs-12 col-sm-12 col-md-12 col-lg-12 bt_bb_vertical_align_top bt_bb_align_left bt_bb_padding_normal\" style=\"; --column-width:12;\" data-width=\"12\" data-bt-override-class=\"{}\"><div class=\"bt_bb_column_content\"><div class=\"bt_bb_column_content_inner\"><div data-bb-version=\"5.2.5\" class=\"bt_bb_button bt_bb_color_scheme_6 bt_bb_icon_position_right bt_bb_style_filled bt_bb_size_normal bt_bb_width_inline bt_bb_shape_inherit bt_bb_target_self bt_bb_text_transform_inherit bt_bb_align_center\" style=\"; --primary-color:#ffffff; --secondary-color:#9ac12f;\" data-bt-override-class=\"{&quot;bt_bb_size_&quot;:{&quot;current_class&quot;:&quot;bt_bb_size_normal&quot;,&quot;def&quot;:&quot;normal&quot;},&quot;bt_bb_align_&quot;:{&quot;current_class&quot;:&quot;bt_bb_align_center&quot;,&quot;def&quot;:&quot;center&quot;},&quot;bt_bb_animation_&quot;:{&quot;current_class&quot;:&quot;bt_bb_animation_no_animation&quot;,&quot;def&quot;:&quot;no_animation&quot;}}\"><a href=\"https:\/\/soluzioninaturali.eu\/en\/regisztracios-oldal\/\" target=\"_self\" class=\"bt_bb_link\" title=\"DOWNLOAD PDF\"><span class=\"bt_bb_button_text\">DOWNLOAD PDF<\/span><span data-ico-fontawesome5solid=\"\uf1c1\" class=\"bt_bb_icon_holder\"><\/span><\/a><\/div><\/div><\/div><\/div><\/div><\/div><\/div><!-- cell_inner --><\/div><!-- cell --><\/div><!-- port --><\/section>","protected":false},"excerpt":{"rendered":"","protected":false},"author":1,"featured_media":4387,"parent":1596,"menu_order":0,"comment_status":"closed","ping_status":"closed","template":"","meta":{"wp_typography_post_enhancements_disabled":false,"footnotes":""},"class_list":["post-3606","page","type-page","status-publish","has-post-thumbnail","hentry"],"yoast_head":"<!-- This site is optimized with the Yoast SEO Premium plugin v25.2 (Yoast SEO v26.9) - https:\/\/yoast.com\/product\/yoast-seo-premium-wordpress\/ -->\n<title>ExtremoForte\u00ae Terra \u2013 Term\u00e9szetes talajer\u0151s\u00edt\u0151 \u00e9s biostimul\u00e1tor<\/title>\n<meta name=\"description\" content=\"Fedezze fel az ExtremoForte\u00ae Terra mikrobiol\u00f3giai k\u00e9sz\u00edtm\u00e9nyt, amely jav\u00edtja a talaj eg\u00e9szs\u00e9g\u00e9t \u00e9s n\u00f6veli n\u00f6v\u00e9nyei term\u00e9shozam\u00e1t.\" \/>\n<meta name=\"robots\" content=\"index, follow, max-snippet:-1, max-image-preview:large, max-video-preview:-1\" \/>\n<link rel=\"canonical\" href=\"https:\/\/soluzioninaturali.eu\/en\/termekek\/extremoforte-terra\/\" \/>\n<meta property=\"og:locale\" content=\"en_GB\" \/>\n<meta property=\"og:type\" content=\"article\" \/>\n<meta property=\"og:title\" content=\"ExtremoForte\u00ae Terra \u2013 Term\u00e9szetes talajer\u0151s\u00edt\u0151 \u00e9s biostimul\u00e1tor\" \/>\n<meta property=\"og:description\" content=\"Fedezze fel az ExtremoForte\u00ae Terra mikrobiol\u00f3giai k\u00e9sz\u00edtm\u00e9nyt, amely jav\u00edtja a talaj eg\u00e9szs\u00e9g\u00e9t \u00e9s n\u00f6veli n\u00f6v\u00e9nyei term\u00e9shozam\u00e1t.\" \/>\n<meta property=\"og:url\" content=\"https:\/\/soluzioninaturali.eu\/en\/termekek\/extremoforte-terra\/\" \/>\n<meta property=\"og:site_name\" content=\"soluzioninaturali.eu\" \/>\n<meta property=\"article:modified_time\" content=\"2025-02-28T12:25:24+00:00\" \/>\n<meta property=\"og:image\" content=\"https:\/\/soluzioninaturali.eu\/wp-content\/uploads\/2025\/02\/terra-belso-oldal.png\" \/>\n\t<meta property=\"og:image:width\" content=\"1000\" \/>\n\t<meta property=\"og:image:height\" content=\"1000\" \/>\n\t<meta property=\"og:image:type\" content=\"image\/png\" \/>\n<meta name=\"twitter:card\" content=\"summary_large_image\" \/>\n<meta name=\"twitter:title\" content=\"ExtremoForte\u00ae Terra\" \/>\n<meta name=\"twitter:label1\" content=\"Estimated reading time\" \/>\n\t<meta name=\"twitter:data1\" content=\"3 minutes\" \/>\n<script type=\"application\/ld+json\" class=\"yoast-schema-graph\">{\"@context\":\"https:\/\/schema.org\",\"@graph\":[{\"@type\":\"WebPage\",\"@id\":\"https:\/\/soluzioninaturali.eu\/termekek\/extremoforte-terra\/\",\"url\":\"https:\/\/soluzioninaturali.eu\/termekek\/extremoforte-terra\/\",\"name\":\"ExtremoForte\u00ae Terra \u2013 Term\u00e9szetes talajer\u0151s\u00edt\u0151 \u00e9s biostimul\u00e1tor\",\"isPartOf\":{\"@id\":\"https:\/\/soluzioninaturali.eu\/#website\"},\"primaryImageOfPage\":{\"@id\":\"https:\/\/soluzioninaturali.eu\/termekek\/extremoforte-terra\/#primaryimage\"},\"image\":{\"@id\":\"https:\/\/soluzioninaturali.eu\/termekek\/extremoforte-terra\/#primaryimage\"},\"thumbnailUrl\":\"https:\/\/soluzioninaturali.eu\/wp-content\/uploads\/2025\/02\/terra-belso-oldal.png\",\"datePublished\":\"2025-01-24T22:54:24+00:00\",\"dateModified\":\"2025-02-28T12:25:24+00:00\",\"description\":\"Fedezze fel az ExtremoForte\u00ae Terra mikrobiol\u00f3giai k\u00e9sz\u00edtm\u00e9nyt, amely jav\u00edtja a talaj eg\u00e9szs\u00e9g\u00e9t \u00e9s n\u00f6veli n\u00f6v\u00e9nyei term\u00e9shozam\u00e1t.\",\"breadcrumb\":{\"@id\":\"https:\/\/soluzioninaturali.eu\/termekek\/extremoforte-terra\/#breadcrumb\"},\"inLanguage\":\"en-GB\",\"potentialAction\":[{\"@type\":\"ReadAction\",\"target\":[\"https:\/\/soluzioninaturali.eu\/termekek\/extremoforte-terra\/\"]}]},{\"@type\":\"ImageObject\",\"inLanguage\":\"en-GB\",\"@id\":\"https:\/\/soluzioninaturali.eu\/termekek\/extremoforte-terra\/#primaryimage\",\"url\":\"https:\/\/soluzioninaturali.eu\/wp-content\/uploads\/2025\/02\/terra-belso-oldal.png\",\"contentUrl\":\"https:\/\/soluzioninaturali.eu\/wp-content\/uploads\/2025\/02\/terra-belso-oldal.png\",\"width\":1000,\"height\":1000},{\"@type\":\"BreadcrumbList\",\"@id\":\"https:\/\/soluzioninaturali.eu\/termekek\/extremoforte-terra\/#breadcrumb\",\"itemListElement\":[{\"@type\":\"ListItem\",\"position\":1,\"name\":\"Kezd\u0151lap\",\"item\":\"https:\/\/soluzioninaturali.eu\/\"},{\"@type\":\"ListItem\",\"position\":2,\"name\":\"Term\u00e9kek\",\"item\":\"https:\/\/soluzioninaturali.eu\/termekek\/\"},{\"@type\":\"ListItem\",\"position\":3,\"name\":\"ExtremoForte\u00ae Terra\"}]},{\"@type\":\"WebSite\",\"@id\":\"https:\/\/soluzioninaturali.eu\/#website\",\"url\":\"https:\/\/soluzioninaturali.eu\/\",\"name\":\"soluzioninaturali.eu\",\"description\":\"Soluzioni Naturali Kft\",\"potentialAction\":[{\"@type\":\"SearchAction\",\"target\":{\"@type\":\"EntryPoint\",\"urlTemplate\":\"https:\/\/soluzioninaturali.eu\/?s={search_term_string}\"},\"query-input\":{\"@type\":\"PropertyValueSpecification\",\"valueRequired\":true,\"valueName\":\"search_term_string\"}}],\"inLanguage\":\"en-GB\"}]}<\/script>\n<!-- \/ Yoast SEO Premium plugin. -->","yoast_head_json":{"title":"Ext\u00adre\u00admo\u00adFor\u00adte\u00ae Ter\u00adra \u2013 Ter\u00adm\u00e9\u00adsze\u00adtes talaj\u00ader\u0151\u00ads\u00ed\u00adt\u0151 \u00e9s bios\u00adti\u00admu\u00adl\u00e1\u00adtor","description":"Fedez\u00adze fel az Ext\u00adre\u00admo\u00adFor\u00adte\u00ae Ter\u00adra mik\u00adro\u00adbio\u00adl\u00f3\u00adgi\u00adai k\u00e9sz\u00edt\u00adm\u00e9nyt, amely jav\u00edt\u00adja a talaj eg\u00e9sz\u00ads\u00e9\u00adg\u00e9t \u00e9s n\u00f6ve\u00adli n\u00f6v\u00e9\u00adnyei ter\u00adm\u00e9s\u00adho\u00adza\u00adm\u00e1t.","robots":{"index":"index","follow":"follow","max-snippet":"max-snippet:-1","max-image-preview":"max-image-preview:large","max-video-preview":"max-video-preview:-1"},"canonical":"https:\/\/soluzioninaturali.eu\/en\/termekek\/extremoforte-terra\/","og_locale":"en_GB","og_type":"article","og_title":"ExtremoForte\u00ae Terra \u2013 Term\u00e9szetes talajer\u0151s\u00edt\u0151 \u00e9s biostimul\u00e1tor","og_description":"Fedezze fel az ExtremoForte\u00ae Terra mikrobiol\u00f3giai k\u00e9sz\u00edtm\u00e9nyt, amely jav\u00edtja a talaj eg\u00e9szs\u00e9g\u00e9t \u00e9s n\u00f6veli n\u00f6v\u00e9nyei term\u00e9shozam\u00e1t.","og_url":"https:\/\/soluzioninaturali.eu\/en\/termekek\/extremoforte-terra\/","og_site_name":"soluzioninaturali.eu","article_modified_time":"2025-02-28T12:25:24+00:00","og_image":[{"width":1000,"height":1000,"url":"https:\/\/soluzioninaturali.eu\/wp-content\/uploads\/2025\/02\/terra-belso-oldal.png","type":"image\/png"}],"twitter_card":"summary_large_image","twitter_title":"ExtremoForte\u00ae Terra","twitter_misc":{"Estimated reading time":"3 minutes"},"schema":{"@context":"https:\/\/schema.org","@graph":[{"@type":"WebPage","@id":"https:\/\/soluzioninaturali.eu\/termekek\/extremoforte-terra\/","url":"https:\/\/soluzioninaturali.eu\/termekek\/extremoforte-terra\/","name":"Ext\u00adre\u00admo\u00adFor\u00adte\u00ae Ter\u00adra \u2013 Ter\u00adm\u00e9\u00adsze\u00adtes talaj\u00ader\u0151\u00ads\u00ed\u00adt\u0151 \u00e9s bios\u00adti\u00admu\u00adl\u00e1\u00adtor","isPartOf":{"@id":"https:\/\/soluzioninaturali.eu\/#website"},"primaryImageOfPage":{"@id":"https:\/\/soluzioninaturali.eu\/termekek\/extremoforte-terra\/#primaryimage"},"image":{"@id":"https:\/\/soluzioninaturali.eu\/termekek\/extremoforte-terra\/#primaryimage"},"thumbnailUrl":"https:\/\/soluzioninaturali.eu\/wp-content\/uploads\/2025\/02\/terra-belso-oldal.png","datePublished":"2025-01-24T22:54:24+00:00","dateModified":"2025-02-28T12:25:24+00:00","description":"Fedez\u00adze fel az Ext\u00adre\u00admo\u00adFor\u00adte\u00ae Ter\u00adra mik\u00adro\u00adbio\u00adl\u00f3\u00adgi\u00adai k\u00e9sz\u00edt\u00adm\u00e9nyt, amely jav\u00edt\u00adja a talaj eg\u00e9sz\u00ads\u00e9\u00adg\u00e9t \u00e9s n\u00f6ve\u00adli n\u00f6v\u00e9\u00adnyei ter\u00adm\u00e9s\u00adho\u00adza\u00adm\u00e1t.","breadcrumb":{"@id":"https:\/\/soluzioninaturali.eu\/termekek\/extremoforte-terra\/#breadcrumb"},"inLanguage":"en-GB","potentialAction":[{"@type":"ReadAction","target":["https:\/\/soluzioninaturali.eu\/termekek\/extremoforte-terra\/"]}]},{"@type":"ImageObject","inLanguage":"en-GB","@id":"https:\/\/soluzioninaturali.eu\/termekek\/extremoforte-terra\/#primaryimage","url":"https:\/\/soluzioninaturali.eu\/wp-content\/uploads\/2025\/02\/terra-belso-oldal.png","contentUrl":"https:\/\/soluzioninaturali.eu\/wp-content\/uploads\/2025\/02\/terra-belso-oldal.png","width":1000,"height":1000},{"@type":"BreadcrumbList","@id":"https:\/\/soluzioninaturali.eu\/termekek\/extremoforte-terra\/#breadcrumb","itemListElement":[{"@type":"ListItem","position":1,"name":"Kezd\u0151lap","item":"https:\/\/soluzioninaturali.eu\/"},{"@type":"ListItem","position":2,"name":"Term\u00e9kek","item":"https:\/\/soluzioninaturali.eu\/termekek\/"},{"@type":"ListItem","position":3,"name":"ExtremoForte\u00ae Terra"}]},{"@type":"WebSite","@id":"https:\/\/soluzioninaturali.eu\/#website","url":"https:\/\/soluzioninaturali.eu\/","name":"soluzioninaturali.eu","description":"Solu\u00adzi\u00ado\u00adni Natu\u00adra\u00adli Kft","potentialAction":[{"@type":"SearchAction","target":{"@type":"EntryPoint","urlTemplate":"https:\/\/soluzioninaturali.eu\/?s={search_term_string}"},"query-input":{"@type":"PropertyValueSpecification","valueRequired":true,"valueName":"search_term_string"}}],"inLanguage":"en-GB"}]}},"_links":{"self":[{"href":"https:\/\/soluzioninaturali.eu\/en\/wp-json\/wp\/v2\/pages\/3606","targetHints":{"allow":["GET"]}}],"collection":[{"href":"https:\/\/soluzioninaturali.eu\/en\/wp-json\/wp\/v2\/pages"}],"about":[{"href":"https:\/\/soluzioninaturali.eu\/en\/wp-json\/wp\/v2\/types\/page"}],"author":[{"embeddable":true,"href":"https:\/\/soluzioninaturali.eu\/en\/wp-json\/wp\/v2\/users\/1"}],"replies":[{"embeddable":true,"href":"https:\/\/soluzioninaturali.eu\/en\/wp-json\/wp\/v2\/comments?post=3606"}],"version-history":[{"count":72,"href":"https:\/\/soluzioninaturali.eu\/en\/wp-json\/wp\/v2\/pages\/3606\/revisions"}],"predecessor-version":[{"id":4914,"href":"https:\/\/soluzioninaturali.eu\/en\/wp-json\/wp\/v2\/pages\/3606\/revisions\/4914"}],"up":[{"embeddable":true,"href":"https:\/\/soluzioninaturali.eu\/en\/wp-json\/wp\/v2\/pages\/1596"}],"wp:featuredmedia":[{"embeddable":true,"href":"https:\/\/soluzioninaturali.eu\/en\/wp-json\/wp\/v2\/media\/4387"}],"wp:attachment":[{"href":"https:\/\/soluzioninaturali.eu\/en\/wp-json\/wp\/v2\/media?parent=3606"}],"curies":[{"name":"wp","href":"https:\/\/api.w.org\/{rel}","templated":true}]}}