{"id":3614,"date":"2025-01-25T00:12:04","date_gmt":"2025-01-24T23:12:04","guid":{"rendered":"https:\/\/soluzioninaturali.eu\/?page_id=3614"},"modified":"2026-01-20T21:23:23","modified_gmt":"2026-01-20T20:23:23","slug":"bactotop-start","status":"publish","type":"page","link":"https:\/\/soluzioninaturali.eu\/en\/termekek\/bactotop-start\/","title":{"rendered":"Bac\u00adto\u00adTop\u00ae Start"},"content":{"rendered":"<p><\/p><section id=\"bt_bb_section6a05fc84e65a0\" class=\"bt_bb_section bt_bb_color_scheme_10 bt_bb_layout_boxed_1300 bt_bb_vertical_align_top bt_bb_top_spacing_large bt_bb_bottom_spacing_large\" style=\"; --section-primary-color:#ffffff; --section-secondary-color:#006097;\" data-bt-override-class=\"{&quot;bt_bb_bottom_spacing_&quot;:{&quot;current_class&quot;:&quot;bt_bb_bottom_spacing_large&quot;,&quot;def&quot;:&quot;large&quot;}}\"><div class=\"bt_bb_background_image_holder_wrapper\"><div class=\"bt_bb_background_image_holder bt_bb_parallax\" data-parallax=\"0.7\" data-parallax-offset=\"0\" data-parallax-zoom-start=\"1\" data-parallax-zoom-end=\"1\" data-parallax-blur-start=\"0\" data-parallax-blur-end=\"0\" data-parallax-opacity-start=\"1\" data-parallax-opacity-end=\"1\" style=\" background-image:url('https:\/\/soluzioninaturali.eu\/wp-content\/uploads\/2025\/02\/bacto.jpg');\"><\/div><\/div><div class=\"bt_bb_port\"><div class=\"bt_bb_cell\"><div class=\"bt_bb_cell_inner\"><div class=\"bt_bb_row\" data-bt-override-class=\"{}\"><div class=\"bt_bb_row_holder\"><div class=\"bt_bb_column col-xxl-4 col-xl-4 col-xs-12 col-sm-12 col-md-12 col-lg-4 bt_bb_vertical_align_middle bt_bb_align_left bt_bb_padding_normal bt_bb_animation_fade_in animate\" style=\"; --column-width:4;\" data-width=\"4\" data-bt-override-class=\"{}\"><div class=\"bt_bb_column_content\"><div class=\"bt_bb_column_content_inner\"><header data-bb-version=\"5.5.9\" class=\"bt_bb_headline bt_bb_font_weight_medium bt_bb_dash_top bt_bb_superheadline bt_bb_subheadline bt_bb_size_large bt_bb_align_inherit\" style=\"text-align: justify;\" data-bt-override-class=\"{&quot;bt_bb_size_&quot;:{&quot;current_class&quot;:&quot;bt_bb_size_large&quot;,&quot;def&quot;:&quot;large&quot;},&quot;bt_bb_align_&quot;:{&quot;current_class&quot;:&quot;bt_bb_align_inherit&quot;,&quot;def&quot;:&quot;inherit&quot;},&quot;bt_bb_animation_&quot;:{&quot;current_class&quot;:&quot;bt_bb_animation_no_animation&quot;,&quot;def&quot;:&quot;no_animation&quot;}}\"><h1 class=\"bt_bb_headline_tag\"><span class=\"bt_bb_headline_superheadline\">BactoTop<sup>\u00ae<\/sup><\/span><span class=\"bt_bb_headline_content\"><span>Start<\/span><\/span><\/h1><div class=\"bt_bb_headline_subheadline\">A Bac\u00adto\u00adTop<sup>\u00ae<\/sup> START \u2014 Soil Con\u00addi\u00adti\u00ado\u00adner Bac\u00adte\u00adri\u00adal Fer\u00adti\u00adli\u00adzer<br>\n<p><\/p><\/div><\/header><\/div><\/div><\/div><div class=\"bt_bb_column col-xxl-4 col-xl-4 col-xs-12 col-sm-12 col-md-12 col-lg-4 bt_bb_vertical_align_top bt_bb_align_left bt_bb_padding_normal\" style=\"; --column-width:4;\" data-width=\"4\" data-bt-override-class=\"{}\"><div class=\"bt_bb_column_content\"><div class=\"bt_bb_column_content_inner\"><\/div><\/div><\/div><div class=\"bt_bb_column col-xxl-4 col-xl-4 col-xs-12 col-sm-12 col-md-12 col-lg-4 bt_bb_vertical_align_top bt_bb_align_left bt_bb_padding_normal\" style=\"; --column-width:4;\" data-width=\"4\" data-bt-override-class=\"{}\"><div class=\"bt_bb_column_content\"><div class=\"bt_bb_column_content_inner\"><\/div><\/div><\/div><\/div><\/div><\/div><!-- cell_inner --><\/div><!-- cell --><\/div><!-- port --><\/section><section id=\"bt_bb_section6a05fc84e6e09\" class=\"bt_bb_section bt_bb_layout_boxed_1200 bt_bb_vertical_align_top bt_bb_top_spacing_medium bt_bb_bottom_spacing_medium bt_bb_section_allow_content_outside\" data-bt-override-class=\"null\"><div class=\"bt_bb_port\"><div class=\"bt_bb_cell\"><div class=\"bt_bb_cell_inner\"><div class=\"bt_bb_row\" data-bt-override-class=\"{}\"><div class=\"bt_bb_row_holder\"><div class=\"bt_bb_column col-xxl-6 col-xl-6 col-xs-12 col-sm-6 col-md-6 col-lg-6 bt_bb_vertical_align_top bt_bb_align_left bt_bb_padding_double bt_bb_animation_fade_in animate\" style=\"; --column-width:6;\" data-width=\"6\" data-bt-override-class=\"{}\"><div class=\"bt_bb_column_content\"><div class=\"bt_bb_column_content_inner\"><header data-bb-version=\"5.5.9\" class=\"bt_bb_headline bt_bb_color_scheme_12 bt_bb_dash_top bt_bb_size_normal bt_bb_align_inherit\" style=\"; --primary-color:#006097; --secondary-color:#9ac12f;\" data-bt-override-class=\"{}\"><h3 class=\"bt_bb_headline_tag\"><span class=\"bt_bb_headline_content\"><span>Why do we recommend our<br><br>\nBactoTop<sup>\u00ae<\/sup> START product?<\/span><\/span><\/h3><\/header><div class=\"bt_bb_separator bt_bb_border_style_none bt_bb_bottom_spacing_normal\" data-bt-override-class=\"null\"><\/div><div data-bb-version=\"5.2.6\" class=\"bt_bb_text\" style=\"text-align: justify; hyphens: auto;\">\n<ul>\n<li style=\"text-align: justify;\"><span style=\"color: #006097;\">A <strong>Bac\u00adto\u00adTop<sup>\u00ae<\/sup> Start<\/strong> Soil con\u00addi\u00adti\u00ado\u00adner bac\u00adte\u00adri\u00adal fer\u00adti\u00adli\u00adzer is a natu\u00adral mic\u00adro\u00adbio\u00adlog\u00adi\u00adcal yield enhan\u00adcer. <\/span><span style=\"color: #006097;\">mik\u00adro\u00adbio\u00adl\u00f3\u00adgi\u00adai hozam\u00adfo\u00adko\u00adz\u00f3.<\/span><\/li>\n<li style=\"text-align: justify;\"><span style=\"color: #006097;\">A k\u00e9sz\u00edt\u00adm\u00e9ny nit\u00adro\u00adg\u00e9n\u00adk\u00f6\u00adt\u0151, t\u00e1p\u00adelem-mobi\u00adli\u00adz\u00e1\u00adl\u00f3 \u00e9s sz\u00e1r\u00adma\u00adrad\u00adv\u00e1ny\u00adbon\u00adt\u00f3 kom\u00adpo\u00adnenst tar\u00adtal\u00admaz.<\/span><\/li>\n<li style=\"text-align: justify;\"><span style=\"color: #006097;\">Pozi\u00adt\u00ed\u00advan befo\u00adly\u00e1\u00adsol\u00adja a talaj\u00ad\u00e9let folya\u00adma\u00adta\u00adit, a szer\u00adves anya\u00adgok lebon\u00adt\u00e1\u00ads\u00e1t, a szer\u00advet\u00adlen \u00e1sv\u00e1\u00adnyok mine\u00adra\u00adli\u00adz\u00e1\u00adci\u00ad\u00f3\u00adj\u00e1t, a humusz\u00adk\u00e9p\u00adz\u0151\u00add\u00e9st, a ter\u00adm\u00e9s hoza\u00adm\u00e1t \u00e9s min\u0151\u00ads\u00e9\u00adg\u00e9t.<\/span><\/li>\n<li style=\"text-align: justify;\"><span style=\"color: #006097;\">M\u00e9hek\u00adre nem vesz\u00e9\u00adlyes.<\/span><\/li>\n<li style=\"text-align: justify;\"><span style=\"color: #006097;\">Hasz\u00adn\u00e1\u00adla\u00adta a talaj\u00adfe\u00adl\u00fc\u00adlet vagy a tar\u00adl\u00f3 keze\u00adl\u00e9\u00ads\u00e9\u00adre, a vet\u00e9s vagy a for\u00adga\u00adt\u00e1\u00adsos talaj\u00adm\u0171\u00adve\u00adl\u00e9s el\u0151tt aj\u00e1n\u00adlott.<\/span><\/li>\n<\/ul>\n<p>\n<\/p><\/div><div data-bb-version=\"5.2.6\" class=\"bt_bb_separator bt_bb_border_style_none bt_bb_border_color_none bt_bb_top_spacing_none bt_bb_bottom_spacing_normal\" data-bt-override-class=\"{&quot;bt_bb_top_spacing_&quot;:{&quot;current_class&quot;:&quot;bt_bb_top_spacing_none&quot;,&quot;def&quot;:&quot;none&quot;},&quot;bt_bb_bottom_spacing_&quot;:{&quot;current_class&quot;:&quot;bt_bb_bottom_spacing_normal&quot;,&quot;def&quot;:&quot;normal&quot;}}\"><\/div><\/div><\/div><\/div><div data-bb-version=\"5.2.5\" class=\"bt_bb_column col-xxl-6 col-xl-6 col-xs-12 col-sm-6 col-md-6 col-lg-6 bt_bb_vertical_align_top bt_bb_align_left bt_bb_padding_normal bt_bb_animation_fade_in animate bt_bb_details-color_white\" style=\"; --column-width:6;\" data-width=\"6\" data-bt-override-class=\"{&quot;bt_bb_align_&quot;:{&quot;current_class&quot;:&quot;bt_bb_align_left&quot;,&quot;def&quot;:&quot;left&quot;},&quot;bt_bb_padding_&quot;:{&quot;current_class&quot;:&quot;bt_bb_padding_normal&quot;,&quot;def&quot;:&quot;normal&quot;},&quot;bt_bb_animation_&quot;:{&quot;current_class&quot;:&quot;bt_bb_animation_fade_in animate&quot;,&quot;def&quot;:&quot;fade_in animate&quot;}}\"><div class=\"bt_bb_column_content\"><div class=\"bt_bb_column_content_inner\"><div data-bb-version=\"5.2.5\" class=\"bt_bb_image bt_bb_shape_square bt_bb_target_self bt_bb_align_center bt_bb_hover_style_simple bt_bb_content_display_always bt_bb_content_align_center_middle\" style=\"height:200; overflow: hidden;\" data-bt-override-class=\"{&quot;bt_bb_align_&quot;:{&quot;current_class&quot;:&quot;bt_bb_align_center&quot;,&quot;def&quot;:&quot;center&quot;},&quot;bt_bb_content_display_&quot;:{&quot;current_class&quot;:&quot;bt_bb_content_display_always&quot;,&quot;def&quot;:&quot;always&quot;},&quot;bt_bb_animation_&quot;:{&quot;current_class&quot;:&quot;bt_bb_animation_no_animation&quot;,&quot;def&quot;:&quot;no_animation&quot;}}\"><span><img loading=\"lazy\" decoding=\"async\" width=\"1000\" height=\"1000\" src=\"https:\/\/soluzioninaturali.eu\/wp-content\/uploads\/2025\/02\/start.png\" class=\"attachment-full size-full\" alt=\"https:\/\/soluzioninaturali.eu\/wp-content\/uploads\/2025\/02\/start.png\" data-full_image_src=\"https:\/\/soluzioninaturali.eu\/wp-content\/uploads\/2025\/02\/start.png\" title=\"start\" srcset=\"https:\/\/soluzioninaturali.eu\/wp-content\/uploads\/2025\/02\/start.png 1000w, https:\/\/soluzioninaturali.eu\/wp-content\/uploads\/2025\/02\/start-640x640.png 640w, https:\/\/soluzioninaturali.eu\/wp-content\/uploads\/2025\/02\/start-160x160.png 160w, https:\/\/soluzioninaturali.eu\/wp-content\/uploads\/2025\/02\/start-768x768.png 768w, https:\/\/soluzioninaturali.eu\/wp-content\/uploads\/2025\/02\/start-320x320.png 320w\" sizes=\"auto, (max-width: 1000px) 100vw, 1000px\"><\/span><\/div><header data-bb-version=\"5.2.5\" class=\"bt_bb_headline bt_bb_color_scheme_12 bt_bb_dash_top bt_bb_size_normal bt_bb_align_center btNoHeadline\" style=\"; --primary-color:#006097; --secondary-color:#9ac12f;\" data-bt-override-class=\"{&quot;bt_bb_size_&quot;:{&quot;current_class&quot;:&quot;bt_bb_size_normal&quot;,&quot;def&quot;:&quot;normal&quot;},&quot;bt_bb_align_&quot;:{&quot;current_class&quot;:&quot;bt_bb_align_center&quot;,&quot;def&quot;:&quot;center&quot;},&quot;bt_bb_animation_&quot;:{&quot;current_class&quot;:&quot;bt_bb_animation_no_animation&quot;,&quot;def&quot;:&quot;no_animation&quot;}}\"><\/header><div class=\"bt_bb_separator bt_bb_border_style_none bt_bb_bottom_spacing_normal\" data-bt-override-class=\"null\"><\/div><div data-bb-version=\"5.2.6\" class=\"bt_bb_accordion bt_bb_color_scheme_12 bt_bb_style_simple bt_bb_shape_square\" style=\"text-align: justify; hyphens: auto;; --accordion-primary-color:#006097; --accordion-secondary-color:#9ac12f;\" data-closed=\"closed\"><div class=\"bt_bb_accordion_item\"><div class=\"bt_bb_accordion_item_title\"><div class=\"bt_bb_accordion_item_title_content\">What is the com\u00adpo\u00adsit\u00adi\u00adon of the pro\u00adduct?<\/div><\/div><div class=\"bt_bb_accordion_item_content\"><div class=\"bt_bb_text\">\n<ul>\n<li><span style=\"color: #006097;\">A ter\u00adm\u00e9k egy 100%-ig ter\u00adm\u00e9\u00adsze\u00adtes \u00f6ssze\u00adte\u00adv\u0151\u00adket tar\u00adtal\u00adma\u00adz\u00f3 bios\u00adti\u00admu\u00adl\u00e1\u00adtor hat\u00e1\u00ads\u00fa mik\u00adro\u00adbio\u00adl\u00f3\u00adgi\u00adai k\u00e9sz\u00edt\u00adm\u00e9ny.<\/span><\/li>\n<\/ul>\n<p style=\"text-align: justify;\">\n<\/p><\/div>\n<\/div><\/div><div class=\"bt_bb_accordion_item\"><div class=\"bt_bb_accordion_item_title\"><div class=\"bt_bb_accordion_item_title_content\">Is spe\u00adci\u00adal equ\u00adip\u00adment requ\u00adi\u00adred for the app\u00adli\u00adca\u00adti\u00adon of the pro\u00adduct?<\/div><\/div><div class=\"bt_bb_accordion_item_content\"><div class=\"bt_bb_text\">\n<ul>\n<li><span style=\"color: #006097;\">No spe\u00adci\u00adal equ\u00adip\u00adment is requ\u00adi\u00adred for the use of the pro\u00adduct. It is app\u00adli\u00aded to the soil sur\u00adface by aeros\u00adol for\u00adma\u00adti\u00adon using a mecha\u00adni\u00adcal or manu\u00adal spra\u00adyer, depend\u00ading on its inte\u00adgra\u00adti\u00adon into the cul\u00adti\u00adva\u00adti\u00adon tech\u00adno\u00adlogy.<\/span><\/li>\n<\/ul>\n<p style=\"text-align: justify;\">\n<\/p><\/div>\n<\/div><\/div><div class=\"bt_bb_accordion_item\"><div class=\"bt_bb_accordion_item_title\"><div class=\"bt_bb_accordion_item_title_content\">Is the pro\u00adduct ava\u00adi\u00adlab\u00adle in liqu\u00adid or solid form?<\/div><\/div><div class=\"bt_bb_accordion_item_content\"><div class=\"bt_bb_text\">\n<ul>\n<li style=\"text-align: justify;\"><span style=\"color: #006097;\">The pro\u00adduct is sold in liqu\u00adid form.<\/span><\/li>\n<\/ul>\n<p style=\"text-align: justify;\">\n<\/p><\/div>\n<\/div><\/div><div class=\"bt_bb_accordion_item\"><div class=\"bt_bb_accordion_item_title\"><div class=\"bt_bb_accordion_item_title_content\">Can I rece\u00adive pro\u00adfes\u00adsi\u00ado\u00adnal assis\u00adtance regard\u00ading the use of the pro\u00adduct?<\/div><\/div><div class=\"bt_bb_accordion_item_content\"><div class=\"bt_bb_text\">\n<ul>\n<li style=\"text-align: justify;\"><span style=\"color: #006097;\">Yes, our com\u00adpany pro\u00advi\u00addes high-level pro\u00adfes\u00adsi\u00ado\u00adnal assis\u00adtance to our part\u00adners regard\u00ading the app\u00adli\u00adca\u00adti\u00adon of our pro\u00adducts at the fol\u00adlo\u00adwing email add\u00adress:<\/span> <a href=\"mailto:technical@soluzioninaturali.eu\">technical@soluzioninaturali.eu<\/a><\/li>\n<\/ul>\n<p style=\"text-align: justify;\">\n<\/p><\/div>\n<\/div><\/div><\/div><\/div><\/div><\/div><\/div><\/div><\/div><!-- cell_inner --><\/div><!-- cell --><\/div><!-- port --><\/section><section data-bb-version=\"4.9.1\" id=\"bt_bb_section6a05fc84e860a\" class=\"bt_bb_section bt_bb_layout_boxed_1200 bt_bb_top_spacing_normal bt_bb_bottom_spacing_normal\" data-bt-override-class=\"{&quot;bt_bb_top_spacing_&quot;:{&quot;current_class&quot;:&quot;bt_bb_top_spacing_normal&quot;,&quot;def&quot;:&quot;normal&quot;},&quot;bt_bb_bottom_spacing_&quot;:{&quot;current_class&quot;:&quot;bt_bb_bottom_spacing_normal&quot;,&quot;def&quot;:&quot;normal&quot;}}\"><div class=\"bt_bb_port\"><div class=\"bt_bb_cell\"><div class=\"bt_bb_cell_inner\"><div class=\"bt_bb_row\" data-bt-override-class=\"{}\"><div class=\"bt_bb_row_holder\"><div data-bb-version=\"4.9.1\" class=\"bt_bb_column col-xxl-12 col-xl-12 col-xs-12 col-sm-12 col-md-12 col-lg-12 bt_bb_vertical_align_top bt_bb_align_left bt_bb_padding_normal\" style=\"; --column-width:12;\" data-width=\"12\" data-bt-override-class=\"{}\"><div class=\"bt_bb_column_content\"><div class=\"bt_bb_column_content_inner\"><div data-bb-version=\"5.2.5\" class=\"bt_bb_button bt_bb_color_scheme_6 bt_bb_icon_position_right bt_bb_style_filled bt_bb_size_normal bt_bb_width_inline bt_bb_shape_inherit bt_bb_target_self bt_bb_text_transform_inherit bt_bb_align_center\" style=\"; --primary-color:#ffffff; --secondary-color:#9ac12f;\" data-bt-override-class=\"{&quot;bt_bb_size_&quot;:{&quot;current_class&quot;:&quot;bt_bb_size_normal&quot;,&quot;def&quot;:&quot;normal&quot;},&quot;bt_bb_align_&quot;:{&quot;current_class&quot;:&quot;bt_bb_align_center&quot;,&quot;def&quot;:&quot;center&quot;},&quot;bt_bb_animation_&quot;:{&quot;current_class&quot;:&quot;bt_bb_animation_no_animation&quot;,&quot;def&quot;:&quot;no_animation&quot;}}\"><a href=\"https:\/\/soluzioninaturali.eu\/en\/regisztracios-oldal\/\" target=\"_self\" class=\"bt_bb_link\" title=\"DOWNLOAD PDF\"><span class=\"bt_bb_button_text\">DOWNLOAD PDF<\/span><span data-ico-fontawesome5solid=\"\uf1c1\" class=\"bt_bb_icon_holder\"><\/span><\/a><\/div><\/div><\/div><\/div><\/div><\/div><\/div><!-- cell_inner --><\/div><!-- cell --><\/div><!-- port --><\/section>","protected":false},"excerpt":{"rendered":"","protected":false},"author":1,"featured_media":4409,"parent":1596,"menu_order":0,"comment_status":"closed","ping_status":"closed","template":"","meta":{"wp_typography_post_enhancements_disabled":false,"footnotes":""},"class_list":["post-3614","page","type-page","status-publish","has-post-thumbnail","hentry"],"yoast_head":"<!-- This site is optimized with the Yoast SEO Premium plugin v25.2 (Yoast SEO v26.9) - https:\/\/yoast.com\/product\/yoast-seo-premium-wordpress\/ -->\n<title>BactoTerra\u00ae START \u2013 Term\u00e9szetes mikrobiol\u00f3giai talajkondicion\u00e1l\u00f3<\/title>\n<meta name=\"description\" content=\"Fedezze fel a BactoTerra\u00ae START k\u00e9sz\u00edtm\u00e9nyt, amely jav\u00edtja a talaj term\u00e9kenys\u00e9g\u00e9t \u00e9s t\u00e1mogatja n\u00f6v\u00e9nyei eg\u00e9szs\u00e9ges fejl\u0151d\u00e9s\u00e9t.\" \/>\n<meta name=\"robots\" content=\"index, follow, max-snippet:-1, max-image-preview:large, max-video-preview:-1\" \/>\n<link rel=\"canonical\" href=\"https:\/\/soluzioninaturali.eu\/en\/termekek\/bactotop-start\/\" \/>\n<meta property=\"og:locale\" content=\"en_GB\" \/>\n<meta property=\"og:type\" content=\"article\" \/>\n<meta property=\"og:title\" content=\"BactoTerra\u00ae START \u2013 Term\u00e9szetes mikrobiol\u00f3giai talajkondicion\u00e1l\u00f3\" \/>\n<meta property=\"og:description\" content=\"Fedezze fel a BactoTerra\u00ae START k\u00e9sz\u00edtm\u00e9nyt, amely jav\u00edtja a talaj term\u00e9kenys\u00e9g\u00e9t \u00e9s t\u00e1mogatja n\u00f6v\u00e9nyei eg\u00e9szs\u00e9ges fejl\u0151d\u00e9s\u00e9t.\" \/>\n<meta property=\"og:url\" content=\"https:\/\/soluzioninaturali.eu\/en\/termekek\/bactotop-start\/\" \/>\n<meta property=\"og:site_name\" content=\"soluzioninaturali.eu\" \/>\n<meta property=\"article:modified_time\" content=\"2026-01-20T20:23:23+00:00\" \/>\n<meta property=\"og:image\" content=\"https:\/\/soluzioninaturali.eu\/wp-content\/uploads\/2025\/02\/start-card.jpg\" \/>\n\t<meta property=\"og:image:width\" content=\"612\" \/>\n\t<meta property=\"og:image:height\" content=\"772\" \/>\n\t<meta property=\"og:image:type\" content=\"image\/jpeg\" \/>\n<meta name=\"twitter:card\" content=\"summary_large_image\" \/>\n<meta name=\"twitter:title\" content=\"BactoTop\u00ae Start\" \/>\n<meta name=\"twitter:label1\" content=\"Estimated reading time\" \/>\n\t<meta name=\"twitter:data1\" content=\"3 minutes\" \/>\n<script type=\"application\/ld+json\" class=\"yoast-schema-graph\">{\"@context\":\"https:\/\/schema.org\",\"@graph\":[{\"@type\":\"WebPage\",\"@id\":\"https:\/\/soluzioninaturali.eu\/termekek\/bactotop-start\/\",\"url\":\"https:\/\/soluzioninaturali.eu\/termekek\/bactotop-start\/\",\"name\":\"BactoTerra\u00ae START \u2013 Term\u00e9szetes mikrobiol\u00f3giai talajkondicion\u00e1l\u00f3\",\"isPartOf\":{\"@id\":\"https:\/\/soluzioninaturali.eu\/#website\"},\"primaryImageOfPage\":{\"@id\":\"https:\/\/soluzioninaturali.eu\/termekek\/bactotop-start\/#primaryimage\"},\"image\":{\"@id\":\"https:\/\/soluzioninaturali.eu\/termekek\/bactotop-start\/#primaryimage\"},\"thumbnailUrl\":\"https:\/\/soluzioninaturali.eu\/wp-content\/uploads\/2025\/02\/start-card.jpg\",\"datePublished\":\"2025-01-24T23:12:04+00:00\",\"dateModified\":\"2026-01-20T20:23:23+00:00\",\"description\":\"Fedezze fel a BactoTerra\u00ae START k\u00e9sz\u00edtm\u00e9nyt, amely jav\u00edtja a talaj term\u00e9kenys\u00e9g\u00e9t \u00e9s t\u00e1mogatja n\u00f6v\u00e9nyei eg\u00e9szs\u00e9ges fejl\u0151d\u00e9s\u00e9t.\",\"breadcrumb\":{\"@id\":\"https:\/\/soluzioninaturali.eu\/termekek\/bactotop-start\/#breadcrumb\"},\"inLanguage\":\"en-GB\",\"potentialAction\":[{\"@type\":\"ReadAction\",\"target\":[\"https:\/\/soluzioninaturali.eu\/termekek\/bactotop-start\/\"]}]},{\"@type\":\"ImageObject\",\"inLanguage\":\"en-GB\",\"@id\":\"https:\/\/soluzioninaturali.eu\/termekek\/bactotop-start\/#primaryimage\",\"url\":\"https:\/\/soluzioninaturali.eu\/wp-content\/uploads\/2025\/02\/start-card.jpg\",\"contentUrl\":\"https:\/\/soluzioninaturali.eu\/wp-content\/uploads\/2025\/02\/start-card.jpg\",\"width\":612,\"height\":772},{\"@type\":\"BreadcrumbList\",\"@id\":\"https:\/\/soluzioninaturali.eu\/termekek\/bactotop-start\/#breadcrumb\",\"itemListElement\":[{\"@type\":\"ListItem\",\"position\":1,\"name\":\"Kezd\u0151lap\",\"item\":\"https:\/\/soluzioninaturali.eu\/\"},{\"@type\":\"ListItem\",\"position\":2,\"name\":\"Term\u00e9kek\",\"item\":\"https:\/\/soluzioninaturali.eu\/termekek\/\"},{\"@type\":\"ListItem\",\"position\":3,\"name\":\"BactoTop\u00ae Start\"}]},{\"@type\":\"WebSite\",\"@id\":\"https:\/\/soluzioninaturali.eu\/#website\",\"url\":\"https:\/\/soluzioninaturali.eu\/\",\"name\":\"soluzioninaturali.eu\",\"description\":\"Soluzioni Naturali Kft\",\"potentialAction\":[{\"@type\":\"SearchAction\",\"target\":{\"@type\":\"EntryPoint\",\"urlTemplate\":\"https:\/\/soluzioninaturali.eu\/?s={search_term_string}\"},\"query-input\":{\"@type\":\"PropertyValueSpecification\",\"valueRequired\":true,\"valueName\":\"search_term_string\"}}],\"inLanguage\":\"en-GB\"}]}<\/script>\n<!-- \/ Yoast SEO Premium plugin. -->","yoast_head_json":{"title":"Bac\u00adto\u00adTer\u00adra\u00ae START \u2013 Ter\u00adm\u00e9\u00adsze\u00adtes mik\u00adro\u00adbio\u00adl\u00f3\u00adgi\u00adai talaj\u00adkon\u00addi\u00adci\u00ado\u00adn\u00e1\u00adl\u00f3","description":"Fedez\u00adze fel a Bac\u00adto\u00adTer\u00adra\u00ae START k\u00e9sz\u00edt\u00adm\u00e9nyt, amely jav\u00edt\u00adja a talaj ter\u00adm\u00e9\u00adkeny\u00ads\u00e9\u00adg\u00e9t \u00e9s t\u00e1mo\u00adgat\u00adja n\u00f6v\u00e9\u00adnyei eg\u00e9sz\u00ads\u00e9\u00adges fej\u00adl\u0151\u00add\u00e9\u00ads\u00e9t.","robots":{"index":"index","follow":"follow","max-snippet":"max-snippet:-1","max-image-preview":"max-image-preview:large","max-video-preview":"max-video-preview:-1"},"canonical":"https:\/\/soluzioninaturali.eu\/en\/termekek\/bactotop-start\/","og_locale":"en_GB","og_type":"article","og_title":"BactoTerra\u00ae START \u2013 Term\u00e9szetes mikrobiol\u00f3giai talajkondicion\u00e1l\u00f3","og_description":"Fedezze fel a BactoTerra\u00ae START k\u00e9sz\u00edtm\u00e9nyt, amely jav\u00edtja a talaj term\u00e9kenys\u00e9g\u00e9t \u00e9s t\u00e1mogatja n\u00f6v\u00e9nyei eg\u00e9szs\u00e9ges fejl\u0151d\u00e9s\u00e9t.","og_url":"https:\/\/soluzioninaturali.eu\/en\/termekek\/bactotop-start\/","og_site_name":"soluzioninaturali.eu","article_modified_time":"2026-01-20T20:23:23+00:00","og_image":[{"width":612,"height":772,"url":"https:\/\/soluzioninaturali.eu\/wp-content\/uploads\/2025\/02\/start-card.jpg","type":"image\/jpeg"}],"twitter_card":"summary_large_image","twitter_title":"BactoTop\u00ae Start","twitter_misc":{"Estimated reading time":"3 minutes"},"schema":{"@context":"https:\/\/schema.org","@graph":[{"@type":"WebPage","@id":"https:\/\/soluzioninaturali.eu\/termekek\/bactotop-start\/","url":"https:\/\/soluzioninaturali.eu\/termekek\/bactotop-start\/","name":"Bac\u00adto\u00adTer\u00adra\u00ae START \u2013 Ter\u00adm\u00e9\u00adsze\u00adtes mik\u00adro\u00adbio\u00adl\u00f3\u00adgi\u00adai talaj\u00adkon\u00addi\u00adci\u00ado\u00adn\u00e1\u00adl\u00f3","isPartOf":{"@id":"https:\/\/soluzioninaturali.eu\/#website"},"primaryImageOfPage":{"@id":"https:\/\/soluzioninaturali.eu\/termekek\/bactotop-start\/#primaryimage"},"image":{"@id":"https:\/\/soluzioninaturali.eu\/termekek\/bactotop-start\/#primaryimage"},"thumbnailUrl":"https:\/\/soluzioninaturali.eu\/wp-content\/uploads\/2025\/02\/start-card.jpg","datePublished":"2025-01-24T23:12:04+00:00","dateModified":"2026-01-20T20:23:23+00:00","description":"Fedez\u00adze fel a Bac\u00adto\u00adTer\u00adra\u00ae START k\u00e9sz\u00edt\u00adm\u00e9nyt, amely jav\u00edt\u00adja a talaj ter\u00adm\u00e9\u00adkeny\u00ads\u00e9\u00adg\u00e9t \u00e9s t\u00e1mo\u00adgat\u00adja n\u00f6v\u00e9\u00adnyei eg\u00e9sz\u00ads\u00e9\u00adges fej\u00adl\u0151\u00add\u00e9\u00ads\u00e9t.","breadcrumb":{"@id":"https:\/\/soluzioninaturali.eu\/termekek\/bactotop-start\/#breadcrumb"},"inLanguage":"en-GB","potentialAction":[{"@type":"ReadAction","target":["https:\/\/soluzioninaturali.eu\/termekek\/bactotop-start\/"]}]},{"@type":"ImageObject","inLanguage":"en-GB","@id":"https:\/\/soluzioninaturali.eu\/termekek\/bactotop-start\/#primaryimage","url":"https:\/\/soluzioninaturali.eu\/wp-content\/uploads\/2025\/02\/start-card.jpg","contentUrl":"https:\/\/soluzioninaturali.eu\/wp-content\/uploads\/2025\/02\/start-card.jpg","width":612,"height":772},{"@type":"BreadcrumbList","@id":"https:\/\/soluzioninaturali.eu\/termekek\/bactotop-start\/#breadcrumb","itemListElement":[{"@type":"ListItem","position":1,"name":"Kezd\u0151lap","item":"https:\/\/soluzioninaturali.eu\/"},{"@type":"ListItem","position":2,"name":"Term\u00e9kek","item":"https:\/\/soluzioninaturali.eu\/termekek\/"},{"@type":"ListItem","position":3,"name":"BactoTop\u00ae Start"}]},{"@type":"WebSite","@id":"https:\/\/soluzioninaturali.eu\/#website","url":"https:\/\/soluzioninaturali.eu\/","name":"soluzioninaturali.eu","description":"Solu\u00adzi\u00ado\u00adni Natu\u00adra\u00adli Kft","potentialAction":[{"@type":"SearchAction","target":{"@type":"EntryPoint","urlTemplate":"https:\/\/soluzioninaturali.eu\/?s={search_term_string}"},"query-input":{"@type":"PropertyValueSpecification","valueRequired":true,"valueName":"search_term_string"}}],"inLanguage":"en-GB"}]}},"_links":{"self":[{"href":"https:\/\/soluzioninaturali.eu\/en\/wp-json\/wp\/v2\/pages\/3614","targetHints":{"allow":["GET"]}}],"collection":[{"href":"https:\/\/soluzioninaturali.eu\/en\/wp-json\/wp\/v2\/pages"}],"about":[{"href":"https:\/\/soluzioninaturali.eu\/en\/wp-json\/wp\/v2\/types\/page"}],"author":[{"embeddable":true,"href":"https:\/\/soluzioninaturali.eu\/en\/wp-json\/wp\/v2\/users\/1"}],"replies":[{"embeddable":true,"href":"https:\/\/soluzioninaturali.eu\/en\/wp-json\/wp\/v2\/comments?post=3614"}],"version-history":[{"count":66,"href":"https:\/\/soluzioninaturali.eu\/en\/wp-json\/wp\/v2\/pages\/3614\/revisions"}],"predecessor-version":[{"id":4999,"href":"https:\/\/soluzioninaturali.eu\/en\/wp-json\/wp\/v2\/pages\/3614\/revisions\/4999"}],"up":[{"embeddable":true,"href":"https:\/\/soluzioninaturali.eu\/en\/wp-json\/wp\/v2\/pages\/1596"}],"wp:featuredmedia":[{"embeddable":true,"href":"https:\/\/soluzioninaturali.eu\/en\/wp-json\/wp\/v2\/media\/4409"}],"wp:attachment":[{"href":"https:\/\/soluzioninaturali.eu\/en\/wp-json\/wp\/v2\/media?parent=3614"}],"curies":[{"name":"wp","href":"https:\/\/api.w.org\/{rel}","templated":true}]}}