{"id":3615,"date":"2025-01-25T00:12:14","date_gmt":"2025-01-24T23:12:14","guid":{"rendered":"https:\/\/soluzioninaturali.eu\/?page_id=3615"},"modified":"2026-01-20T21:23:09","modified_gmt":"2026-01-20T20:23:09","slug":"bactotop-plant","status":"publish","type":"page","link":"https:\/\/soluzioninaturali.eu\/en\/termekek\/bactotop-plant\/","title":{"rendered":"BACTOTOP\u00aePLANT"},"content":{"rendered":"<p><\/p><section id=\"bt_bb_section6a05fc6e45fbd\" class=\"bt_bb_section bt_bb_color_scheme_10 bt_bb_layout_boxed_1300 bt_bb_vertical_align_top bt_bb_top_spacing_large bt_bb_bottom_spacing_large\" style=\"; --section-primary-color:#ffffff; --section-secondary-color:#006097;\" data-bt-override-class=\"{&quot;bt_bb_bottom_spacing_&quot;:{&quot;current_class&quot;:&quot;bt_bb_bottom_spacing_large&quot;,&quot;def&quot;:&quot;large&quot;}}\"><div class=\"bt_bb_background_image_holder_wrapper\"><div class=\"bt_bb_background_image_holder bt_bb_parallax\" data-parallax=\"0.7\" data-parallax-offset=\"0\" data-parallax-zoom-start=\"1\" data-parallax-zoom-end=\"1\" data-parallax-blur-start=\"0\" data-parallax-blur-end=\"0\" data-parallax-opacity-start=\"1\" data-parallax-opacity-end=\"1\" style=\" background-image:url('https:\/\/soluzioninaturali.eu\/wp-content\/uploads\/2025\/02\/bacto2.jpg');\"><\/div><\/div><div class=\"bt_bb_port\"><div class=\"bt_bb_cell\"><div class=\"bt_bb_cell_inner\"><div class=\"bt_bb_row\" data-bt-override-class=\"{}\"><div class=\"bt_bb_row_holder\"><div data-bb-version=\"5.2.6\" class=\"bt_bb_column col-xxl-4 col-xl-4 col-xs-12 col-sm-12 col-md-12 col-lg-4 bt_bb_vertical_align_middle bt_bb_align_left bt_bb_padding_normal bt_bb_animation_fade_in animate bt_bb_details-color_white\" style=\"text-align: justify;; --column-width:4;\" data-width=\"4\" data-bt-override-class=\"{&quot;bt_bb_align_&quot;:{&quot;current_class&quot;:&quot;bt_bb_align_left&quot;,&quot;def&quot;:&quot;left&quot;},&quot;bt_bb_padding_&quot;:{&quot;current_class&quot;:&quot;bt_bb_padding_normal&quot;,&quot;def&quot;:&quot;normal&quot;},&quot;bt_bb_animation_&quot;:{&quot;current_class&quot;:&quot;bt_bb_animation_fade_in animate&quot;,&quot;def&quot;:&quot;fade_in animate&quot;}}\"><div class=\"bt_bb_column_content\"><div class=\"bt_bb_column_content_inner\"><header data-bb-version=\"5.5.9\" class=\"bt_bb_headline bt_bb_font_weight_medium bt_bb_dash_top bt_bb_superheadline bt_bb_subheadline bt_bb_size_large bt_bb_align_inherit\" style=\"text-align: justify;\" data-bt-override-class=\"{&quot;bt_bb_size_&quot;:{&quot;current_class&quot;:&quot;bt_bb_size_large&quot;,&quot;def&quot;:&quot;large&quot;},&quot;bt_bb_align_&quot;:{&quot;current_class&quot;:&quot;bt_bb_align_inherit&quot;,&quot;def&quot;:&quot;inherit&quot;},&quot;bt_bb_animation_&quot;:{&quot;current_class&quot;:&quot;bt_bb_animation_no_animation&quot;,&quot;def&quot;:&quot;no_animation&quot;}}\"><h1 class=\"bt_bb_headline_tag\"><span class=\"bt_bb_headline_superheadline\">BactoTop\u00ae<\/span><span class=\"bt_bb_headline_content\"><span>Plant<\/span><\/span><\/h1><div class=\"bt_bb_headline_subheadline\">Bac\u00adto\u00adTop PLANT<sup>\u00ae<\/sup> Con\u00adta\u00adins bac\u00adte\u00adria that pro\u00addu\u00adce fer\u00admen\u00adted nut\u00adri\u00adents and plant-con\u00addi\u00adtion\u00ading com\u00adpo\u00adnents<\/div><\/header><\/div><\/div><\/div><div class=\"bt_bb_column col-xxl-4 col-xl-4 col-xs-12 col-sm-12 col-md-12 col-lg-4 bt_bb_vertical_align_top bt_bb_align_left bt_bb_padding_normal\" style=\"; --column-width:4;\" data-width=\"4\" data-bt-override-class=\"{}\"><div class=\"bt_bb_column_content\"><div class=\"bt_bb_column_content_inner\"><\/div><\/div><\/div><div class=\"bt_bb_column col-xxl-4 col-xl-4 col-xs-12 col-sm-12 col-md-12 col-lg-4 bt_bb_vertical_align_top bt_bb_align_left bt_bb_padding_normal\" style=\"; --column-width:4;\" data-width=\"4\" data-bt-override-class=\"{}\"><div class=\"bt_bb_column_content\"><div class=\"bt_bb_column_content_inner\"><\/div><\/div><\/div><\/div><\/div><\/div><!-- cell_inner --><\/div><!-- cell --><\/div><!-- port --><\/section><section id=\"bt_bb_section6a05fc6e464d9\" class=\"bt_bb_section bt_bb_layout_boxed_1200 bt_bb_vertical_align_top bt_bb_top_spacing_medium bt_bb_bottom_spacing_medium bt_bb_section_allow_content_outside\" data-bt-override-class=\"null\"><div class=\"bt_bb_port\"><div class=\"bt_bb_cell\"><div class=\"bt_bb_cell_inner\"><div class=\"bt_bb_row\" data-bt-override-class=\"{}\"><div class=\"bt_bb_row_holder\"><div class=\"bt_bb_column col-xxl-6 col-xl-6 col-xs-12 col-sm-6 col-md-6 col-lg-6 bt_bb_vertical_align_top bt_bb_align_left bt_bb_padding_double bt_bb_animation_fade_in animate\" style=\"; --column-width:6;\" data-width=\"6\" data-bt-override-class=\"{}\"><div class=\"bt_bb_column_content\"><div class=\"bt_bb_column_content_inner\"><header data-bb-version=\"5.5.9\" class=\"bt_bb_headline bt_bb_color_scheme_12 bt_bb_dash_top bt_bb_size_normal bt_bb_align_inherit\" style=\"; --primary-color:#006097; --secondary-color:#9ac12f;\" data-bt-override-class=\"{}\"><h3 class=\"bt_bb_headline_tag\"><span class=\"bt_bb_headline_content\"><span>Why do we recommend our<br><br>\nBactoTop<sup>\u00ae<\/sup> PLANT product?<\/span><\/span><\/h3><\/header><div class=\"bt_bb_separator bt_bb_border_style_none bt_bb_bottom_spacing_normal\" data-bt-override-class=\"null\"><\/div><div class=\"bt_bb_text\">\n<ul>\n<li style=\"text-align: justify;\"><span style=\"color: #006097;\">A Bac\u00adto\u00adTop<sup>\u00ae<\/sup>Plant egy lev\u00e9l\u00adtr\u00e1\u00adgya, mely egy\u00adben ter\u00adm\u00e9\u00adsze\u00adtes mik\u00adro\u00adbio\u00adl\u00f3\u00adgi\u00adai hozam\u00adfo\u00adko\u00adz\u00f3 is.<\/span><\/li>\n<li style=\"text-align: justify;\"><span style=\"color: #006097;\">Fer\u00admen\u00adt\u00e1lt t\u00e1p\u00adanya\u00adgo\u00adkat, n\u00f6v\u00e9ny\u00adkon\u00addi\u00adci\u00ado\u00adn\u00e1\u00adl\u00f3 hat\u00e1\u00ads\u00fa kom\u00adpo\u00adnen\u00adse\u00adket ter\u00adme\u00adl\u0151 bak\u00adt\u00e9\u00adri\u00adu\u00admo\u00adkat tar\u00adtal\u00admaz.<\/span><\/li>\n<li style=\"text-align: justify;\"><span style=\"color: #006097;\">Hasz\u00adn\u00e1\u00adla\u00adt\u00e1\u00adval eg\u00e9sz\u00ads\u00e9\u00adge\u00adsebb, \u00e9let\u00adk\u00e9\u00adpe\u00adsebb n\u00f6v\u00e9\u00adnye\u00adket kapunk, a hozam\u00adra \u00e9s a min\u0151\u00ads\u00e9\u00adgi muta\u00adt\u00f3k\u00adra is pozi\u00adt\u00edv hat\u00e1s\u00adsal van.<\/span><\/li>\n<li style=\"text-align: justify;\"><span style=\"color: #006097;\">A nap b\u00e1r\u00admely sza\u00adka\u00adsz\u00e1\u00adban biz\u00adton\u00ads\u00e1\u00adgo\u00adsan kijut\u00adtat\u00adha\u00adt\u00f3, a szer nem per\u00adzsel.<\/span><\/li>\n<li style=\"text-align: justify;\"><span style=\"color: #006097;\"><span style=\"color: #006097;\">Alkal\u00adma\u00adz\u00e1\u00adsa a lev\u00e9l\u00adre, n\u00f6v\u00e9ny\u00adkul\u00adt\u00fa\u00adr\u00e1\u00adt\u00f3l f\u00fcg\u00adg\u0151\u00aden, de jel\u00adlem\u00adz\u0151\u00aden a z\u00f6ld\u00adt\u00f6\u00admeg meg\u00adje\u00adle\u00adn\u00e9\u00adse\u00adkor aj\u00e1n\u00adlott.<\/span><\/span><\/li>\n<\/ul>\n<p style=\"text-align: justify;\">\n<\/p><\/div><div data-bb-version=\"5.2.6\" class=\"bt_bb_separator bt_bb_border_style_none bt_bb_border_color_none bt_bb_top_spacing_none bt_bb_bottom_spacing_normal\" data-bt-override-class=\"{&quot;bt_bb_top_spacing_&quot;:{&quot;current_class&quot;:&quot;bt_bb_top_spacing_none&quot;,&quot;def&quot;:&quot;none&quot;},&quot;bt_bb_bottom_spacing_&quot;:{&quot;current_class&quot;:&quot;bt_bb_bottom_spacing_normal&quot;,&quot;def&quot;:&quot;normal&quot;}}\"><\/div><\/div><\/div><\/div><div data-bb-version=\"5.2.5\" class=\"bt_bb_column col-xxl-6 col-xl-6 col-xs-12 col-sm-6 col-md-6 col-lg-6 bt_bb_vertical_align_top bt_bb_align_left bt_bb_padding_normal bt_bb_animation_fade_in animate bt_bb_details-color_white\" style=\"; --column-width:6;\" data-width=\"6\" data-bt-override-class=\"{&quot;bt_bb_align_&quot;:{&quot;current_class&quot;:&quot;bt_bb_align_left&quot;,&quot;def&quot;:&quot;left&quot;},&quot;bt_bb_padding_&quot;:{&quot;current_class&quot;:&quot;bt_bb_padding_normal&quot;,&quot;def&quot;:&quot;normal&quot;},&quot;bt_bb_animation_&quot;:{&quot;current_class&quot;:&quot;bt_bb_animation_fade_in animate&quot;,&quot;def&quot;:&quot;fade_in animate&quot;}}\"><div class=\"bt_bb_column_content\"><div class=\"bt_bb_column_content_inner\"><div data-bb-version=\"5.2.5\" class=\"bt_bb_image bt_bb_shape_square bt_bb_target_self bt_bb_align_center bt_bb_hover_style_simple bt_bb_content_display_always bt_bb_content_align_center_middle\" style=\"height:200; overflow: hidden;\" data-bt-override-class=\"{&quot;bt_bb_align_&quot;:{&quot;current_class&quot;:&quot;bt_bb_align_center&quot;,&quot;def&quot;:&quot;center&quot;},&quot;bt_bb_content_display_&quot;:{&quot;current_class&quot;:&quot;bt_bb_content_display_always&quot;,&quot;def&quot;:&quot;always&quot;},&quot;bt_bb_animation_&quot;:{&quot;current_class&quot;:&quot;bt_bb_animation_no_animation&quot;,&quot;def&quot;:&quot;no_animation&quot;}}\"><span><img loading=\"lazy\" decoding=\"async\" width=\"1000\" height=\"1000\" src=\"https:\/\/soluzioninaturali.eu\/wp-content\/uploads\/2025\/02\/bactoterra-plant-2.png\" class=\"attachment-full size-full\" alt=\"https:\/\/soluzioninaturali.eu\/wp-content\/uploads\/2025\/02\/bactoterra-plant-2.png\" data-full_image_src=\"https:\/\/soluzioninaturali.eu\/wp-content\/uploads\/2025\/02\/bactoterra-plant-2.png\" title=\"bactoterra-plant-2\" srcset=\"https:\/\/soluzioninaturali.eu\/wp-content\/uploads\/2025\/02\/bactoterra-plant-2.png 1000w, https:\/\/soluzioninaturali.eu\/wp-content\/uploads\/2025\/02\/bactoterra-plant-2-640x640.png 640w, https:\/\/soluzioninaturali.eu\/wp-content\/uploads\/2025\/02\/bactoterra-plant-2-160x160.png 160w, https:\/\/soluzioninaturali.eu\/wp-content\/uploads\/2025\/02\/bactoterra-plant-2-768x768.png 768w, https:\/\/soluzioninaturali.eu\/wp-content\/uploads\/2025\/02\/bactoterra-plant-2-320x320.png 320w\" sizes=\"auto, (max-width: 1000px) 100vw, 1000px\"><\/span><\/div><div class=\"bt_bb_separator bt_bb_border_style_none bt_bb_bottom_spacing_normal\" data-bt-override-class=\"null\"><\/div><header data-bb-version=\"5.2.5\" class=\"bt_bb_headline bt_bb_color_scheme_12 bt_bb_dash_top bt_bb_size_normal bt_bb_align_center btNoHeadline\" style=\"; --primary-color:#006097; --secondary-color:#9ac12f;\" data-bt-override-class=\"{&quot;bt_bb_size_&quot;:{&quot;current_class&quot;:&quot;bt_bb_size_normal&quot;,&quot;def&quot;:&quot;normal&quot;},&quot;bt_bb_align_&quot;:{&quot;current_class&quot;:&quot;bt_bb_align_center&quot;,&quot;def&quot;:&quot;center&quot;},&quot;bt_bb_animation_&quot;:{&quot;current_class&quot;:&quot;bt_bb_animation_no_animation&quot;,&quot;def&quot;:&quot;no_animation&quot;}}\"><\/header><div data-bb-version=\"5.2.6\" class=\"bt_bb_separator bt_bb_border_style_none bt_bb_border_color_none bt_bb_top_spacing_none bt_bb_bottom_spacing_extra_small\" data-bt-override-class=\"{&quot;bt_bb_top_spacing_&quot;:{&quot;current_class&quot;:&quot;bt_bb_top_spacing_none&quot;,&quot;def&quot;:&quot;none&quot;},&quot;bt_bb_bottom_spacing_&quot;:{&quot;current_class&quot;:&quot;bt_bb_bottom_spacing_extra_small&quot;,&quot;def&quot;:&quot;extra_small&quot;}}\"><\/div><div data-bb-version=\"5.2.6\" class=\"bt_bb_accordion bt_bb_color_scheme_12 bt_bb_style_simple bt_bb_shape_square\" style=\"text-align: justify; hyphens: auto;; --accordion-primary-color:#006097; --accordion-secondary-color:#9ac12f;\" data-closed=\"closed\"><div class=\"bt_bb_accordion_item\"><div class=\"bt_bb_accordion_item_title\"><div class=\"bt_bb_accordion_item_title_content\">What is the com\u00adpo\u00adsit\u00adi\u00adon of the pro\u00adduct?<\/div><\/div><div class=\"bt_bb_accordion_item_content\"><div class=\"bt_bb_text\">\n<ul>\n<li style=\"text-align: justify;\"><span style=\"color: #006097;\">A ter\u00adm\u00e9k egy 100%-ig ter\u00adm\u00e9\u00adsze\u00adtes \u00f6ssze\u00adte\u00adv\u0151\u00adket tar\u00adtal\u00adma\u00adz\u00f3 bios\u00adti\u00admu\u00adl\u00e1\u00adtor hat\u00e1\u00ads\u00fa mik\u00adro\u00adbio\u00adl\u00f3\u00adgi\u00adai k\u00e9sz\u00edt\u00adm\u00e9ny.<\/span><\/li>\n<\/ul>\n<p style=\"text-align: justify;\">\n<\/p><\/div>\n<\/div><\/div><div class=\"bt_bb_accordion_item\"><div class=\"bt_bb_accordion_item_title\"><div class=\"bt_bb_accordion_item_title_content\">Does the pro\u00adduct pose a risk to bees?<\/div><\/div><div class=\"bt_bb_accordion_item_content\"><div class=\"bt_bb_text\">\n<ul>\n<li><span style=\"color: #006097;\">The pro\u00adduct is not harm\u00adful to bees.<\/span><\/li>\n<\/ul>\n<p style=\"text-align: justify;\">\n<\/p><\/div>\n<\/div><\/div><div class=\"bt_bb_accordion_item\"><div class=\"bt_bb_accordion_item_title\"><div class=\"bt_bb_accordion_item_title_content\">Is the pro\u00adduct ava\u00adi\u00adlab\u00adle in liqu\u00adid or solid form?<\/div><\/div><div class=\"bt_bb_accordion_item_content\"><div class=\"bt_bb_text\">\n<ul>\n<li style=\"text-align: justify;\"><span style=\"color: #006097;\">The pro\u00adduct is sold in liqu\u00adid form.<\/span><\/li>\n<\/ul>\n<p style=\"text-align: justify;\">\n<\/p><\/div>\n<\/div><\/div><div class=\"bt_bb_accordion_item\"><div class=\"bt_bb_accordion_item_title\"><div class=\"bt_bb_accordion_item_title_content\">Can I rece\u00adive pro\u00adfes\u00adsi\u00ado\u00adnal assis\u00adtance regard\u00ading the use of the pro\u00adduct?<\/div><\/div><div class=\"bt_bb_accordion_item_content\"><div class=\"bt_bb_text\">\n<ul>\n<li style=\"text-align: justify;\"><span style=\"color: #006097;\">Yes, our com\u00adpany pro\u00advi\u00addes high-level pro\u00adfes\u00adsi\u00ado\u00adnal assis\u00adtance to our part\u00adners regard\u00ading the app\u00adli\u00adca\u00adti\u00adon of our pro\u00adducts at the fol\u00adlo\u00adwing email add\u00adress:<\/span> <a href=\"mailto:technical@soluzioninaturali.eu\">technical@soluzioninaturali.eu<\/a><\/li>\n<\/ul>\n<p style=\"text-align: justify;\">\n<\/p><\/div>\n<\/div><\/div><\/div><\/div><\/div><\/div><\/div><\/div><\/div><!-- cell_inner --><\/div><!-- cell --><\/div><!-- port --><\/section><section data-bb-version=\"4.9.1\" id=\"bt_bb_section6a05fc6e479d9\" class=\"bt_bb_section bt_bb_layout_boxed_1200 bt_bb_top_spacing_normal bt_bb_bottom_spacing_normal\" data-bt-override-class=\"{&quot;bt_bb_top_spacing_&quot;:{&quot;current_class&quot;:&quot;bt_bb_top_spacing_normal&quot;,&quot;def&quot;:&quot;normal&quot;},&quot;bt_bb_bottom_spacing_&quot;:{&quot;current_class&quot;:&quot;bt_bb_bottom_spacing_normal&quot;,&quot;def&quot;:&quot;normal&quot;}}\"><div class=\"bt_bb_port\"><div class=\"bt_bb_cell\"><div class=\"bt_bb_cell_inner\"><div class=\"bt_bb_row\" data-bt-override-class=\"{}\"><div class=\"bt_bb_row_holder\"><div data-bb-version=\"4.9.1\" class=\"bt_bb_column col-xxl-12 col-xl-12 col-xs-12 col-sm-12 col-md-12 col-lg-12 bt_bb_vertical_align_top bt_bb_align_left bt_bb_padding_normal\" style=\"; --column-width:12;\" data-width=\"12\" data-bt-override-class=\"{}\"><div class=\"bt_bb_column_content\"><div class=\"bt_bb_column_content_inner\"><div data-bb-version=\"5.2.5\" class=\"bt_bb_button bt_bb_color_scheme_6 bt_bb_icon_position_right bt_bb_style_filled bt_bb_size_normal bt_bb_width_inline bt_bb_shape_inherit bt_bb_target_self bt_bb_text_transform_inherit bt_bb_align_center\" style=\"; --primary-color:#ffffff; --secondary-color:#9ac12f;\" data-bt-override-class=\"{&quot;bt_bb_size_&quot;:{&quot;current_class&quot;:&quot;bt_bb_size_normal&quot;,&quot;def&quot;:&quot;normal&quot;},&quot;bt_bb_align_&quot;:{&quot;current_class&quot;:&quot;bt_bb_align_center&quot;,&quot;def&quot;:&quot;center&quot;},&quot;bt_bb_animation_&quot;:{&quot;current_class&quot;:&quot;bt_bb_animation_no_animation&quot;,&quot;def&quot;:&quot;no_animation&quot;}}\"><a href=\"https:\/\/soluzioninaturali.eu\/en\/regisztracios-oldal\/\" target=\"_self\" class=\"bt_bb_link\" title=\"DOWNLOAD PDF\"><span class=\"bt_bb_button_text\">DOWNLOAD PDF<\/span><span data-ico-fontawesome5solid=\"\uf1c1\" class=\"bt_bb_icon_holder\"><\/span><\/a><\/div><\/div><\/div><\/div><\/div><\/div><\/div><!-- cell_inner --><\/div><!-- cell --><\/div><!-- port --><\/section>","protected":false},"excerpt":{"rendered":"","protected":false},"author":1,"featured_media":4407,"parent":1596,"menu_order":0,"comment_status":"closed","ping_status":"closed","template":"","meta":{"wp_typography_post_enhancements_disabled":false,"footnotes":""},"class_list":["post-3615","page","type-page","status-publish","has-post-thumbnail","hentry"],"yoast_head":"<!-- This site is optimized with the Yoast SEO Premium plugin v25.2 (Yoast SEO v26.9) - https:\/\/yoast.com\/product\/yoast-seo-premium-wordpress\/ -->\n<title>BactoTerra\u00ae PLANT \u2013 Term\u00e9szetes mikrobiol\u00f3giai lev\u00e9ltr\u00e1gya<\/title>\n<meta name=\"description\" content=\"Fedezze fel a BactoTerra\u00ae PLANT lev\u00e9ltr\u00e1gy\u00e1t, amely term\u00e9szetes m\u00f3don n\u00f6veli n\u00f6v\u00e9nyei eg\u00e9szs\u00e9g\u00e9t \u00e9s hozam\u00e1t.\" \/>\n<meta name=\"robots\" content=\"index, follow, max-snippet:-1, max-image-preview:large, max-video-preview:-1\" \/>\n<link rel=\"canonical\" href=\"https:\/\/soluzioninaturali.eu\/en\/termekek\/bactotop-plant\/\" \/>\n<meta property=\"og:locale\" content=\"en_GB\" \/>\n<meta property=\"og:type\" content=\"article\" \/>\n<meta property=\"og:title\" content=\"BactoTerra\u00ae PLANT \u2013 Term\u00e9szetes mikrobiol\u00f3giai lev\u00e9ltr\u00e1gya\" \/>\n<meta property=\"og:description\" content=\"Fedezze fel a BactoTerra\u00ae PLANT lev\u00e9ltr\u00e1gy\u00e1t, amely term\u00e9szetes m\u00f3don n\u00f6veli n\u00f6v\u00e9nyei eg\u00e9szs\u00e9g\u00e9t \u00e9s hozam\u00e1t.\" \/>\n<meta property=\"og:url\" content=\"https:\/\/soluzioninaturali.eu\/en\/termekek\/bactotop-plant\/\" \/>\n<meta property=\"og:site_name\" content=\"soluzioninaturali.eu\" \/>\n<meta property=\"article:modified_time\" content=\"2026-01-20T20:23:09+00:00\" \/>\n<meta property=\"og:image\" content=\"https:\/\/soluzioninaturali.eu\/wp-content\/uploads\/2025\/02\/bactoterra-plant.jpg\" \/>\n\t<meta property=\"og:image:width\" content=\"612\" \/>\n\t<meta property=\"og:image:height\" content=\"772\" \/>\n\t<meta property=\"og:image:type\" content=\"image\/jpeg\" \/>\n<meta name=\"twitter:card\" content=\"summary_large_image\" \/>\n<meta name=\"twitter:title\" content=\"BACTOTOP\u00aePLANT\" \/>\n<meta name=\"twitter:label1\" content=\"Estimated reading time\" \/>\n\t<meta name=\"twitter:data1\" content=\"2 minutes\" \/>\n<script type=\"application\/ld+json\" class=\"yoast-schema-graph\">{\"@context\":\"https:\/\/schema.org\",\"@graph\":[{\"@type\":\"WebPage\",\"@id\":\"https:\/\/soluzioninaturali.eu\/termekek\/bactotop-plant\/\",\"url\":\"https:\/\/soluzioninaturali.eu\/termekek\/bactotop-plant\/\",\"name\":\"BactoTerra\u00ae PLANT \u2013 Term\u00e9szetes mikrobiol\u00f3giai lev\u00e9ltr\u00e1gya\",\"isPartOf\":{\"@id\":\"https:\/\/soluzioninaturali.eu\/#website\"},\"primaryImageOfPage\":{\"@id\":\"https:\/\/soluzioninaturali.eu\/termekek\/bactotop-plant\/#primaryimage\"},\"image\":{\"@id\":\"https:\/\/soluzioninaturali.eu\/termekek\/bactotop-plant\/#primaryimage\"},\"thumbnailUrl\":\"https:\/\/soluzioninaturali.eu\/wp-content\/uploads\/2025\/02\/bactoterra-plant.jpg\",\"datePublished\":\"2025-01-24T23:12:14+00:00\",\"dateModified\":\"2026-01-20T20:23:09+00:00\",\"description\":\"Fedezze fel a BactoTerra\u00ae PLANT lev\u00e9ltr\u00e1gy\u00e1t, amely term\u00e9szetes m\u00f3don n\u00f6veli n\u00f6v\u00e9nyei eg\u00e9szs\u00e9g\u00e9t \u00e9s hozam\u00e1t.\",\"breadcrumb\":{\"@id\":\"https:\/\/soluzioninaturali.eu\/termekek\/bactotop-plant\/#breadcrumb\"},\"inLanguage\":\"en-GB\",\"potentialAction\":[{\"@type\":\"ReadAction\",\"target\":[\"https:\/\/soluzioninaturali.eu\/termekek\/bactotop-plant\/\"]}]},{\"@type\":\"ImageObject\",\"inLanguage\":\"en-GB\",\"@id\":\"https:\/\/soluzioninaturali.eu\/termekek\/bactotop-plant\/#primaryimage\",\"url\":\"https:\/\/soluzioninaturali.eu\/wp-content\/uploads\/2025\/02\/bactoterra-plant.jpg\",\"contentUrl\":\"https:\/\/soluzioninaturali.eu\/wp-content\/uploads\/2025\/02\/bactoterra-plant.jpg\",\"width\":612,\"height\":772},{\"@type\":\"BreadcrumbList\",\"@id\":\"https:\/\/soluzioninaturali.eu\/termekek\/bactotop-plant\/#breadcrumb\",\"itemListElement\":[{\"@type\":\"ListItem\",\"position\":1,\"name\":\"Kezd\u0151lap\",\"item\":\"https:\/\/soluzioninaturali.eu\/\"},{\"@type\":\"ListItem\",\"position\":2,\"name\":\"Term\u00e9kek\",\"item\":\"https:\/\/soluzioninaturali.eu\/termekek\/\"},{\"@type\":\"ListItem\",\"position\":3,\"name\":\"BACTOTOP\u00aePLANT\"}]},{\"@type\":\"WebSite\",\"@id\":\"https:\/\/soluzioninaturali.eu\/#website\",\"url\":\"https:\/\/soluzioninaturali.eu\/\",\"name\":\"soluzioninaturali.eu\",\"description\":\"Soluzioni Naturali Kft\",\"potentialAction\":[{\"@type\":\"SearchAction\",\"target\":{\"@type\":\"EntryPoint\",\"urlTemplate\":\"https:\/\/soluzioninaturali.eu\/?s={search_term_string}\"},\"query-input\":{\"@type\":\"PropertyValueSpecification\",\"valueRequired\":true,\"valueName\":\"search_term_string\"}}],\"inLanguage\":\"en-GB\"}]}<\/script>\n<!-- \/ Yoast SEO Premium plugin. -->","yoast_head_json":{"title":"Bac\u00adto\u00adTer\u00adra\u00ae PLANT \u2013 Ter\u00adm\u00e9\u00adsze\u00adtes mik\u00adro\u00adbio\u00adl\u00f3\u00adgi\u00adai lev\u00e9l\u00adtr\u00e1\u00adgya","description":"Fedez\u00adze fel a Bac\u00adto\u00adTer\u00adra\u00ae PLANT lev\u00e9l\u00adtr\u00e1\u00adgy\u00e1t, amely ter\u00adm\u00e9\u00adsze\u00adtes m\u00f3don n\u00f6ve\u00adli n\u00f6v\u00e9\u00adnyei eg\u00e9sz\u00ads\u00e9\u00adg\u00e9t \u00e9s hoza\u00adm\u00e1t.","robots":{"index":"index","follow":"follow","max-snippet":"max-snippet:-1","max-image-preview":"max-image-preview:large","max-video-preview":"max-video-preview:-1"},"canonical":"https:\/\/soluzioninaturali.eu\/en\/termekek\/bactotop-plant\/","og_locale":"en_GB","og_type":"article","og_title":"BactoTerra\u00ae PLANT \u2013 Term\u00e9szetes mikrobiol\u00f3giai lev\u00e9ltr\u00e1gya","og_description":"Fedezze fel a BactoTerra\u00ae PLANT lev\u00e9ltr\u00e1gy\u00e1t, amely term\u00e9szetes m\u00f3don n\u00f6veli n\u00f6v\u00e9nyei eg\u00e9szs\u00e9g\u00e9t \u00e9s hozam\u00e1t.","og_url":"https:\/\/soluzioninaturali.eu\/en\/termekek\/bactotop-plant\/","og_site_name":"soluzioninaturali.eu","article_modified_time":"2026-01-20T20:23:09+00:00","og_image":[{"width":612,"height":772,"url":"https:\/\/soluzioninaturali.eu\/wp-content\/uploads\/2025\/02\/bactoterra-plant.jpg","type":"image\/jpeg"}],"twitter_card":"summary_large_image","twitter_title":"BACTOTOP\u00aePLANT","twitter_misc":{"Estimated reading time":"2 minutes"},"schema":{"@context":"https:\/\/schema.org","@graph":[{"@type":"WebPage","@id":"https:\/\/soluzioninaturali.eu\/termekek\/bactotop-plant\/","url":"https:\/\/soluzioninaturali.eu\/termekek\/bactotop-plant\/","name":"Bac\u00adto\u00adTer\u00adra\u00ae PLANT \u2013 Ter\u00adm\u00e9\u00adsze\u00adtes mik\u00adro\u00adbio\u00adl\u00f3\u00adgi\u00adai lev\u00e9l\u00adtr\u00e1\u00adgya","isPartOf":{"@id":"https:\/\/soluzioninaturali.eu\/#website"},"primaryImageOfPage":{"@id":"https:\/\/soluzioninaturali.eu\/termekek\/bactotop-plant\/#primaryimage"},"image":{"@id":"https:\/\/soluzioninaturali.eu\/termekek\/bactotop-plant\/#primaryimage"},"thumbnailUrl":"https:\/\/soluzioninaturali.eu\/wp-content\/uploads\/2025\/02\/bactoterra-plant.jpg","datePublished":"2025-01-24T23:12:14+00:00","dateModified":"2026-01-20T20:23:09+00:00","description":"Fedez\u00adze fel a Bac\u00adto\u00adTer\u00adra\u00ae PLANT lev\u00e9l\u00adtr\u00e1\u00adgy\u00e1t, amely ter\u00adm\u00e9\u00adsze\u00adtes m\u00f3don n\u00f6ve\u00adli n\u00f6v\u00e9\u00adnyei eg\u00e9sz\u00ads\u00e9\u00adg\u00e9t \u00e9s hoza\u00adm\u00e1t.","breadcrumb":{"@id":"https:\/\/soluzioninaturali.eu\/termekek\/bactotop-plant\/#breadcrumb"},"inLanguage":"en-GB","potentialAction":[{"@type":"ReadAction","target":["https:\/\/soluzioninaturali.eu\/termekek\/bactotop-plant\/"]}]},{"@type":"ImageObject","inLanguage":"en-GB","@id":"https:\/\/soluzioninaturali.eu\/termekek\/bactotop-plant\/#primaryimage","url":"https:\/\/soluzioninaturali.eu\/wp-content\/uploads\/2025\/02\/bactoterra-plant.jpg","contentUrl":"https:\/\/soluzioninaturali.eu\/wp-content\/uploads\/2025\/02\/bactoterra-plant.jpg","width":612,"height":772},{"@type":"BreadcrumbList","@id":"https:\/\/soluzioninaturali.eu\/termekek\/bactotop-plant\/#breadcrumb","itemListElement":[{"@type":"ListItem","position":1,"name":"Kezd\u0151lap","item":"https:\/\/soluzioninaturali.eu\/"},{"@type":"ListItem","position":2,"name":"Term\u00e9kek","item":"https:\/\/soluzioninaturali.eu\/termekek\/"},{"@type":"ListItem","position":3,"name":"BACTOTOP\u00aePLANT"}]},{"@type":"WebSite","@id":"https:\/\/soluzioninaturali.eu\/#website","url":"https:\/\/soluzioninaturali.eu\/","name":"soluzioninaturali.eu","description":"Solu\u00adzi\u00ado\u00adni Natu\u00adra\u00adli Kft","potentialAction":[{"@type":"SearchAction","target":{"@type":"EntryPoint","urlTemplate":"https:\/\/soluzioninaturali.eu\/?s={search_term_string}"},"query-input":{"@type":"PropertyValueSpecification","valueRequired":true,"valueName":"search_term_string"}}],"inLanguage":"en-GB"}]}},"_links":{"self":[{"href":"https:\/\/soluzioninaturali.eu\/en\/wp-json\/wp\/v2\/pages\/3615","targetHints":{"allow":["GET"]}}],"collection":[{"href":"https:\/\/soluzioninaturali.eu\/en\/wp-json\/wp\/v2\/pages"}],"about":[{"href":"https:\/\/soluzioninaturali.eu\/en\/wp-json\/wp\/v2\/types\/page"}],"author":[{"embeddable":true,"href":"https:\/\/soluzioninaturali.eu\/en\/wp-json\/wp\/v2\/users\/1"}],"replies":[{"embeddable":true,"href":"https:\/\/soluzioninaturali.eu\/en\/wp-json\/wp\/v2\/comments?post=3615"}],"version-history":[{"count":55,"href":"https:\/\/soluzioninaturali.eu\/en\/wp-json\/wp\/v2\/pages\/3615\/revisions"}],"predecessor-version":[{"id":4998,"href":"https:\/\/soluzioninaturali.eu\/en\/wp-json\/wp\/v2\/pages\/3615\/revisions\/4998"}],"up":[{"embeddable":true,"href":"https:\/\/soluzioninaturali.eu\/en\/wp-json\/wp\/v2\/pages\/1596"}],"wp:featuredmedia":[{"embeddable":true,"href":"https:\/\/soluzioninaturali.eu\/en\/wp-json\/wp\/v2\/media\/4407"}],"wp:attachment":[{"href":"https:\/\/soluzioninaturali.eu\/en\/wp-json\/wp\/v2\/media?parent=3615"}],"curies":[{"name":"wp","href":"https:\/\/api.w.org\/{rel}","templated":true}]}}