{"id":4057,"date":"2025-02-10T12:17:58","date_gmt":"2025-02-10T11:17:58","guid":{"rendered":"https:\/\/soluzioninaturali.eu\/?page_id=4057"},"modified":"2026-01-29T12:40:18","modified_gmt":"2026-01-29T11:40:18","slug":"ipari-biotechnologia","status":"publish","type":"page","link":"https:\/\/soluzioninaturali.eu\/en\/ipari-biotechnologia\/","title":{"rendered":"Indust\u00adri\u00adal <br>Bio\u00adtech\u00adno\u00adlogy"},"content":{"rendered":"<p><\/p><section data-bb-version=\"5.5.9\" id=\"bt_bb_section6a05fd0d2f208\" class=\"bt_bb_section bt_bb_color_scheme_10 bt_bb_layout_boxed_1300 bt_bb_vertical_align_top bt_bb_top_spacing_large bt_bb_bottom_spacing_large\" style=\"; --section-primary-color:#ffffff; --section-secondary-color:#006097;\" data-bt-override-class=\"{&quot;bt_bb_top_spacing_&quot;:{&quot;current_class&quot;:&quot;bt_bb_top_spacing_large&quot;,&quot;def&quot;:&quot;large&quot;},&quot;bt_bb_bottom_spacing_&quot;:{&quot;current_class&quot;:&quot;bt_bb_bottom_spacing_large&quot;,&quot;def&quot;:&quot;large&quot;},&quot;bt_bb_animation_&quot;:{&quot;current_class&quot;:&quot;bt_bb_animation_no_animation&quot;,&quot;def&quot;:&quot;no_animation&quot;}}\"><div class=\"bt_bb_background_image_holder_wrapper\"><div class=\"bt_bb_background_image_holder bt_bb_parallax\" data-parallax=\"0.7\" data-parallax-offset=\"0\" data-parallax-zoom-start=\"1\" data-parallax-zoom-end=\"1\" data-parallax-blur-start=\"0\" data-parallax-blur-end=\"0\" data-parallax-opacity-start=\"1\" data-parallax-opacity-end=\"1\" style=\" background-image:url('https:\/\/soluzioninaturali.eu\/wp-content\/uploads\/2026\/01\/terpenek.webp');\"><\/div><\/div><div class=\"bt_bb_port\"><div class=\"bt_bb_cell\"><div class=\"bt_bb_cell_inner\"><div class=\"bt_bb_row\" data-bt-override-class=\"{}\"><div class=\"bt_bb_row_holder\"><div class=\"bt_bb_column col-xxl-8 col-xl-8 bt_bb_vertical_align_middle bt_bb_align_left bt_bb_padding_normal bt_bb_animation_fade_in animate\" style=\"; --column-width:8;\" data-width=\"8\" data-bt-override-class=\"{}\"><div class=\"bt_bb_column_content\"><div class=\"bt_bb_column_content_inner\"><div data-bb-version=\"4.9.1\" class=\"bt_bb_separator bt_bb_border_style_none bt_bb_top_spacing_none bt_bb_bottom_spacing_small\" data-bt-override-class=\"{&quot;bt_bb_top_spacing_&quot;:{&quot;current_class&quot;:&quot;bt_bb_top_spacing_none&quot;,&quot;def&quot;:&quot;none&quot;},&quot;bt_bb_bottom_spacing_&quot;:{&quot;current_class&quot;:&quot;bt_bb_bottom_spacing_small&quot;,&quot;def&quot;:&quot;small&quot;}}\"><\/div><header data-bb-version=\"5.5.9\" class=\"bt_bb_headline bt_bb_font_weight_medium bt_bb_dash_top bt_bb_size_large bt_bb_align_inherit\" data-bt-override-class=\"{&quot;bt_bb_size_&quot;:{&quot;current_class&quot;:&quot;bt_bb_size_large&quot;,&quot;def&quot;:&quot;large&quot;},&quot;bt_bb_align_&quot;:{&quot;current_class&quot;:&quot;bt_bb_align_inherit&quot;,&quot;def&quot;:&quot;inherit&quot;},&quot;bt_bb_animation_&quot;:{&quot;current_class&quot;:&quot;bt_bb_animation_no_animation&quot;,&quot;def&quot;:&quot;no_animation&quot;}}\"><h1 class=\"bt_bb_headline_tag\"><span class=\"bt_bb_headline_content\"><span>Biosynthetic geranium<br><br>\nterpene oil<\/span><\/span><\/h1><\/header><div data-bb-version=\"4.9.1\" class=\"bt_bb_separator bt_bb_border_style_none bt_bb_top_spacing_extra_small bt_bb_bottom_spacing_small\" data-bt-override-class=\"{&quot;bt_bb_top_spacing_&quot;:{&quot;current_class&quot;:&quot;bt_bb_top_spacing_extra_small&quot;,&quot;def&quot;:&quot;extra_small&quot;},&quot;bt_bb_bottom_spacing_&quot;:{&quot;current_class&quot;:&quot;bt_bb_bottom_spacing_small&quot;,&quot;def&quot;:&quot;small&quot;}}\"><\/div><\/div><\/div><\/div><div class=\"bt_bb_column col-xxl-4 col-xl-4 bt_bb_vertical_align_top bt_bb_align_left bt_bb_padding_normal\" style=\"; --column-width:4;\" data-width=\"4\" data-bt-override-class=\"{}\"><div class=\"bt_bb_column_content\"><div class=\"bt_bb_column_content_inner\"><\/div><\/div><\/div><\/div><\/div><\/div><!-- cell_inner --><\/div><!-- cell --><\/div><!-- port --><\/section><section data-bb-version=\"4.9.1\" id=\"bt_bb_section6a05fd0d2faa5\" class=\"bt_bb_section bt_bb_layout_boxed_1200 bt_bb_top_spacing_large bt_bb_bottom_spacing_large\" data-bt-override-class=\"{&quot;bt_bb_top_spacing_&quot;:{&quot;current_class&quot;:&quot;bt_bb_top_spacing_large&quot;,&quot;def&quot;:&quot;large&quot;},&quot;bt_bb_bottom_spacing_&quot;:{&quot;current_class&quot;:&quot;bt_bb_bottom_spacing_large&quot;,&quot;def&quot;:&quot;large&quot;}}\"><div class=\"bt_bb_port\"><div class=\"bt_bb_cell\"><div class=\"bt_bb_cell_inner\"><div class=\"bt_bb_row\" data-bt-override-class=\"{}\"><div class=\"bt_bb_row_holder\"><div data-bb-version=\"4.9.1\" class=\"bt_bb_column col-xxl-12 col-xl-12 col-xs-12 col-sm-12 col-md-12 col-lg-12 bt_bb_vertical_align_top bt_bb_align_left bt_bb_padding_normal\" style=\"; --column-width:12;\" data-width=\"12\" data-bt-override-class=\"{}\"><div class=\"bt_bb_column_content\"><div class=\"bt_bb_column_content_inner\"><div data-bb-version=\"4.9.1\" class=\"bt_bb_text\">\n<h3><span style=\"color: #006097;\"><strong>Biosynthetic geranium terpene oil as a sustainable alternative <\/strong><\/span><\/h3>\n<p>&nbsp;<\/p>\n<p><span style=\"color: #006097;\"><strong>A GERANIOL<\/strong><\/span><\/p>\n<p><span style=\"color: #006097;\">Ger\u00adani\u00adol is a natu\u00adrally occur\u00adr\u00ading, vola\u00adti\u00adle ter\u00adpe\u00adne-alco\u00adhol and a major cons\u00adti\u00adtu\u00adent of seve\u00adral essen\u00adti\u00adal oils. It is found in the hig\u00adhest con\u00adcentra\u00adtions in rose, ger\u00adani\u00adum and cit\u00adro\u00adnel\u00adla plants. Due to its ple\u00adas\u00adant flo\u00adral and slightly cit\u00adrus-like scent, it is widely used in the frag\u00adrance industry. It is a com\u00admon ing\u00adre\u00addi\u00adent in per\u00adfu\u00admes, cos\u00adme\u00adtics, soaps and per\u00adso\u00adnal care pro\u00adducts.<\/span><\/p>\n<p><span style=\"color: #006097;\">In the food industry, ger\u00adani\u00adol is used as a fla\u00advor\u00ading agent in con\u00adfec\u00adti\u00ado\u00adnery, bever\u00adages and che\u00adwing gum. Ger\u00adani\u00adol also has natu\u00adral insect-rep\u00adel\u00adlent proper\u00adti\u00ades, offe\u00adring an envi\u00adron\u00admen\u00adtal\u00adly fri\u00adendly alter\u00adna\u00adtive for mos\u00adqu\u00adi\u00adto and insect cont\u00adrol pro\u00adducts.<\/span><\/p>\n<p><span style=\"color: #006097;\">Owing to its anti\u00admic\u00adro\u00adbi\u00adal effects, its poten\u00adti\u00adal use in dis\u00adin\u00adfec\u00adtants and pre\u00adser\u00adva\u00adtive app\u00adli\u00adca\u00adtions is being exp\u00adlor\u00aded. Phar\u00adma\u00adce\u00adu\u00adti\u00adcal rese\u00adarch has also investiga\u00adted its poten\u00adti\u00adal anti-inflam\u00adma\u00adto\u00adry and anti-can\u00adcer proper\u00adti\u00ades, mak\u00ading ger\u00adani\u00adol at once a frag\u00adrance ing\u00adre\u00addi\u00adent, a func\u00adti\u00ado\u00adnal addi\u00adtive and a bio\u00adlog\u00adi\u00adcally active com\u00adpo\u00adund.<\/span><\/p>\n<p><span style=\"color: #006097;\"><strong>GERANIUM TERPENE OIL<\/strong><\/span><\/p>\n<p><span style=\"color: #006097;\"><strong>Ger\u00adani\u00adum ter\u00adpe\u00adne oil can be pro\u00addu\u00adced via three rou\u00adtes: natu\u00adral plant ext\u00adrac\u00adti\u00adon, synt\u00adhe\u00adtic pet\u00adro\u00adche\u00admi\u00adcal pro\u00adces\u00adses, and biosynt\u00adhe\u00adtic pro\u00adduc\u00adti\u00adon. In line with this, our com\u00adpany manu\u00adfac\u00adtu\u00adres biosynt\u00adhe\u00adtic ger\u00adani\u00adum ter\u00adpe\u00adne oil.<\/strong><\/span><\/p>\n<ul>\n<li><span style=\"color: #006097;\">\u2022 Synt\u00adhe\u00adtic ger\u00adani\u00adum ter\u00adpe\u00adne oil  is pro\u00addu\u00adced from pet\u00adro\u00adche\u00admi\u00adcal feeds\u00adtocks thro\u00adugh mul\u00adti-step che\u00admi\u00adcal reac\u00adtions invol\u00adving orga\u00adnic sol\u00advents and the use of sig\u00adni\u00adfi\u00adcant fos\u00adsil energy.<\/span><\/li>\n<li><span style=\"color: #006097;\"><strong>Biosynt\u00adhe\u00adtic ger\u00adani\u00adum ter\u00adpe\u00adne oil, by cont\u00adrast, is pro\u00addu\u00adced thro\u00adugh mic\u00adro\u00adbi\u00adal fer\u00admen\u00adta\u00adti\u00adon using a spe\u00adci\u00adfi\u00adcally selec\u00adted, natu\u00adral wild yea\u00adst stra\u00adin, rep\u00adre\u00adsent\u00ading a bio\u00adtech\u00adno\u00adlog\u00adi\u00adcal pro\u00adcess that yields a final pro\u00adduct that is mole\u00adcu\u00adlarly iden\u00adti\u00adcal but non-fos\u00adsil in ori\u00adgin.<\/strong><\/span><\/li>\n<li><span style=\"color: #006097;\">The bio\u00adtech\u00adno\u00adlog\u00adi\u00adcal pro\u00adcess does not requ\u00adi\u00adre pet\u00adro\u00adche\u00admi\u00adcal or fos\u00adsil feeds\u00adtocks nor high-tem\u00adpe\u00adra\u00adtu\u00adre reac\u00adtions, result\u00ading in enti\u00adrely dif\u00adfe\u00adrent sus\u00adta\u00adi\u00adna\u00adbi\u00adlity and envi\u00adron\u00admen\u00adtal per\u00adfor\u00admance para\u00adme\u00adters.<\/span><\/li>\n<li><span style=\"color: #006097;\"><strong>The ger\u00adani\u00adum ter\u00adpe\u00adne oil  we pro\u00addu\u00adce has app\u00adro\u00adxi\u00adma\u00adtely 75% tech\u00adni\u00adcal purity, which is com\u00adpa\u00adtib\u00adle with the frag\u00adrance and cos\u00adme\u00adtic sec\u00adtors, home &amp; per\u00adso\u00adnal care, as well as agri\u00adcul\u00adt\u00adu\u00adral and che\u00admi\u00adcal industry app\u00adli\u00adca\u00adtions, and is scal\u00adab\u00adle from an indust\u00adri\u00adal stand\u00adpoint.<\/strong><\/span><\/li>\n<\/ul>\n<p><span style=\"color: #006097;\"><strong>QUALITY AND INDUSTRIAL STANDARDIZATION<\/strong><\/span><\/p>\n<ul>\n<li><span style=\"color: #006097;\">The qua\u00adlity of synt\u00adhe\u00adtic ger\u00adani\u00adum ter\u00adpe\u00adne oil  depends on pet\u00adro\u00adche\u00admi\u00adcal pre\u00adcur\u00adsors and reac\u00adti\u00adon con\u00addi\u00adtions; howe\u00adver, the pro\u00adcess inhe\u00adrently gene\u00adra\u00adtes by-pro\u00adducts and impu\u00adri\u00adti\u00ades, whi\u00adle biosynt\u00adhe\u00adtic ger\u00adani\u00adum ter\u00adpe\u00adne oil  offers more con\u00adsis\u00adtent cis\/trans isom\u00ader rati\u00ados, scent pro\u00adfiles, batch uni\u00adfor\u00admity and toxic\u00ado\u00adlog\u00adi\u00adcal purity with sig\u00adni\u00adfi\u00adcantly lower harm\u00adful emis\u00adsions.<\/span><\/li>\n<\/ul>\n<p><span style=\"color: #006097;\"><strong>&nbsp;<\/strong><\/span><span style=\"color: #006097;\"><strong>SAFETY AND COMPLIANCE DOCUMENTATION<\/strong><\/span><\/p>\n<ul>\n<li><span style=\"color: #006097;\">Our biosynt\u00adhe\u00adtic ger\u00adani\u00adum ter\u00adpe\u00adne oil  comp\u00adli\u00ades with the regu\u00adla\u00adto\u00adry and con\u00adfor\u00admity requ\u00adi\u00adre\u00adments of the Euro\u00adpe\u00adan Union, and the pro\u00adduc\u00adti\u00adon pro\u00adcess is audi\u00adtab\u00adle and tra\u00adce\u00adab\u00adle.<\/span><\/li>\n<li><span style=\"color: #006097;\">Our pro\u00adduct is cer\u00adti\u00adfi\u00aded GMO-free.<\/span><\/li>\n<li><span style=\"color: #006097;\">Docu\u00admen\u00adta\u00adti\u00adon and cer\u00adti\u00adfi\u00adca\u00adtions asso\u00adci\u00ada\u00adted with the biosynt\u00adhe\u00adtic pro\u00adduct inc\u00adlu\u00adde: tech\u00adni\u00adcal data she\u00adet, safety data she\u00adet, frag\u00adrance cer\u00adti\u00adfi\u00adca\u00adti\u00adon, che\u00admi\u00adcal regu\u00adla\u00adto\u00adry app\u00adro\u00advals, qua\u00adlity cont\u00adrol docu\u00admen\u00adta\u00adti\u00adon and toxic\u00ado\u00adlog\u00adi\u00adcal assess\u00adment.<\/span><\/li>\n<li><span style=\"color: #006097;\">Whi\u00adle synt\u00adhe\u00adtic ger\u00adani\u00adum ter\u00adpe\u00adne oil  can also meet regu\u00adla\u00adto\u00adry comp\u00adli\u00adance, its upstream fos\u00adsil car\u00adbon foot\u00adprint \u2014 which is sig\u00adni\u00adfi\u00adcantly hig\u00adher than that of the biosynt\u00adhe\u00adtic pro\u00adduct \u2014 and its import depen\u00addency may sub\u00adject it to inc\u00adre\u00ada\u00adsing regu\u00adla\u00adto\u00adry, finan\u00adcial and supply secu\u00adrity pres\u00adsu\u00adres wit\u00adhin EU mar\u00adkets.<\/span><\/li>\n<\/ul>\n<p><span style=\"color: #006097;\"><strong>&nbsp;<\/strong><\/span><span style=\"color: #006097;\"><strong>SUSTAINABILITY AND ENVIRONMENTAL PERFORMANCE<\/strong><\/span><\/p>\n<ul>\n<li><span style=\"color: #006097;\">Synt\u00adhe\u00adtic ger\u00adani\u00adum ter\u00adpe\u00adne oil  is pro\u00addu\u00adced from fos\u00adsil car\u00adbon-bas\u00aded pet\u00adro\u00adche\u00admi\u00adcal feeds\u00adtocks, whe\u00adre\u00adas biosynt\u00adhe\u00adtic vari\u00adant is pro\u00addu\u00adced from par\u00adti\u00adally rene\u00adwab\u00adle, bio\u00adge\u00adnic car\u00adbon sour\u00adces (sugars) and par\u00adti\u00adally from indust\u00adri\u00adal bypro\u00adduct bio\u00admass (molas\u00adses), lowe\u00adring the car\u00adbon foot\u00adprint of the final pro\u00adduct and redu\u00adcing upstream energy inten\u00adsity.<\/span><\/li>\n<li><span style=\"color: #006097;\">The che\u00admi\u00adcal synt\u00adhe\u00adsis and sol\u00advent puri\u00adfi\u00adca\u00adti\u00adon steps in synt\u00adhe\u00adtic ger\u00adani\u00adum ter\u00adpe\u00adne oil  pro\u00adduc\u00adti\u00adon are spe\u00adci\u00adfi\u00adcally heat- and energy-inten\u00adsive pro\u00adces\u00adses reli\u00adant on fos\u00adsil energy, whi\u00adle biosynt\u00adhe\u00adtic fer\u00admen\u00adta\u00adti\u00adon occurs near ambi\u00adent tem\u00adpe\u00adra\u00adtu\u00adres (28\u201332 \u00b0C) with low energy demand and redu\u00adced reli\u00adance on fos\u00adsil inputs.<\/span><\/li>\n<li><span style=\"color: #006097;\">Biosynt\u00adhe\u00adtic tech\u00adno\u00adlogy allows for the valori\u00adza\u00adti\u00adon of indust\u00adri\u00adal bypro\u00adduct stre\u00adams, the\u00adreby redu\u00adcing emis\u00adsions and envi\u00adron\u00admen\u00adtal burd\u00aden thro\u00adugh avo\u00adid\u00aded was\u00adte and cir\u00adcu\u00adla\u00adrity.<\/span><\/li>\n<li><span style=\"color: #006097;\">The sus\u00adta\u00adi\u00adna\u00adbi\u00adlity para\u00adme\u00adters of biosynt\u00adhe\u00adtic ger\u00adani\u00adum ter\u00adpe\u00adne oil  are fully audi\u00adtab\u00adle and can be inte\u00adgra\u00adted into EU sus\u00adta\u00adi\u00adna\u00adbi\u00adlity fra\u00adme\u00adworks such as ESG (Envi\u00adron\u00admen\u00adtal, Soci\u00adal, Gover\u00adnance), PCF (Pro\u00adduct Car\u00adbon Foot\u00adprint), LCA (Life Cyc\u00adle Assess\u00adment), Scope 3 (Supply Cha\u00adin Emis\u00adsions), CBAM (Car\u00adbon Bor\u00adder Adjust\u00adment Mechan\u00adism), and EU ETS (EU Emis\u00adsions Trad\u00ading Sys\u00adtem).<\/span><\/li>\n<li><span style=\"color: #006097;\">Many of the\u00adse sus\u00adta\u00adi\u00adna\u00adbi\u00adlity para\u00adme\u00adters can be trans\u00adla\u00adted into finan\u00adcial bene\u00adfits (mone\u00adti\u00adzed) for Euro\u00adpe\u00adan com\u00adpa\u00adni\u00ades, par\u00adti\u00adcu\u00adlarly in sec\u00adtors whe\u00adre sus\u00adta\u00adi\u00adna\u00adbi\u00adlity per\u00adfor\u00admance is directly eva\u00adlu\u00ada\u00adted in pro\u00adcu\u00adre\u00adment, regu\u00adla\u00adti\u00adon or cre\u00addit rat\u00ading.<\/span><\/li>\n<li><span style=\"color: #006097;\">The adopt\u00adion of biosynt\u00adhe\u00adtic feeds\u00adtocks wit\u00adhin the EU is promo\u00adted by the gro\u00adwing impor\u00adtance of sus\u00adta\u00adi\u00adna\u00adbi\u00adlity met\u00adrics bet\u00adween 2026\u20132028, dri\u00adven by man\u00adda\u00adto\u00adry cor\u00adpora\u00adte sus\u00adta\u00adi\u00adna\u00adbi\u00adlity report\u00ading, ten\u00adder requ\u00adi\u00adre\u00adments, import mechan\u00adisms and envi\u00adron\u00admen\u00adtal cer\u00adti\u00adfi\u00adca\u00adtions.<\/span><\/li>\n<\/ul>\n<p><strong><span style=\"color: #006097;\">Our com\u00adpany the\u00adre\u00adfo\u00adre offers a pro\u00adduct that demonst\u00adra\u00adtes sig\u00adni\u00adfi\u00adcant sus\u00adta\u00adi\u00adna\u00adbi\u00adlity and envi\u00adron\u00admen\u00adtal prog\u00adr\u00ades\u00adsi\u00adve\u00adness com\u00adpa\u00adred to pet\u00adro\u00adche\u00admi\u00adcal synt\u00adhe\u00adtic ger\u00adani\u00adum ter\u00adpe\u00adne oil, in line with the evol\u00adving expec\u00adta\u00adtions and regu\u00adla\u00adto\u00adry fra\u00adme\u00adwork of the Euro\u00adpe\u00adan Union.&nbsp;<\/span> <\/strong><\/p>\n<p>\n<\/p><\/div><\/div><\/div><\/div><\/div><\/div><\/div><!-- cell_inner --><\/div><!-- cell --><\/div><!-- port --><\/section>","protected":false},"excerpt":{"rendered":"","protected":false},"author":1,"featured_media":0,"parent":0,"menu_order":0,"comment_status":"closed","ping_status":"closed","template":"","meta":{"wp_typography_post_enhancements_disabled":false,"footnotes":""},"class_list":["post-4057","page","type-page","status-publish","hentry"],"yoast_head":"<!-- This site is optimized with the Yoast SEO Premium plugin v25.2 (Yoast SEO v26.9) - https:\/\/yoast.com\/product\/yoast-seo-premium-wordpress\/ -->\n<title>Soluzioni Naturali Kft. \u2013 Ipari biotechnol\u00f3giai megold\u00e1sok<\/title>\n<meta name=\"description\" content=\"Soluzioni Naturali Kft. \u2013 Ipari biotechnol\u00f3giai megold\u00e1sok - Hat\u00e9kony ipari biotechnol\u00f3giai megold\u00e1sok enzimekkel \u00e9s szeszipari \u00e9leszt\u0151kkel.\" \/>\n<meta name=\"robots\" content=\"index, follow, max-snippet:-1, max-image-preview:large, max-video-preview:-1\" \/>\n<link rel=\"canonical\" href=\"https:\/\/soluzioninaturali.eu\/en\/ipari-biotechnologia\/\" \/>\n<meta property=\"og:locale\" content=\"en_GB\" \/>\n<meta property=\"og:type\" content=\"article\" \/>\n<meta property=\"og:title\" content=\"Soluzioni Naturali Kft. \u2013 Ipari biotechnol\u00f3giai megold\u00e1sok\" \/>\n<meta property=\"og:description\" content=\"Soluzioni Naturali Kft. - Hat\u00e9kony ipari biotechnol\u00f3giai megold\u00e1sok enzimekkel \u00e9s szeszipari \u00e9leszt\u0151kkel.\" \/>\n<meta property=\"og:url\" content=\"https:\/\/soluzioninaturali.eu\/en\/ipari-biotechnologia\/\" \/>\n<meta property=\"og:site_name\" content=\"soluzioninaturali.eu\" \/>\n<meta property=\"article:modified_time\" content=\"2026-01-29T11:40:18+00:00\" \/>\n<meta name=\"twitter:card\" content=\"summary_large_image\" \/>\n<meta name=\"twitter:title\" content=\"Ipari biotechnol\u00f3gia\" \/>\n<meta name=\"twitter:label1\" content=\"Estimated reading time\" \/>\n\t<meta name=\"twitter:data1\" content=\"4 minutes\" \/>\n<script type=\"application\/ld+json\" class=\"yoast-schema-graph\">{\"@context\":\"https:\/\/schema.org\",\"@graph\":[{\"@type\":\"WebPage\",\"@id\":\"https:\/\/soluzioninaturali.eu\/ipari-biotechnologia\/\",\"url\":\"https:\/\/soluzioninaturali.eu\/ipari-biotechnologia\/\",\"name\":\"Soluzioni Naturali Kft. \u2013 Ipari biotechnol\u00f3giai megold\u00e1sok\",\"isPartOf\":{\"@id\":\"https:\/\/soluzioninaturali.eu\/#website\"},\"datePublished\":\"2025-02-10T11:17:58+00:00\",\"dateModified\":\"2026-01-29T11:40:18+00:00\",\"description\":\"Soluzioni Naturali Kft. \u2013 Ipari biotechnol\u00f3giai megold\u00e1sok - Hat\u00e9kony ipari biotechnol\u00f3giai megold\u00e1sok enzimekkel \u00e9s szeszipari \u00e9leszt\u0151kkel.\",\"breadcrumb\":{\"@id\":\"https:\/\/soluzioninaturali.eu\/ipari-biotechnologia\/#breadcrumb\"},\"inLanguage\":\"en-GB\",\"potentialAction\":[{\"@type\":\"ReadAction\",\"target\":[\"https:\/\/soluzioninaturali.eu\/ipari-biotechnologia\/\"]}]},{\"@type\":\"BreadcrumbList\",\"@id\":\"https:\/\/soluzioninaturali.eu\/ipari-biotechnologia\/#breadcrumb\",\"itemListElement\":[{\"@type\":\"ListItem\",\"position\":1,\"name\":\"Kezd\u0151lap\",\"item\":\"https:\/\/soluzioninaturali.eu\/\"},{\"@type\":\"ListItem\",\"position\":2,\"name\":\"Ipari biotechnol\u00f3gia\"}]},{\"@type\":\"WebSite\",\"@id\":\"https:\/\/soluzioninaturali.eu\/#website\",\"url\":\"https:\/\/soluzioninaturali.eu\/\",\"name\":\"soluzioninaturali.eu\",\"description\":\"Soluzioni Naturali Kft\",\"potentialAction\":[{\"@type\":\"SearchAction\",\"target\":{\"@type\":\"EntryPoint\",\"urlTemplate\":\"https:\/\/soluzioninaturali.eu\/?s={search_term_string}\"},\"query-input\":{\"@type\":\"PropertyValueSpecification\",\"valueRequired\":true,\"valueName\":\"search_term_string\"}}],\"inLanguage\":\"en-GB\"}]}<\/script>\n<!-- \/ Yoast SEO Premium plugin. -->","yoast_head_json":{"title":"Solu\u00adzi\u00ado\u00adni Natu\u00adra\u00adli Kft. \u2013 Ipa\u00adri bio\u00adtech\u00adno\u00adl\u00f3\u00adgi\u00adai meg\u00adol\u00add\u00e1\u00adsok","description":"Solu\u00adzi\u00ado\u00adni Natu\u00adra\u00adli Kft. \u2013 Ipa\u00adri bio\u00adtech\u00adno\u00adl\u00f3\u00adgi\u00adai meg\u00adol\u00add\u00e1\u00adsok \u2014 Hat\u00e9\u00adkony ipa\u00adri bio\u00adtech\u00adno\u00adl\u00f3\u00adgi\u00adai meg\u00adol\u00add\u00e1\u00adsok enzi\u00admek\u00adkel \u00e9s szesz\u00adipa\u00adri \u00e9lesz\u00adt\u0151k\u00adkel.","robots":{"index":"index","follow":"follow","max-snippet":"max-snippet:-1","max-image-preview":"max-image-preview:large","max-video-preview":"max-video-preview:-1"},"canonical":"https:\/\/soluzioninaturali.eu\/en\/ipari-biotechnologia\/","og_locale":"en_GB","og_type":"article","og_title":"Soluzioni Naturali Kft. \u2013 Ipari biotechnol\u00f3giai megold\u00e1sok","og_description":"Soluzioni Naturali Kft. - Hat\u00e9kony ipari biotechnol\u00f3giai megold\u00e1sok enzimekkel \u00e9s szeszipari \u00e9leszt\u0151kkel.","og_url":"https:\/\/soluzioninaturali.eu\/en\/ipari-biotechnologia\/","og_site_name":"soluzioninaturali.eu","article_modified_time":"2026-01-29T11:40:18+00:00","twitter_card":"summary_large_image","twitter_title":"Ipari biotechnol\u00f3gia","twitter_misc":{"Estimated reading time":"4 minutes"},"schema":{"@context":"https:\/\/schema.org","@graph":[{"@type":"WebPage","@id":"https:\/\/soluzioninaturali.eu\/ipari-biotechnologia\/","url":"https:\/\/soluzioninaturali.eu\/ipari-biotechnologia\/","name":"Solu\u00adzi\u00ado\u00adni Natu\u00adra\u00adli Kft. \u2013 Ipa\u00adri bio\u00adtech\u00adno\u00adl\u00f3\u00adgi\u00adai meg\u00adol\u00add\u00e1\u00adsok","isPartOf":{"@id":"https:\/\/soluzioninaturali.eu\/#website"},"datePublished":"2025-02-10T11:17:58+00:00","dateModified":"2026-01-29T11:40:18+00:00","description":"Solu\u00adzi\u00ado\u00adni Natu\u00adra\u00adli Kft. \u2013 Ipa\u00adri bio\u00adtech\u00adno\u00adl\u00f3\u00adgi\u00adai meg\u00adol\u00add\u00e1\u00adsok \u2014 Hat\u00e9\u00adkony ipa\u00adri bio\u00adtech\u00adno\u00adl\u00f3\u00adgi\u00adai meg\u00adol\u00add\u00e1\u00adsok enzi\u00admek\u00adkel \u00e9s szesz\u00adipa\u00adri \u00e9lesz\u00adt\u0151k\u00adkel.","breadcrumb":{"@id":"https:\/\/soluzioninaturali.eu\/ipari-biotechnologia\/#breadcrumb"},"inLanguage":"en-GB","potentialAction":[{"@type":"ReadAction","target":["https:\/\/soluzioninaturali.eu\/ipari-biotechnologia\/"]}]},{"@type":"BreadcrumbList","@id":"https:\/\/soluzioninaturali.eu\/ipari-biotechnologia\/#breadcrumb","itemListElement":[{"@type":"ListItem","position":1,"name":"Kezd\u0151lap","item":"https:\/\/soluzioninaturali.eu\/"},{"@type":"ListItem","position":2,"name":"Ipari biotechnol\u00f3gia"}]},{"@type":"WebSite","@id":"https:\/\/soluzioninaturali.eu\/#website","url":"https:\/\/soluzioninaturali.eu\/","name":"soluzioninaturali.eu","description":"Solu\u00adzi\u00ado\u00adni Natu\u00adra\u00adli Kft","potentialAction":[{"@type":"SearchAction","target":{"@type":"EntryPoint","urlTemplate":"https:\/\/soluzioninaturali.eu\/?s={search_term_string}"},"query-input":{"@type":"PropertyValueSpecification","valueRequired":true,"valueName":"search_term_string"}}],"inLanguage":"en-GB"}]}},"_links":{"self":[{"href":"https:\/\/soluzioninaturali.eu\/en\/wp-json\/wp\/v2\/pages\/4057","targetHints":{"allow":["GET"]}}],"collection":[{"href":"https:\/\/soluzioninaturali.eu\/en\/wp-json\/wp\/v2\/pages"}],"about":[{"href":"https:\/\/soluzioninaturali.eu\/en\/wp-json\/wp\/v2\/types\/page"}],"author":[{"embeddable":true,"href":"https:\/\/soluzioninaturali.eu\/en\/wp-json\/wp\/v2\/users\/1"}],"replies":[{"embeddable":true,"href":"https:\/\/soluzioninaturali.eu\/en\/wp-json\/wp\/v2\/comments?post=4057"}],"version-history":[{"count":30,"href":"https:\/\/soluzioninaturali.eu\/en\/wp-json\/wp\/v2\/pages\/4057\/revisions"}],"predecessor-version":[{"id":5037,"href":"https:\/\/soluzioninaturali.eu\/en\/wp-json\/wp\/v2\/pages\/4057\/revisions\/5037"}],"wp:attachment":[{"href":"https:\/\/soluzioninaturali.eu\/en\/wp-json\/wp\/v2\/media?parent=4057"}],"curies":[{"name":"wp","href":"https:\/\/api.w.org\/{rel}","templated":true}]}}