{"id":4064,"date":"2025-02-10T12:20:45","date_gmt":"2025-02-10T11:20:45","guid":{"rendered":"https:\/\/soluzioninaturali.eu\/?page_id=4064"},"modified":"2025-02-28T14:21:37","modified_gmt":"2025-02-28T13:21:37","slug":"higtragya-es-hulladekkezeles","status":"publish","type":"page","link":"https:\/\/soluzioninaturali.eu\/en\/higtragya-es-hulladekkezeles\/","title":{"rendered":"H\u00edg\u00adtr\u00e1\u00adgya- \u00e9s hul\u00adla\u00add\u00e9k\u00adke\u00adze\u00adl\u00e9s"},"content":{"rendered":"<p><\/p><section data-bb-version=\"5.2.6\" id=\"bt_bb_section6a05fced481db\" class=\"bt_bb_section bt_bb_color_scheme_10 bt_bb_layout_boxed_1300 bt_bb_vertical_align_top bt_bb_top_spacing_large bt_bb_bottom_spacing_large\" style=\"; --section-primary-color:#ffffff; --section-secondary-color:#006097;\" data-bt-override-class=\"{&quot;bt_bb_top_spacing_&quot;:{&quot;current_class&quot;:&quot;bt_bb_top_spacing_large&quot;,&quot;def&quot;:&quot;large&quot;},&quot;bt_bb_bottom_spacing_&quot;:{&quot;current_class&quot;:&quot;bt_bb_bottom_spacing_large&quot;,&quot;def&quot;:&quot;large&quot;},&quot;bt_bb_animation_&quot;:{&quot;current_class&quot;:&quot;bt_bb_animation_no_animation&quot;,&quot;def&quot;:&quot;no_animation&quot;}}\"><div class=\"bt_bb_background_image_holder_wrapper\"><div class=\"bt_bb_background_image_holder bt_bb_parallax\" data-parallax=\"0.7\" data-parallax-offset=\"0\" data-parallax-zoom-start=\"1\" data-parallax-zoom-end=\"1\" data-parallax-blur-start=\"0\" data-parallax-blur-end=\"0\" data-parallax-opacity-start=\"1\" data-parallax-opacity-end=\"1\" style=\" background-image:url('https:\/\/soluzioninaturali.eu\/wp-content\/uploads\/2025\/02\/312312-1.jpg');\"><\/div><\/div><div class=\"bt_bb_port\"><div class=\"bt_bb_cell\"><div class=\"bt_bb_cell_inner\"><div class=\"bt_bb_row\" data-bt-override-class=\"{}\"><div class=\"bt_bb_row_holder\"><div class=\"bt_bb_column col-xxl-8 col-xl-8 bt_bb_vertical_align_middle bt_bb_align_left bt_bb_padding_normal bt_bb_animation_fade_in animate\" style=\"; --column-width:8;\" data-width=\"8\" data-bt-override-class=\"{}\"><div class=\"bt_bb_column_content\"><div class=\"bt_bb_column_content_inner\"><div data-bb-version=\"4.9.1\" class=\"bt_bb_separator bt_bb_border_style_none bt_bb_top_spacing_extra_small bt_bb_bottom_spacing_extra_small\" data-bt-override-class=\"{&quot;bt_bb_top_spacing_&quot;:{&quot;current_class&quot;:&quot;bt_bb_top_spacing_extra_small&quot;,&quot;def&quot;:&quot;extra_small&quot;},&quot;bt_bb_bottom_spacing_&quot;:{&quot;current_class&quot;:&quot;bt_bb_bottom_spacing_extra_small&quot;,&quot;def&quot;:&quot;extra_small&quot;}}\"><\/div><header class=\"bt_bb_headline bt_bb_font_weight_medium bt_bb_dash_top bt_bb_size_large bt_bb_align_inherit\" data-bt-override-class=\"{}\"><h1 class=\"bt_bb_headline_tag\"><span class=\"bt_bb_headline_content\"><span>Slurry and Waste<br><br>\nManagement<\/span><\/span><\/h1><\/header><div data-bb-version=\"4.9.1\" class=\"bt_bb_separator bt_bb_border_style_none bt_bb_top_spacing_extra_small bt_bb_bottom_spacing_small\" data-bt-override-class=\"{&quot;bt_bb_top_spacing_&quot;:{&quot;current_class&quot;:&quot;bt_bb_top_spacing_extra_small&quot;,&quot;def&quot;:&quot;extra_small&quot;},&quot;bt_bb_bottom_spacing_&quot;:{&quot;current_class&quot;:&quot;bt_bb_bottom_spacing_small&quot;,&quot;def&quot;:&quot;small&quot;}}\"><\/div><\/div><\/div><\/div><div class=\"bt_bb_column col-xxl-4 col-xl-4 bt_bb_vertical_align_top bt_bb_align_left bt_bb_padding_normal\" style=\"; --column-width:4;\" data-width=\"4\" data-bt-override-class=\"{}\"><div class=\"bt_bb_column_content\"><div class=\"bt_bb_column_content_inner\"><\/div><\/div><\/div><\/div><\/div><\/div><!-- cell_inner --><\/div><!-- cell --><\/div><!-- port --><\/section><section data-bb-version=\"5.2.6\" id=\"bt_bb_section6a05fced4876b\" class=\"bt_bb_section bt_bb_color_scheme_15 bt_bb_layout_boxed_1200 bt_bb_vertical_align_top bt_bb_top_spacing_medium bt_bb_bottom_spacing_medium\" style=\"z-index: 2;; --section-primary-color:#006097; --section-secondary-color:#eaeef3;;background-color:rgb(255,255,255);\" data-bt-override-class=\"{&quot;bt_bb_top_spacing_&quot;:{&quot;current_class&quot;:&quot;bt_bb_top_spacing_medium&quot;,&quot;def&quot;:&quot;medium&quot;},&quot;bt_bb_bottom_spacing_&quot;:{&quot;current_class&quot;:&quot;bt_bb_bottom_spacing_medium&quot;,&quot;def&quot;:&quot;medium&quot;},&quot;bt_bb_animation_&quot;:{&quot;current_class&quot;:&quot;bt_bb_animation_no_animation&quot;,&quot;def&quot;:&quot;no_animation&quot;}}\"><div class=\"bt_bb_port\"><div class=\"bt_bb_cell\"><div class=\"bt_bb_cell_inner\"><div class=\"bt_bb_row\" data-bt-override-class=\"{}\"><div class=\"bt_bb_row_holder\"><div class=\"bt_bb_column col-xxl-12 col-xl-12 bt_bb_vertical_align_top bt_bb_align_left bt_bb_padding_normal\" style=\"; --column-width:12;\" data-width=\"12\" data-bt-override-class=\"{}\"><div class=\"bt_bb_column_content\"><div class=\"bt_bb_column_content_inner\"><div class=\"bt_bb_content_slider bt_bb_gap_large bt_bb_arrows_size_normal bt_bb_show_dots_bottom bt_bb_height_keep-height bt_bb_animation_slide bt_bb_multiple_slides bt_bb_animation_slide animate bt_bb_navigation_style_dots bt_bb_navigation_position_outside bt_bb_align_navigation_center bt_bb_navigation_color_filled\" data-bt-override-class=\"{}\"><div class=\"slick-slider\" data-slick=\"{ &quot;lazyLoad&quot;: &quot;progressive&quot;, &quot;cssEase&quot;: &quot;ease-out&quot;, &quot;speed&quot;: &quot;600&quot;, &quot;accessibility&quot;: false, &quot;prevArrow&quot;: &quot;<button type=\\&quot;button\\&quot; class=\\&quot;slick-prev\\&quot; aria-label=\\&quot;Previous\\&quot; tabindex=\\&quot;0\\&quot; role=\\&quot;button\\&quot;><\/button>&quot;, &quot;nextArrow&quot;: &quot;<button type=\\&quot;button\\&quot; class=\\&quot;slick-next\\&quot; aria-label=\\&quot;Next\\&quot; tabindex=\\&quot;0\\&quot; role=\\&quot;button\\&quot;><\/button>&quot;, &quot;dots&quot;: true,&quot;autoplay&quot;: true, &quot;autoplaySpeed&quot;: 3000,&quot;slidesToShow&quot;: 3, &quot;responsive&quot;: [{ &quot;breakpoint&quot;: 481, &quot;settings&quot;: { &quot;slidesToShow&quot;: 1, &quot;slidesToScroll&quot;: 1 } },{ &quot;breakpoint&quot;: 769, &quot;settings&quot;: { &quot;slidesToShow&quot;: 2, &quot;slidesToScroll&quot;: 2 } },{ &quot;breakpoint&quot;: 993, &quot;settings&quot;: { &quot;slidesToShow&quot;: 3, &quot;slidesToScroll&quot;: 3 } },{ &quot;breakpoint&quot;: 1201, &quot;settings&quot;: { &quot;slidesToShow&quot;: 3, &quot;slidesToScroll&quot;: 3 } },{ &quot;breakpoint&quot;: 1401, &quot;settings&quot;: { &quot;slidesToShow&quot;: 3, &quot;slidesToScroll&quot;: 3 } }]}\"><div class=\"bt_bb_content_slider_item\"><div class=\"bt_bb_content_slider_item_content content\"><div data-bb-version=\"5.2.6\" class=\"bt_bb_card_image bt_bb_border_show bt_bb_size_small bt_bb_shadow_show\" style=\"text-align: justify; hyphens: auto;\"><div class=\"bt_bb_card_image_background\">\n\t\t\t<div class=\"bt_bb_image bt_bb_shape_square bt_bb_target_self\" data-bt-override-class=\"{}\"><a href=\"https:\/\/soluzioninaturali.eu\/en\/termekek\/extremoforte-reductor\/\" target=\"_self\" title=\"ExtremoForte<sup>\u00ae<\/sup> Reductor\"><img fetchpriority=\"high\" decoding=\"async\" width=\"612\" height=\"772\" src=\"https:\/\/soluzioninaturali.eu\/wp-content\/uploads\/2025\/02\/termekkepreductor.jpg\" class=\"attachment-full size-full\" alt=\"ExtremoForte<sup>\u00ae<\/sup> Reductor\" data-full_image_src=\"https:\/\/soluzioninaturali.eu\/wp-content\/uploads\/2025\/02\/termekkepreductor.jpg\" title=\"ExtremoForte<sup>\u00ae<\/sup> Reductor\" loading=\"eager\" srcset=\"https:\/\/soluzioninaturali.eu\/wp-content\/uploads\/2025\/02\/termekkepreductor.jpg 612w, https:\/\/soluzioninaturali.eu\/wp-content\/uploads\/2025\/02\/termekkepreductor-10x12.jpg 10w, https:\/\/soluzioninaturali.eu\/wp-content\/uploads\/2025\/02\/termekkepreductor-320x404.jpg 320w\" sizes=\"(max-width: 612px) 100vw, 612px\"><\/a><\/div>\n\t\t<\/div><div class=\"bt_bb_card_image_text_box\"><div class=\"bt_bb_card_image_title\"><header class=\"bt_bb_headline bt_bb_size_small\" data-bt-override-class=\"{}\"><h3 class=\"bt_bb_headline_tag\"><span class=\"bt_bb_headline_content\"><span><a href=\"https:\/\/soluzioninaturali.eu\/en\/termekek\/extremoforte-reductor\/\" target=\"_self\" title=\"ExtremoForte\u00ae Reductor\">ExtremoForte<sup>\u00ae<\/sup> Reductor<\/a><\/span><\/span><\/h3><\/header><\/div><div class=\"bt_bb_card_image_text\">Az amm\u00f3\u00adnia \u00e9s m\u00e1s g\u00e1zok kelet\u00adke\u00adz\u00e9\u00ads\u00e9\u00adnek g\u00e1t\u00adl\u00e1\u00ads\u00e1\u00adval, illet\u00adve azok sta\u00adbi\u00adli\u00adz\u00e1\u00adl\u00e1\u00ads\u00e1\u00adval nem enge\u00addi, hogy az \u00e9rt\u00e9\u00adkes t\u00e1p\u00adanya\u00adgok elil\u00adlan\u00adja\u00adnak.<br>\n<\/div><div class=\"bt_bb_card_image_content_inner\"><div class=\"bt_bb_separator bt_bb_border_style_none bt_bb_bottom_spacing_normal\" data-bt-override-class=\"null\"><\/div><div data-bb-version=\"5.2.6\" class=\"bt_bb_button bt_bb_color_scheme_3 bt_bb_icon_position_right bt_bb_style_clean bt_bb_size_medium bt_bb_width_inline bt_bb_shape_inherit bt_bb_target_self bt_bb_text_transform_inherit bt_bb_align_inherit\" style=\"; --primary-color:#9ac12f; --secondary-color:#191919;\" data-bt-override-class=\"{&quot;bt_bb_size_&quot;:{&quot;current_class&quot;:&quot;bt_bb_size_medium&quot;,&quot;def&quot;:&quot;medium&quot;},&quot;bt_bb_align_&quot;:{&quot;current_class&quot;:&quot;bt_bb_align_inherit&quot;,&quot;def&quot;:&quot;inherit&quot;},&quot;bt_bb_animation_&quot;:{&quot;current_class&quot;:&quot;bt_bb_animation_no_animation&quot;,&quot;def&quot;:&quot;no_animation&quot;}}\"><a href=\"https:\/\/soluzioninaturali.eu\/en\/termekek\/extremoforte-reductor\/\" target=\"_self\" class=\"bt_bb_link\" title=\"LEARN MORE\"><span class=\"bt_bb_button_text\">LEARN MORE<\/span><span data-ico-fontawesome5solid=\"\uf105\" class=\"bt_bb_icon_holder\"><\/span><\/a><\/div><\/div><\/div><\/div><div class=\"bt_bb_separator bt_bb_border_style_none bt_bb_bottom_spacing_medium\" data-bt-override-class=\"null\"><\/div><\/div><\/div><\/div><\/div><\/div><\/div><\/div><\/div><\/div><\/div><!-- cell_inner --><\/div><!-- cell --><\/div><!-- port --><\/section>","protected":false},"excerpt":{"rendered":"","protected":false},"author":1,"featured_media":4498,"parent":0,"menu_order":0,"comment_status":"closed","ping_status":"closed","template":"","meta":{"wp_typography_post_enhancements_disabled":false,"footnotes":""},"class_list":["post-4064","page","type-page","status-publish","has-post-thumbnail","hentry"],"yoast_head":"<!-- This site is optimized with the Yoast SEO Premium plugin v25.2 (Yoast SEO v26.9) - https:\/\/yoast.com\/product\/yoast-seo-premium-wordpress\/ -->\n<title>Soluzioni Naturali Kft. - H\u00edgtr\u00e1gya- \u00e9s hullad\u00e9kkezel\u00e9s<\/title>\n<meta name=\"description\" content=\"Fenntarthat\u00f3 h\u00edgtr\u00e1gya- \u00e9s hullad\u00e9kkezel\u00e9si megold\u00e1sok a Soluzioni Naturali Kft.-t\u0151l. Keressen minket bizalommal!\" \/>\n<meta name=\"robots\" content=\"index, follow, max-snippet:-1, max-image-preview:large, max-video-preview:-1\" \/>\n<link rel=\"canonical\" href=\"https:\/\/soluzioninaturali.eu\/en\/higtragya-es-hulladekkezeles\/\" \/>\n<meta property=\"og:locale\" content=\"en_GB\" \/>\n<meta property=\"og:type\" content=\"article\" \/>\n<meta property=\"og:title\" content=\"Soluzioni Naturali Kft. - H\u00edgtr\u00e1gya- \u00e9s hullad\u00e9kkezel\u00e9s\" \/>\n<meta property=\"og:description\" content=\"Fenntarthat\u00f3 h\u00edgtr\u00e1gya- \u00e9s hullad\u00e9kkezel\u00e9si megold\u00e1sok a Soluzioni Naturali Kft.-t\u0151l. Keressen minket bizalommal!\" \/>\n<meta property=\"og:url\" content=\"https:\/\/soluzioninaturali.eu\/en\/higtragya-es-hulladekkezeles\/\" \/>\n<meta property=\"og:site_name\" content=\"soluzioninaturali.eu\" \/>\n<meta property=\"article:modified_time\" content=\"2025-02-28T13:21:37+00:00\" \/>\n<meta property=\"og:image\" content=\"https:\/\/soluzioninaturali.eu\/wp-content\/uploads\/2025\/02\/higtragya-es-hulladekkezeles-card.jpg\" \/>\n\t<meta property=\"og:image:width\" content=\"612\" \/>\n\t<meta property=\"og:image:height\" content=\"772\" \/>\n\t<meta property=\"og:image:type\" content=\"image\/jpeg\" \/>\n<meta name=\"twitter:card\" content=\"summary_large_image\" \/>\n<meta name=\"twitter:title\" content=\"H\u00edgtr\u00e1gya- \u00e9s hullad\u00e9kkezel\u00e9s\" \/>\n<meta name=\"twitter:label1\" content=\"Estimated reading time\" \/>\n\t<meta name=\"twitter:data1\" content=\"2 minutes\" \/>\n<script type=\"application\/ld+json\" class=\"yoast-schema-graph\">{\"@context\":\"https:\/\/schema.org\",\"@graph\":[{\"@type\":\"WebPage\",\"@id\":\"https:\/\/soluzioninaturali.eu\/higtragya-es-hulladekkezeles\/\",\"url\":\"https:\/\/soluzioninaturali.eu\/higtragya-es-hulladekkezeles\/\",\"name\":\"Soluzioni Naturali Kft. - H\u00edgtr\u00e1gya- \u00e9s hullad\u00e9kkezel\u00e9s\",\"isPartOf\":{\"@id\":\"https:\/\/soluzioninaturali.eu\/#website\"},\"primaryImageOfPage\":{\"@id\":\"https:\/\/soluzioninaturali.eu\/higtragya-es-hulladekkezeles\/#primaryimage\"},\"image\":{\"@id\":\"https:\/\/soluzioninaturali.eu\/higtragya-es-hulladekkezeles\/#primaryimage\"},\"thumbnailUrl\":\"https:\/\/soluzioninaturali.eu\/wp-content\/uploads\/2025\/02\/higtragya-es-hulladekkezeles-card.jpg\",\"datePublished\":\"2025-02-10T11:20:45+00:00\",\"dateModified\":\"2025-02-28T13:21:37+00:00\",\"description\":\"Fenntarthat\u00f3 h\u00edgtr\u00e1gya- \u00e9s hullad\u00e9kkezel\u00e9si megold\u00e1sok a Soluzioni Naturali Kft.-t\u0151l. Keressen minket bizalommal!\",\"breadcrumb\":{\"@id\":\"https:\/\/soluzioninaturali.eu\/higtragya-es-hulladekkezeles\/#breadcrumb\"},\"inLanguage\":\"en-GB\",\"potentialAction\":[{\"@type\":\"ReadAction\",\"target\":[\"https:\/\/soluzioninaturali.eu\/higtragya-es-hulladekkezeles\/\"]}]},{\"@type\":\"ImageObject\",\"inLanguage\":\"en-GB\",\"@id\":\"https:\/\/soluzioninaturali.eu\/higtragya-es-hulladekkezeles\/#primaryimage\",\"url\":\"https:\/\/soluzioninaturali.eu\/wp-content\/uploads\/2025\/02\/higtragya-es-hulladekkezeles-card.jpg\",\"contentUrl\":\"https:\/\/soluzioninaturali.eu\/wp-content\/uploads\/2025\/02\/higtragya-es-hulladekkezeles-card.jpg\",\"width\":612,\"height\":772},{\"@type\":\"BreadcrumbList\",\"@id\":\"https:\/\/soluzioninaturali.eu\/higtragya-es-hulladekkezeles\/#breadcrumb\",\"itemListElement\":[{\"@type\":\"ListItem\",\"position\":1,\"name\":\"Kezd\u0151lap\",\"item\":\"https:\/\/soluzioninaturali.eu\/\"},{\"@type\":\"ListItem\",\"position\":2,\"name\":\"H\u00edgtr\u00e1gya- \u00e9s hullad\u00e9kkezel\u00e9s\"}]},{\"@type\":\"WebSite\",\"@id\":\"https:\/\/soluzioninaturali.eu\/#website\",\"url\":\"https:\/\/soluzioninaturali.eu\/\",\"name\":\"soluzioninaturali.eu\",\"description\":\"Soluzioni Naturali Kft\",\"potentialAction\":[{\"@type\":\"SearchAction\",\"target\":{\"@type\":\"EntryPoint\",\"urlTemplate\":\"https:\/\/soluzioninaturali.eu\/?s={search_term_string}\"},\"query-input\":{\"@type\":\"PropertyValueSpecification\",\"valueRequired\":true,\"valueName\":\"search_term_string\"}}],\"inLanguage\":\"en-GB\"}]}<\/script>\n<!-- \/ Yoast SEO Premium plugin. -->","yoast_head_json":{"title":"Solu\u00adzi\u00ado\u00adni Natu\u00adra\u00adli Kft. \u2014 H\u00edg\u00adtr\u00e1\u00adgya- \u00e9s hul\u00adla\u00add\u00e9k\u00adke\u00adze\u00adl\u00e9s","description":"Fenn\u00adtart\u00adha\u00adt\u00f3 h\u00edg\u00adtr\u00e1\u00adgya- \u00e9s hul\u00adla\u00add\u00e9k\u00adke\u00adze\u00adl\u00e9\u00adsi meg\u00adol\u00add\u00e1\u00adsok a Solu\u00adzi\u00ado\u00adni Natu\u00adra\u00adli Kft.-t\u0151l. Keres\u00adsen min\u00adket biza\u00adlom\u00admal!","robots":{"index":"index","follow":"follow","max-snippet":"max-snippet:-1","max-image-preview":"max-image-preview:large","max-video-preview":"max-video-preview:-1"},"canonical":"https:\/\/soluzioninaturali.eu\/en\/higtragya-es-hulladekkezeles\/","og_locale":"en_GB","og_type":"article","og_title":"Soluzioni Naturali Kft. - H\u00edgtr\u00e1gya- \u00e9s hullad\u00e9kkezel\u00e9s","og_description":"Fenntarthat\u00f3 h\u00edgtr\u00e1gya- \u00e9s hullad\u00e9kkezel\u00e9si megold\u00e1sok a Soluzioni Naturali Kft.-t\u0151l. Keressen minket bizalommal!","og_url":"https:\/\/soluzioninaturali.eu\/en\/higtragya-es-hulladekkezeles\/","og_site_name":"soluzioninaturali.eu","article_modified_time":"2025-02-28T13:21:37+00:00","og_image":[{"width":612,"height":772,"url":"https:\/\/soluzioninaturali.eu\/wp-content\/uploads\/2025\/02\/higtragya-es-hulladekkezeles-card.jpg","type":"image\/jpeg"}],"twitter_card":"summary_large_image","twitter_title":"H\u00edgtr\u00e1gya- \u00e9s hullad\u00e9kkezel\u00e9s","twitter_misc":{"Estimated reading time":"2 minutes"},"schema":{"@context":"https:\/\/schema.org","@graph":[{"@type":"WebPage","@id":"https:\/\/soluzioninaturali.eu\/higtragya-es-hulladekkezeles\/","url":"https:\/\/soluzioninaturali.eu\/higtragya-es-hulladekkezeles\/","name":"Solu\u00adzi\u00ado\u00adni Natu\u00adra\u00adli Kft. \u2014 H\u00edg\u00adtr\u00e1\u00adgya- \u00e9s hul\u00adla\u00add\u00e9k\u00adke\u00adze\u00adl\u00e9s","isPartOf":{"@id":"https:\/\/soluzioninaturali.eu\/#website"},"primaryImageOfPage":{"@id":"https:\/\/soluzioninaturali.eu\/higtragya-es-hulladekkezeles\/#primaryimage"},"image":{"@id":"https:\/\/soluzioninaturali.eu\/higtragya-es-hulladekkezeles\/#primaryimage"},"thumbnailUrl":"https:\/\/soluzioninaturali.eu\/wp-content\/uploads\/2025\/02\/higtragya-es-hulladekkezeles-card.jpg","datePublished":"2025-02-10T11:20:45+00:00","dateModified":"2025-02-28T13:21:37+00:00","description":"Fenn\u00adtart\u00adha\u00adt\u00f3 h\u00edg\u00adtr\u00e1\u00adgya- \u00e9s hul\u00adla\u00add\u00e9k\u00adke\u00adze\u00adl\u00e9\u00adsi meg\u00adol\u00add\u00e1\u00adsok a Solu\u00adzi\u00ado\u00adni Natu\u00adra\u00adli Kft.-t\u0151l. Keres\u00adsen min\u00adket biza\u00adlom\u00admal!","breadcrumb":{"@id":"https:\/\/soluzioninaturali.eu\/higtragya-es-hulladekkezeles\/#breadcrumb"},"inLanguage":"en-GB","potentialAction":[{"@type":"ReadAction","target":["https:\/\/soluzioninaturali.eu\/higtragya-es-hulladekkezeles\/"]}]},{"@type":"ImageObject","inLanguage":"en-GB","@id":"https:\/\/soluzioninaturali.eu\/higtragya-es-hulladekkezeles\/#primaryimage","url":"https:\/\/soluzioninaturali.eu\/wp-content\/uploads\/2025\/02\/higtragya-es-hulladekkezeles-card.jpg","contentUrl":"https:\/\/soluzioninaturali.eu\/wp-content\/uploads\/2025\/02\/higtragya-es-hulladekkezeles-card.jpg","width":612,"height":772},{"@type":"BreadcrumbList","@id":"https:\/\/soluzioninaturali.eu\/higtragya-es-hulladekkezeles\/#breadcrumb","itemListElement":[{"@type":"ListItem","position":1,"name":"Kezd\u0151lap","item":"https:\/\/soluzioninaturali.eu\/"},{"@type":"ListItem","position":2,"name":"H\u00edgtr\u00e1gya- \u00e9s hullad\u00e9kkezel\u00e9s"}]},{"@type":"WebSite","@id":"https:\/\/soluzioninaturali.eu\/#website","url":"https:\/\/soluzioninaturali.eu\/","name":"soluzioninaturali.eu","description":"Solu\u00adzi\u00ado\u00adni Natu\u00adra\u00adli Kft","potentialAction":[{"@type":"SearchAction","target":{"@type":"EntryPoint","urlTemplate":"https:\/\/soluzioninaturali.eu\/?s={search_term_string}"},"query-input":{"@type":"PropertyValueSpecification","valueRequired":true,"valueName":"search_term_string"}}],"inLanguage":"en-GB"}]}},"_links":{"self":[{"href":"https:\/\/soluzioninaturali.eu\/en\/wp-json\/wp\/v2\/pages\/4064","targetHints":{"allow":["GET"]}}],"collection":[{"href":"https:\/\/soluzioninaturali.eu\/en\/wp-json\/wp\/v2\/pages"}],"about":[{"href":"https:\/\/soluzioninaturali.eu\/en\/wp-json\/wp\/v2\/types\/page"}],"author":[{"embeddable":true,"href":"https:\/\/soluzioninaturali.eu\/en\/wp-json\/wp\/v2\/users\/1"}],"replies":[{"embeddable":true,"href":"https:\/\/soluzioninaturali.eu\/en\/wp-json\/wp\/v2\/comments?post=4064"}],"version-history":[{"count":22,"href":"https:\/\/soluzioninaturali.eu\/en\/wp-json\/wp\/v2\/pages\/4064\/revisions"}],"predecessor-version":[{"id":4943,"href":"https:\/\/soluzioninaturali.eu\/en\/wp-json\/wp\/v2\/pages\/4064\/revisions\/4943"}],"wp:featuredmedia":[{"embeddable":true,"href":"https:\/\/soluzioninaturali.eu\/en\/wp-json\/wp\/v2\/media\/4498"}],"wp:attachment":[{"href":"https:\/\/soluzioninaturali.eu\/en\/wp-json\/wp\/v2\/media?parent=4064"}],"curies":[{"name":"wp","href":"https:\/\/api.w.org\/{rel}","templated":true}]}}