{"id":4964,"date":"2025-03-04T20:10:29","date_gmt":"2025-03-04T19:10:29","guid":{"rendered":"https:\/\/soluzioninaturali.eu\/?page_id=4964"},"modified":"2025-03-04T20:17:28","modified_gmt":"2025-03-04T19:17:28","slug":"hirek","status":"publish","type":"page","link":"https:\/\/soluzioninaturali.eu\/en\/hirek\/","title":{"rendered":"H\u00edrek"},"content":{"rendered":"<p><\/p><section id=\"bt_bb_section6a05fd201da86\" class=\"bt_bb_section bt_bb_color_scheme_10 bt_bb_layout_boxed_1300 bt_bb_vertical_align_top bt_bb_top_spacing_large bt_bb_bottom_spacing_large\" style=\"; --section-primary-color:#ffffff; --section-secondary-color:#006097;\" data-bt-override-class=\"{&quot;bt_bb_bottom_spacing_&quot;:{&quot;current_class&quot;:&quot;bt_bb_bottom_spacing_large&quot;,&quot;def&quot;:&quot;large&quot;}}\"><div class=\"bt_bb_background_image_holder_wrapper\"><div class=\"bt_bb_background_image_holder bt_bb_parallax\" data-parallax=\"0.7\" data-parallax-offset=\"0\" data-parallax-zoom-start=\"1\" data-parallax-zoom-end=\"1\" data-parallax-blur-start=\"0\" data-parallax-blur-end=\"0\" data-parallax-opacity-start=\"1\" data-parallax-opacity-end=\"1\" style=\" background-image:url('https:\/\/soluzioninaturali.eu\/wp-content\/uploads\/2025\/02\/05.jpg');\"><\/div><\/div><div class=\"bt_bb_port\"><div class=\"bt_bb_cell\"><div class=\"bt_bb_cell_inner\"><div class=\"bt_bb_row\" data-bt-override-class=\"{}\"><div class=\"bt_bb_row_holder\"><div class=\"bt_bb_column col-xxl-4 col-xl-4 col-xs-12 col-sm-12 col-md-12 col-lg-4 bt_bb_vertical_align_middle bt_bb_align_left bt_bb_padding_normal bt_bb_animation_fade_in animate\" style=\"; --column-width:4;\" data-width=\"4\" data-bt-override-class=\"{}\"><div class=\"bt_bb_column_content\"><div class=\"bt_bb_column_content_inner\"><div data-bb-version=\"5.2.5\" class=\"bt_bb_separator bt_bb_border_style_none bt_bb_border_color_none bt_bb_top_spacing_small bt_bb_bottom_spacing_small\" data-bt-override-class=\"{&quot;bt_bb_top_spacing_&quot;:{&quot;current_class&quot;:&quot;bt_bb_top_spacing_small&quot;,&quot;def&quot;:&quot;small&quot;},&quot;bt_bb_bottom_spacing_&quot;:{&quot;current_class&quot;:&quot;bt_bb_bottom_spacing_small&quot;,&quot;def&quot;:&quot;small&quot;}}\"><\/div><header data-bb-version=\"5.2.6\" class=\"bt_bb_headline bt_bb_font_weight_medium bt_bb_dash_top bt_bb_size_large bt_bb_align_inherit\" style=\"text-align: justify; hyphens: auto;\" data-bt-override-class=\"{&quot;bt_bb_size_&quot;:{&quot;current_class&quot;:&quot;bt_bb_size_large&quot;,&quot;def&quot;:&quot;large&quot;},&quot;bt_bb_align_&quot;:{&quot;current_class&quot;:&quot;bt_bb_align_inherit&quot;,&quot;def&quot;:&quot;inherit&quot;},&quot;bt_bb_animation_&quot;:{&quot;current_class&quot;:&quot;bt_bb_animation_no_animation&quot;,&quot;def&quot;:&quot;no_animation&quot;}}\"><h1 class=\"bt_bb_headline_tag\"><span class=\"bt_bb_headline_content\"><span>H\u00edrek<\/span><\/span><\/h1><\/header><div data-bb-version=\"5.2.5\" class=\"bt_bb_separator bt_bb_border_style_none bt_bb_border_color_none bt_bb_top_spacing_small bt_bb_bottom_spacing_small\" data-bt-override-class=\"{&quot;bt_bb_top_spacing_&quot;:{&quot;current_class&quot;:&quot;bt_bb_top_spacing_small&quot;,&quot;def&quot;:&quot;small&quot;},&quot;bt_bb_bottom_spacing_&quot;:{&quot;current_class&quot;:&quot;bt_bb_bottom_spacing_small&quot;,&quot;def&quot;:&quot;small&quot;}}\"><\/div><\/div><\/div><\/div><div class=\"bt_bb_column col-xxl-4 col-xl-4 col-xs-12 col-sm-12 col-md-12 col-lg-4 bt_bb_vertical_align_top bt_bb_align_left bt_bb_padding_normal\" style=\"; --column-width:4;\" data-width=\"4\" data-bt-override-class=\"{}\"><div class=\"bt_bb_column_content\"><div class=\"bt_bb_column_content_inner\"><\/div><\/div><\/div><div class=\"bt_bb_column col-xxl-4 col-xl-4 col-xs-12 col-sm-12 col-md-12 col-lg-4 bt_bb_vertical_align_top bt_bb_align_left bt_bb_padding_normal\" style=\"; --column-width:4;\" data-width=\"4\" data-bt-override-class=\"{}\"><div class=\"bt_bb_column_content\"><div class=\"bt_bb_column_content_inner\"><\/div><\/div><\/div><\/div><\/div><\/div><!-- cell_inner --><\/div><!-- cell --><\/div><!-- port --><\/section><section data-bb-version=\"5.2.6\" id=\"bt_bb_section6a05fd201df21\" class=\"bt_bb_section bt_bb_layout_boxed_1200\" data-bt-override-class=\"null\"><div class=\"bt_bb_port\"><div class=\"bt_bb_cell\"><div class=\"bt_bb_cell_inner\"><div class=\"bt_bb_row\" data-bt-override-class=\"{}\"><div class=\"bt_bb_row_holder\"><div data-bb-version=\"5.2.6\" class=\"bt_bb_column col-xxl-12 col-xl-12 col-xs-12 col-sm-12 col-md-12 col-lg-12 bt_bb_vertical_align_top bt_bb_align_left bt_bb_padding_normal\" style=\"; --column-width:12;\" data-width=\"12\" data-bt-override-class=\"{}\"><div class=\"bt_bb_column_content\"><div class=\"bt_bb_column_content_inner\"><div data-bb-version=\"5.2.5\" class=\"bt_bb_separator bt_bb_border_style_none bt_bb_border_color_none bt_bb_top_spacing_small bt_bb_bottom_spacing_small\" data-bt-override-class=\"{&quot;bt_bb_top_spacing_&quot;:{&quot;current_class&quot;:&quot;bt_bb_top_spacing_small&quot;,&quot;def&quot;:&quot;small&quot;},&quot;bt_bb_bottom_spacing_&quot;:{&quot;current_class&quot;:&quot;bt_bb_bottom_spacing_small&quot;,&quot;def&quot;:&quot;small&quot;}}\"><\/div><div data-bb-version=\"5.2.6\" class=\"bt_bb_css_post_grid bt_bb_grid_container bt_bb_columns_3 bt_bb_gap_no_gap bt_bb_shape_inherit\" style=\"text-align: justify; hyphens: auto;\" data-columns=\"3\" data-offset=\"0\"><div class=\"bt_bb_css_post_grid_content bt_bb_grid_hide\" data-bt-bb-css-post-grid-nonce=\"775e3199e1\" data-number=\"1000\" data-category data-show=\"%7B%22excerpt%22%3Afalse%2C%22share%22%3Afalse%7D\" data-show-superheadline=\"%7B%22category%22%3Afalse%2C%22date%22%3Afalse%2C%22author%22%3Afalse%2C%22comments%22%3Afalse%2C%22%22%3Atrue%7D\" data-title-html-tag=\"h1\" data-img-base-size=\"large\" data-show-subheadline=\"%7B%22category%22%3Afalse%2C%22date%22%3Afalse%2C%22author%22%3Afalse%2C%22comments%22%3Afalse%2C%22%22%3Atrue%7D\" data-format data-post-type=\"post\" data-ignore-nonce data-auto-loading data-bt-override-class=\"{&quot;bt_bb_animation_&quot;:{&quot;current_class&quot;:&quot;bt_bb_animation_no_animation&quot;,&quot;def&quot;:&quot;no_animation&quot;}}\" data-no-posts-text=\"No posts found.\">\n\t\t<\/div><div class=\"bt_bb_post_grid_loader\"><\/div><div class=\"bt_bb_css_post_grid_button_holder\"><button type=\"button\" class=\"bt_bb_css_post_grid_button\">Load more<\/button><\/div><\/div><div data-bb-version=\"5.2.5\" class=\"bt_bb_separator bt_bb_border_style_none bt_bb_border_color_none bt_bb_top_spacing_small bt_bb_bottom_spacing_small\" data-bt-override-class=\"{&quot;bt_bb_top_spacing_&quot;:{&quot;current_class&quot;:&quot;bt_bb_top_spacing_small&quot;,&quot;def&quot;:&quot;small&quot;},&quot;bt_bb_bottom_spacing_&quot;:{&quot;current_class&quot;:&quot;bt_bb_bottom_spacing_small&quot;,&quot;def&quot;:&quot;small&quot;}}\"><\/div><\/div><\/div><\/div><\/div><\/div><\/div><!-- cell_inner --><\/div><!-- cell --><\/div><!-- port --><\/section>","protected":false},"excerpt":{"rendered":"","protected":false},"author":1,"featured_media":3677,"parent":0,"menu_order":0,"comment_status":"closed","ping_status":"closed","template":"","meta":{"wp_typography_post_enhancements_disabled":false,"footnotes":""},"class_list":["post-4964","page","type-page","status-publish","has-post-thumbnail","hentry"],"yoast_head":"<!-- This site is optimized with the Yoast SEO Premium plugin v25.2 (Yoast SEO v26.9) - https:\/\/yoast.com\/product\/yoast-seo-premium-wordpress\/ -->\n<title>Soluzioni Naturali Kft. \u2013 C\u00e9g\u00fcnkr\u0151l<\/title>\n<meta name=\"description\" content=\"Fedezze fel a Soluzioni Naturali-t, ahol term\u00e9szetes \u00e9s organikus term\u00e9keket k\u00edn\u00e1lunk a fenntarthat\u00f3s\u00e1g jegy\u00e9ben.\" \/>\n<meta name=\"robots\" content=\"index, follow, max-snippet:-1, max-image-preview:large, max-video-preview:-1\" \/>\n<link rel=\"canonical\" href=\"https:\/\/soluzioninaturali.eu\/en\/hirek\/\" \/>\n<meta property=\"og:locale\" content=\"en_GB\" \/>\n<meta property=\"og:type\" content=\"article\" \/>\n<meta property=\"og:title\" content=\"Soluzioni Naturali Kft. \u2013 C\u00e9g\u00fcnkr\u0151l\" \/>\n<meta property=\"og:description\" content=\"Fedezze fel a Soluzioni Naturali-t, ahol term\u00e9szetes \u00e9s organikus term\u00e9keket k\u00edn\u00e1lunk a fenntarthat\u00f3s\u00e1g jegy\u00e9ben.\" \/>\n<meta property=\"og:url\" content=\"https:\/\/soluzioninaturali.eu\/en\/hirek\/\" \/>\n<meta property=\"og:site_name\" content=\"soluzioninaturali.eu\" \/>\n<meta property=\"article:modified_time\" content=\"2025-03-04T19:17:28+00:00\" \/>\n<meta property=\"og:image\" content=\"https:\/\/soluzioninaturali.eu\/wp-content\/uploads\/2025\/01\/close-up-green-leaves-nature-scaled.jpg\" \/>\n\t<meta property=\"og:image:width\" content=\"2560\" \/>\n\t<meta property=\"og:image:height\" content=\"1707\" \/>\n\t<meta property=\"og:image:type\" content=\"image\/jpeg\" \/>\n<meta name=\"twitter:card\" content=\"summary_large_image\" \/>\n<meta name=\"twitter:title\" content=\"H\u00edrek\" \/>\n<meta name=\"twitter:label1\" content=\"Estimated reading time\" \/>\n\t<meta name=\"twitter:data1\" content=\"1 minute\" \/>\n<script type=\"application\/ld+json\" class=\"yoast-schema-graph\">{\"@context\":\"https:\/\/schema.org\",\"@graph\":[{\"@type\":\"WebPage\",\"@id\":\"https:\/\/soluzioninaturali.eu\/hirek\/\",\"url\":\"https:\/\/soluzioninaturali.eu\/hirek\/\",\"name\":\"Soluzioni Naturali Kft. \u2013 C\u00e9g\u00fcnkr\u0151l\",\"isPartOf\":{\"@id\":\"https:\/\/soluzioninaturali.eu\/#website\"},\"primaryImageOfPage\":{\"@id\":\"https:\/\/soluzioninaturali.eu\/hirek\/#primaryimage\"},\"image\":{\"@id\":\"https:\/\/soluzioninaturali.eu\/hirek\/#primaryimage\"},\"thumbnailUrl\":\"https:\/\/soluzioninaturali.eu\/wp-content\/uploads\/2025\/01\/close-up-green-leaves-nature-scaled.jpg\",\"datePublished\":\"2025-03-04T19:10:29+00:00\",\"dateModified\":\"2025-03-04T19:17:28+00:00\",\"description\":\"Fedezze fel a Soluzioni Naturali-t, ahol term\u00e9szetes \u00e9s organikus term\u00e9keket k\u00edn\u00e1lunk a fenntarthat\u00f3s\u00e1g jegy\u00e9ben.\",\"breadcrumb\":{\"@id\":\"https:\/\/soluzioninaturali.eu\/hirek\/#breadcrumb\"},\"inLanguage\":\"en-GB\",\"potentialAction\":[{\"@type\":\"ReadAction\",\"target\":[\"https:\/\/soluzioninaturali.eu\/hirek\/\"]}]},{\"@type\":\"ImageObject\",\"inLanguage\":\"en-GB\",\"@id\":\"https:\/\/soluzioninaturali.eu\/hirek\/#primaryimage\",\"url\":\"https:\/\/soluzioninaturali.eu\/wp-content\/uploads\/2025\/01\/close-up-green-leaves-nature-scaled.jpg\",\"contentUrl\":\"https:\/\/soluzioninaturali.eu\/wp-content\/uploads\/2025\/01\/close-up-green-leaves-nature-scaled.jpg\",\"width\":2560,\"height\":1707},{\"@type\":\"BreadcrumbList\",\"@id\":\"https:\/\/soluzioninaturali.eu\/hirek\/#breadcrumb\",\"itemListElement\":[{\"@type\":\"ListItem\",\"position\":1,\"name\":\"Kezd\u0151lap\",\"item\":\"https:\/\/soluzioninaturali.eu\/\"},{\"@type\":\"ListItem\",\"position\":2,\"name\":\"H\u00edrek\"}]},{\"@type\":\"WebSite\",\"@id\":\"https:\/\/soluzioninaturali.eu\/#website\",\"url\":\"https:\/\/soluzioninaturali.eu\/\",\"name\":\"soluzioninaturali.eu\",\"description\":\"Soluzioni Naturali Kft\",\"potentialAction\":[{\"@type\":\"SearchAction\",\"target\":{\"@type\":\"EntryPoint\",\"urlTemplate\":\"https:\/\/soluzioninaturali.eu\/?s={search_term_string}\"},\"query-input\":{\"@type\":\"PropertyValueSpecification\",\"valueRequired\":true,\"valueName\":\"search_term_string\"}}],\"inLanguage\":\"en-GB\"}]}<\/script>\n<!-- \/ Yoast SEO Premium plugin. -->","yoast_head_json":{"title":"Solu\u00adzi\u00ado\u00adni Natu\u00adra\u00adli Kft. \u2013 C\u00e9g\u00fcnk\u00adr\u0151l","description":"Fedez\u00adze fel a Solu\u00adzi\u00ado\u00adni Naturali\u2011t, ahol ter\u00adm\u00e9\u00adsze\u00adtes \u00e9s orga\u00adni\u00adkus ter\u00adm\u00e9\u00adke\u00adket k\u00edn\u00e1\u00adlunk a fenn\u00adtart\u00adha\u00adt\u00f3\u00ads\u00e1g jegy\u00e9\u00adben.","robots":{"index":"index","follow":"follow","max-snippet":"max-snippet:-1","max-image-preview":"max-image-preview:large","max-video-preview":"max-video-preview:-1"},"canonical":"https:\/\/soluzioninaturali.eu\/en\/hirek\/","og_locale":"en_GB","og_type":"article","og_title":"Soluzioni Naturali Kft. \u2013 C\u00e9g\u00fcnkr\u0151l","og_description":"Fedezze fel a Soluzioni Naturali-t, ahol term\u00e9szetes \u00e9s organikus term\u00e9keket k\u00edn\u00e1lunk a fenntarthat\u00f3s\u00e1g jegy\u00e9ben.","og_url":"https:\/\/soluzioninaturali.eu\/en\/hirek\/","og_site_name":"soluzioninaturali.eu","article_modified_time":"2025-03-04T19:17:28+00:00","og_image":[{"width":2560,"height":1707,"url":"https:\/\/soluzioninaturali.eu\/wp-content\/uploads\/2025\/01\/close-up-green-leaves-nature-scaled.jpg","type":"image\/jpeg"}],"twitter_card":"summary_large_image","twitter_title":"H\u00edrek","twitter_misc":{"Estimated reading time":"1 minute"},"schema":{"@context":"https:\/\/schema.org","@graph":[{"@type":"WebPage","@id":"https:\/\/soluzioninaturali.eu\/hirek\/","url":"https:\/\/soluzioninaturali.eu\/hirek\/","name":"Solu\u00adzi\u00ado\u00adni Natu\u00adra\u00adli Kft. \u2013 C\u00e9g\u00fcnk\u00adr\u0151l","isPartOf":{"@id":"https:\/\/soluzioninaturali.eu\/#website"},"primaryImageOfPage":{"@id":"https:\/\/soluzioninaturali.eu\/hirek\/#primaryimage"},"image":{"@id":"https:\/\/soluzioninaturali.eu\/hirek\/#primaryimage"},"thumbnailUrl":"https:\/\/soluzioninaturali.eu\/wp-content\/uploads\/2025\/01\/close-up-green-leaves-nature-scaled.jpg","datePublished":"2025-03-04T19:10:29+00:00","dateModified":"2025-03-04T19:17:28+00:00","description":"Fedez\u00adze fel a Solu\u00adzi\u00ado\u00adni Naturali\u2011t, ahol ter\u00adm\u00e9\u00adsze\u00adtes \u00e9s orga\u00adni\u00adkus ter\u00adm\u00e9\u00adke\u00adket k\u00edn\u00e1\u00adlunk a fenn\u00adtart\u00adha\u00adt\u00f3\u00ads\u00e1g jegy\u00e9\u00adben.","breadcrumb":{"@id":"https:\/\/soluzioninaturali.eu\/hirek\/#breadcrumb"},"inLanguage":"en-GB","potentialAction":[{"@type":"ReadAction","target":["https:\/\/soluzioninaturali.eu\/hirek\/"]}]},{"@type":"ImageObject","inLanguage":"en-GB","@id":"https:\/\/soluzioninaturali.eu\/hirek\/#primaryimage","url":"https:\/\/soluzioninaturali.eu\/wp-content\/uploads\/2025\/01\/close-up-green-leaves-nature-scaled.jpg","contentUrl":"https:\/\/soluzioninaturali.eu\/wp-content\/uploads\/2025\/01\/close-up-green-leaves-nature-scaled.jpg","width":2560,"height":1707},{"@type":"BreadcrumbList","@id":"https:\/\/soluzioninaturali.eu\/hirek\/#breadcrumb","itemListElement":[{"@type":"ListItem","position":1,"name":"Kezd\u0151lap","item":"https:\/\/soluzioninaturali.eu\/"},{"@type":"ListItem","position":2,"name":"H\u00edrek"}]},{"@type":"WebSite","@id":"https:\/\/soluzioninaturali.eu\/#website","url":"https:\/\/soluzioninaturali.eu\/","name":"soluzioninaturali.eu","description":"Solu\u00adzi\u00ado\u00adni Natu\u00adra\u00adli Kft","potentialAction":[{"@type":"SearchAction","target":{"@type":"EntryPoint","urlTemplate":"https:\/\/soluzioninaturali.eu\/?s={search_term_string}"},"query-input":{"@type":"PropertyValueSpecification","valueRequired":true,"valueName":"search_term_string"}}],"inLanguage":"en-GB"}]}},"_links":{"self":[{"href":"https:\/\/soluzioninaturali.eu\/en\/wp-json\/wp\/v2\/pages\/4964","targetHints":{"allow":["GET"]}}],"collection":[{"href":"https:\/\/soluzioninaturali.eu\/en\/wp-json\/wp\/v2\/pages"}],"about":[{"href":"https:\/\/soluzioninaturali.eu\/en\/wp-json\/wp\/v2\/types\/page"}],"author":[{"embeddable":true,"href":"https:\/\/soluzioninaturali.eu\/en\/wp-json\/wp\/v2\/users\/1"}],"replies":[{"embeddable":true,"href":"https:\/\/soluzioninaturali.eu\/en\/wp-json\/wp\/v2\/comments?post=4964"}],"version-history":[{"count":6,"href":"https:\/\/soluzioninaturali.eu\/en\/wp-json\/wp\/v2\/pages\/4964\/revisions"}],"predecessor-version":[{"id":4971,"href":"https:\/\/soluzioninaturali.eu\/en\/wp-json\/wp\/v2\/pages\/4964\/revisions\/4971"}],"wp:featuredmedia":[{"embeddable":true,"href":"https:\/\/soluzioninaturali.eu\/en\/wp-json\/wp\/v2\/media\/3677"}],"wp:attachment":[{"href":"https:\/\/soluzioninaturali.eu\/en\/wp-json\/wp\/v2\/media?parent=4964"}],"curies":[{"name":"wp","href":"https:\/\/api.w.org\/{rel}","templated":true}]}}