{"id":5006,"date":"2026-01-22T08:12:38","date_gmt":"2026-01-22T07:12:38","guid":{"rendered":"https:\/\/soluzioninaturali.eu\/?page_id=5006"},"modified":"2026-02-01T09:24:29","modified_gmt":"2026-02-01T08:24:29","slug":"enzimek","status":"publish","type":"page","link":"https:\/\/soluzioninaturali.eu\/en\/enzimek\/","title":{"rendered":"Enzy\u00admes"},"content":{"rendered":"<p><\/p><section data-bb-version=\"5.5.9\" id=\"bt_bb_section6a05fbdf73b43\" class=\"bt_bb_section bt_bb_color_scheme_10 bt_bb_layout_boxed_1300 bt_bb_vertical_align_top bt_bb_top_spacing_large bt_bb_bottom_spacing_large\" style=\"; --section-primary-color:#ffffff; --section-secondary-color:#006097;\" data-bt-override-class=\"{&quot;bt_bb_top_spacing_&quot;:{&quot;current_class&quot;:&quot;bt_bb_top_spacing_large&quot;,&quot;def&quot;:&quot;large&quot;},&quot;bt_bb_bottom_spacing_&quot;:{&quot;current_class&quot;:&quot;bt_bb_bottom_spacing_large&quot;,&quot;def&quot;:&quot;large&quot;},&quot;bt_bb_animation_&quot;:{&quot;current_class&quot;:&quot;bt_bb_animation_no_animation&quot;,&quot;def&quot;:&quot;no_animation&quot;}}\"><div class=\"bt_bb_background_image_holder_wrapper\"><div class=\"bt_bb_background_image_holder bt_bb_parallax\" data-parallax=\"0.7\" data-parallax-offset=\"0\" data-parallax-zoom-start=\"1\" data-parallax-zoom-end=\"1\" data-parallax-blur-start=\"0\" data-parallax-blur-end=\"0\" data-parallax-opacity-start=\"1\" data-parallax-opacity-end=\"1\" style=\" background-image:url('https:\/\/soluzioninaturali.eu\/wp-content\/uploads\/2026\/01\/enzim.webp');\"><\/div><\/div><div class=\"bt_bb_port\"><div class=\"bt_bb_cell\"><div class=\"bt_bb_cell_inner\"><div class=\"bt_bb_row\" data-bt-override-class=\"{}\"><div class=\"bt_bb_row_holder\"><div class=\"bt_bb_column col-xxl-8 col-xl-8 bt_bb_vertical_align_middle bt_bb_align_left bt_bb_padding_normal bt_bb_animation_fade_in animate\" style=\"; --column-width:8;\" data-width=\"8\" data-bt-override-class=\"{}\"><div class=\"bt_bb_column_content\"><div class=\"bt_bb_column_content_inner\"><div data-bb-version=\"4.9.1\" class=\"bt_bb_separator bt_bb_border_style_none bt_bb_top_spacing_none bt_bb_bottom_spacing_small\" data-bt-override-class=\"{&quot;bt_bb_top_spacing_&quot;:{&quot;current_class&quot;:&quot;bt_bb_top_spacing_none&quot;,&quot;def&quot;:&quot;none&quot;},&quot;bt_bb_bottom_spacing_&quot;:{&quot;current_class&quot;:&quot;bt_bb_bottom_spacing_small&quot;,&quot;def&quot;:&quot;small&quot;}}\"><\/div><header data-bb-version=\"5.5.9\" class=\"bt_bb_headline bt_bb_font_weight_medium bt_bb_dash_top bt_bb_size_large bt_bb_align_inherit\" data-bt-override-class=\"{&quot;bt_bb_size_&quot;:{&quot;current_class&quot;:&quot;bt_bb_size_large&quot;,&quot;def&quot;:&quot;large&quot;},&quot;bt_bb_align_&quot;:{&quot;current_class&quot;:&quot;bt_bb_align_inherit&quot;,&quot;def&quot;:&quot;inherit&quot;},&quot;bt_bb_animation_&quot;:{&quot;current_class&quot;:&quot;bt_bb_animation_no_animation&quot;,&quot;def&quot;:&quot;no_animation&quot;}}\"><h1 class=\"bt_bb_headline_tag\"><span class=\"bt_bb_headline_content\"><span>Industrial enzymes<\/span><\/span><\/h1><\/header><div data-bb-version=\"4.9.1\" class=\"bt_bb_separator bt_bb_border_style_none bt_bb_top_spacing_extra_small bt_bb_bottom_spacing_small\" data-bt-override-class=\"{&quot;bt_bb_top_spacing_&quot;:{&quot;current_class&quot;:&quot;bt_bb_top_spacing_extra_small&quot;,&quot;def&quot;:&quot;extra_small&quot;},&quot;bt_bb_bottom_spacing_&quot;:{&quot;current_class&quot;:&quot;bt_bb_bottom_spacing_small&quot;,&quot;def&quot;:&quot;small&quot;}}\"><\/div><\/div><\/div><\/div><div class=\"bt_bb_column col-xxl-4 col-xl-4 bt_bb_vertical_align_top bt_bb_align_left bt_bb_padding_normal\" style=\"; --column-width:4;\" data-width=\"4\" data-bt-override-class=\"{}\"><div class=\"bt_bb_column_content\"><div class=\"bt_bb_column_content_inner\"><\/div><\/div><\/div><\/div><\/div><\/div><!-- cell_inner --><\/div><!-- cell --><\/div><!-- port --><\/section><section data-bb-version=\"4.9.1\" id=\"bt_bb_section6a05fbdf74272\" class=\"bt_bb_section bt_bb_layout_boxed_1200 bt_bb_top_spacing_large bt_bb_bottom_spacing_large\" data-bt-override-class=\"{&quot;bt_bb_top_spacing_&quot;:{&quot;current_class&quot;:&quot;bt_bb_top_spacing_large&quot;,&quot;def&quot;:&quot;large&quot;},&quot;bt_bb_bottom_spacing_&quot;:{&quot;current_class&quot;:&quot;bt_bb_bottom_spacing_large&quot;,&quot;def&quot;:&quot;large&quot;}}\"><div class=\"bt_bb_port\"><div class=\"bt_bb_cell\"><div class=\"bt_bb_cell_inner\"><div class=\"bt_bb_row\" data-bt-override-class=\"{}\"><div class=\"bt_bb_row_holder\"><div data-bb-version=\"4.9.1\" class=\"bt_bb_column col-xxl-12 col-xl-12 col-xs-12 col-sm-12 col-md-12 col-lg-12 bt_bb_vertical_align_top bt_bb_align_left bt_bb_padding_normal\" style=\"; --column-width:12;\" data-width=\"12\" data-bt-override-class=\"{}\"><div class=\"bt_bb_column_content\"><div class=\"bt_bb_column_content_inner\"><div data-bb-version=\"4.9.1\" class=\"bt_bb_text\">\n<p style=\"font-weight: 400;\"><span style=\"color: #006097;\">Our food-grade, ther\u00admos\u00adtab\u00adle indust\u00adri\u00adal enzy\u00adme preparations\u2014alpha-amylase, glu\u00adco\u00adamy\u00adla\u00adse, and beta-glucanase\u2014are design\u00aded for indust\u00adri\u00adal app\u00adli\u00adca\u00adtions in the orga\u00adnic che\u00admi\u00adcal industry (e.g., bio\u00adet\u00adha\u00adnol pro\u00adduc\u00adti\u00adon), food pro\u00adces\u00adsing, and agri\u00adcul\u00adtu\u00adre, enab\u00adling effi\u00adci\u00adent bio\u00adcon\u00advers\u00adion of orga\u00adnic and agri\u00adcul\u00adt\u00adu\u00adrally deri\u00adved subst\u00adra\u00adtes.<\/span><\/p>\n<p style=\"font-weight: 400;\"><span style=\"color: #006097;\"><strong>Alp\u00adha-amy\u00adla\u00adse:<\/strong><\/span><\/p>\n<p style=\"font-weight: 400;\"><span style=\"color: #006097;\">Cataly\u00adzes the bre\u00adak\u00addown of starch com\u00adpo\u00adnents, amy\u00adlose and amy\u00adlopec\u00adtin. Its hydroly\u00adtic acti\u00adon first pro\u00addu\u00adces mac\u00adro\u00addext\u00adrins, then oli\u00adg\u00adosac\u00adcha\u00adr\u00adides, and fin\u00adally glu\u00adco\u00adse, mal\u00adtose, and mal\u00adtot\u00adri\u00ado\u00adse.<\/span><\/p>\n<p style=\"font-weight: 400;\"><span style=\"color: #006097;\"><strong>Glu\u00adco\u00adamy\u00adla\u00adse:<\/strong><\/span><\/p>\n<p style=\"font-weight: 400;\"><span style=\"color: #006097;\">Faci\u00adli\u00adta\u00adtes starch sac\u00adcha\u00adri\u00adfi\u00adca\u00adti\u00adon at high tem\u00adpe\u00adra\u00adtu\u00adres using an enzy\u00adme pro\u00addu\u00adced by a natu\u00adral bac\u00adte\u00adri\u00adal stra\u00adin, per\u00adform\u00ading exo-hydroly\u00adsis of the (1\u20134 \/ 1\u20136)-\u03b1-D-glycosidic lin\u00adka\u00adges in poly\u00adsac\u00adcha\u00adr\u00adides.<\/span><\/p>\n<p style=\"font-weight: 400;\"><span style=\"color: #006097;\"><strong>Beta-glu\u00adca\u00adna\u00adse:<\/strong><\/span><\/p>\n<p style=\"font-weight: 400;\"><span style=\"color: #006097;\">Hydroly\u00adzes 1,4\u2011\u03b2 and 1,3\u2011\u03b2 glu\u00adcans and is par\u00adti\u00adcu\u00adlarly recom\u00admen\u00added for feed mix\u00adtu\u00adres con\u00adtain\u00ading high levels of bar\u00adley. Nume\u00adrous expe\u00adri\u00admen\u00adtal stu\u00addi\u00ades con\u00adfirm the bene\u00adfi\u00adci\u00adal effect of beta-glu\u00adca\u00adna\u00adse supplementation.Our food-grade, ther\u00admos\u00adtab\u00adle indust\u00adri\u00adal enzy\u00adme preparations\u2014alpha-amylase, glu\u00adco\u00adamy\u00adla\u00adse, and beta-glucanase\u2014produced by our com\u00adpany can be effec\u00adti\u00advely used across the orga\u00adnic che\u00admi\u00adcal industry (e.g., bio\u00adet\u00adha\u00adnol pro\u00adduc\u00adti\u00adon), the food industry, and agri\u00adcul\u00adtu\u00adre for the effi\u00adci\u00adent bio\u00adcon\u00advers\u00adion of orga\u00adnic mate\u00adri\u00adals and agri\u00adcul\u00adt\u00adu\u00adrally deri\u00adved subst\u00adra\u00adtes.<\/span><\/p>\n<p style=\"font-weight: 400;\">\n<\/p><\/div><\/div><\/div><\/div><\/div><\/div><\/div><!-- cell_inner --><\/div><!-- cell --><\/div><!-- port --><\/section>","protected":false},"excerpt":{"rendered":"","protected":false},"author":1,"featured_media":5022,"parent":0,"menu_order":0,"comment_status":"closed","ping_status":"closed","template":"","meta":{"wp_typography_post_enhancements_disabled":false,"footnotes":""},"class_list":["post-5006","page","type-page","status-publish","has-post-thumbnail","hentry"],"yoast_head":"<!-- This site is optimized with the Yoast SEO Premium plugin v25.2 (Yoast SEO v26.9) - https:\/\/yoast.com\/product\/yoast-seo-premium-wordpress\/ -->\n<title>Soluzioni Naturali Kft. \u2013 Ipari biotechnol\u00f3giai megold\u00e1sok<\/title>\n<meta name=\"description\" content=\"Soluzioni Naturali Kft. \u2013 Ipari biotechnol\u00f3giai megold\u00e1sok - Hat\u00e9kony ipari biotechnol\u00f3giai megold\u00e1sok enzimekkel \u00e9s szeszipari \u00e9leszt\u0151kkel.\" \/>\n<meta name=\"robots\" content=\"index, follow, max-snippet:-1, max-image-preview:large, max-video-preview:-1\" \/>\n<link rel=\"canonical\" href=\"https:\/\/soluzioninaturali.eu\/en\/enzimek\/\" \/>\n<meta property=\"og:locale\" content=\"en_GB\" \/>\n<meta property=\"og:type\" content=\"article\" \/>\n<meta property=\"og:title\" content=\"Soluzioni Naturali Kft. \u2013 Ipari biotechnol\u00f3giai megold\u00e1sok\" \/>\n<meta property=\"og:description\" content=\"Soluzioni Naturali Kft. - Hat\u00e9kony ipari biotechnol\u00f3giai megold\u00e1sok enzimekkel \u00e9s szeszipari \u00e9leszt\u0151kkel.\" \/>\n<meta property=\"og:url\" content=\"https:\/\/soluzioninaturali.eu\/en\/enzimek\/\" \/>\n<meta property=\"og:site_name\" content=\"soluzioninaturali.eu\" \/>\n<meta property=\"article:modified_time\" content=\"2026-02-01T08:24:29+00:00\" \/>\n<meta property=\"og:image\" content=\"https:\/\/soluzioninaturali.eu\/wp-content\/uploads\/2026\/01\/enzim.webp\" \/>\n\t<meta property=\"og:image:width\" content=\"1920\" \/>\n\t<meta property=\"og:image:height\" content=\"429\" \/>\n\t<meta property=\"og:image:type\" content=\"image\/webp\" \/>\n<meta name=\"twitter:card\" content=\"summary_large_image\" \/>\n<meta name=\"twitter:title\" content=\"Enzimek\" \/>\n<meta name=\"twitter:label1\" content=\"Estimated reading time\" \/>\n\t<meta name=\"twitter:data1\" content=\"1 minute\" \/>\n<script type=\"application\/ld+json\" class=\"yoast-schema-graph\">{\"@context\":\"https:\/\/schema.org\",\"@graph\":[{\"@type\":\"WebPage\",\"@id\":\"https:\/\/soluzioninaturali.eu\/enzimek\/\",\"url\":\"https:\/\/soluzioninaturali.eu\/enzimek\/\",\"name\":\"Soluzioni Naturali Kft. \u2013 Ipari biotechnol\u00f3giai megold\u00e1sok\",\"isPartOf\":{\"@id\":\"https:\/\/soluzioninaturali.eu\/#website\"},\"primaryImageOfPage\":{\"@id\":\"https:\/\/soluzioninaturali.eu\/enzimek\/#primaryimage\"},\"image\":{\"@id\":\"https:\/\/soluzioninaturali.eu\/enzimek\/#primaryimage\"},\"thumbnailUrl\":\"https:\/\/soluzioninaturali.eu\/wp-content\/uploads\/2026\/01\/enzim.webp\",\"datePublished\":\"2026-01-22T07:12:38+00:00\",\"dateModified\":\"2026-02-01T08:24:29+00:00\",\"description\":\"Soluzioni Naturali Kft. \u2013 Ipari biotechnol\u00f3giai megold\u00e1sok - Hat\u00e9kony ipari biotechnol\u00f3giai megold\u00e1sok enzimekkel \u00e9s szeszipari \u00e9leszt\u0151kkel.\",\"breadcrumb\":{\"@id\":\"https:\/\/soluzioninaturali.eu\/enzimek\/#breadcrumb\"},\"inLanguage\":\"en-GB\",\"potentialAction\":[{\"@type\":\"ReadAction\",\"target\":[\"https:\/\/soluzioninaturali.eu\/enzimek\/\"]}]},{\"@type\":\"ImageObject\",\"inLanguage\":\"en-GB\",\"@id\":\"https:\/\/soluzioninaturali.eu\/enzimek\/#primaryimage\",\"url\":\"https:\/\/soluzioninaturali.eu\/wp-content\/uploads\/2026\/01\/enzim.webp\",\"contentUrl\":\"https:\/\/soluzioninaturali.eu\/wp-content\/uploads\/2026\/01\/enzim.webp\",\"width\":1920,\"height\":429},{\"@type\":\"BreadcrumbList\",\"@id\":\"https:\/\/soluzioninaturali.eu\/enzimek\/#breadcrumb\",\"itemListElement\":[{\"@type\":\"ListItem\",\"position\":1,\"name\":\"Kezd\u0151lap\",\"item\":\"https:\/\/soluzioninaturali.eu\/\"},{\"@type\":\"ListItem\",\"position\":2,\"name\":\"Enzimek\"}]},{\"@type\":\"WebSite\",\"@id\":\"https:\/\/soluzioninaturali.eu\/#website\",\"url\":\"https:\/\/soluzioninaturali.eu\/\",\"name\":\"soluzioninaturali.eu\",\"description\":\"Soluzioni Naturali Kft\",\"potentialAction\":[{\"@type\":\"SearchAction\",\"target\":{\"@type\":\"EntryPoint\",\"urlTemplate\":\"https:\/\/soluzioninaturali.eu\/?s={search_term_string}\"},\"query-input\":{\"@type\":\"PropertyValueSpecification\",\"valueRequired\":true,\"valueName\":\"search_term_string\"}}],\"inLanguage\":\"en-GB\"}]}<\/script>\n<!-- \/ Yoast SEO Premium plugin. -->","yoast_head_json":{"title":"Solu\u00adzi\u00ado\u00adni Natu\u00adra\u00adli Kft. \u2013 Ipa\u00adri bio\u00adtech\u00adno\u00adl\u00f3\u00adgi\u00adai meg\u00adol\u00add\u00e1\u00adsok","description":"Solu\u00adzi\u00ado\u00adni Natu\u00adra\u00adli Kft. \u2013 Ipa\u00adri bio\u00adtech\u00adno\u00adl\u00f3\u00adgi\u00adai meg\u00adol\u00add\u00e1\u00adsok \u2014 Hat\u00e9\u00adkony ipa\u00adri bio\u00adtech\u00adno\u00adl\u00f3\u00adgi\u00adai meg\u00adol\u00add\u00e1\u00adsok enzi\u00admek\u00adkel \u00e9s szesz\u00adipa\u00adri \u00e9lesz\u00adt\u0151k\u00adkel.","robots":{"index":"index","follow":"follow","max-snippet":"max-snippet:-1","max-image-preview":"max-image-preview:large","max-video-preview":"max-video-preview:-1"},"canonical":"https:\/\/soluzioninaturali.eu\/en\/enzimek\/","og_locale":"en_GB","og_type":"article","og_title":"Soluzioni Naturali Kft. \u2013 Ipari biotechnol\u00f3giai megold\u00e1sok","og_description":"Soluzioni Naturali Kft. - Hat\u00e9kony ipari biotechnol\u00f3giai megold\u00e1sok enzimekkel \u00e9s szeszipari \u00e9leszt\u0151kkel.","og_url":"https:\/\/soluzioninaturali.eu\/en\/enzimek\/","og_site_name":"soluzioninaturali.eu","article_modified_time":"2026-02-01T08:24:29+00:00","og_image":[{"width":1920,"height":429,"url":"https:\/\/soluzioninaturali.eu\/wp-content\/uploads\/2026\/01\/enzim.webp","type":"image\/webp"}],"twitter_card":"summary_large_image","twitter_title":"Enzimek","twitter_misc":{"Estimated reading time":"1 minute"},"schema":{"@context":"https:\/\/schema.org","@graph":[{"@type":"WebPage","@id":"https:\/\/soluzioninaturali.eu\/enzimek\/","url":"https:\/\/soluzioninaturali.eu\/enzimek\/","name":"Solu\u00adzi\u00ado\u00adni Natu\u00adra\u00adli Kft. \u2013 Ipa\u00adri bio\u00adtech\u00adno\u00adl\u00f3\u00adgi\u00adai meg\u00adol\u00add\u00e1\u00adsok","isPartOf":{"@id":"https:\/\/soluzioninaturali.eu\/#website"},"primaryImageOfPage":{"@id":"https:\/\/soluzioninaturali.eu\/enzimek\/#primaryimage"},"image":{"@id":"https:\/\/soluzioninaturali.eu\/enzimek\/#primaryimage"},"thumbnailUrl":"https:\/\/soluzioninaturali.eu\/wp-content\/uploads\/2026\/01\/enzim.webp","datePublished":"2026-01-22T07:12:38+00:00","dateModified":"2026-02-01T08:24:29+00:00","description":"Solu\u00adzi\u00ado\u00adni Natu\u00adra\u00adli Kft. \u2013 Ipa\u00adri bio\u00adtech\u00adno\u00adl\u00f3\u00adgi\u00adai meg\u00adol\u00add\u00e1\u00adsok \u2014 Hat\u00e9\u00adkony ipa\u00adri bio\u00adtech\u00adno\u00adl\u00f3\u00adgi\u00adai meg\u00adol\u00add\u00e1\u00adsok enzi\u00admek\u00adkel \u00e9s szesz\u00adipa\u00adri \u00e9lesz\u00adt\u0151k\u00adkel.","breadcrumb":{"@id":"https:\/\/soluzioninaturali.eu\/enzimek\/#breadcrumb"},"inLanguage":"en-GB","potentialAction":[{"@type":"ReadAction","target":["https:\/\/soluzioninaturali.eu\/enzimek\/"]}]},{"@type":"ImageObject","inLanguage":"en-GB","@id":"https:\/\/soluzioninaturali.eu\/enzimek\/#primaryimage","url":"https:\/\/soluzioninaturali.eu\/wp-content\/uploads\/2026\/01\/enzim.webp","contentUrl":"https:\/\/soluzioninaturali.eu\/wp-content\/uploads\/2026\/01\/enzim.webp","width":1920,"height":429},{"@type":"BreadcrumbList","@id":"https:\/\/soluzioninaturali.eu\/enzimek\/#breadcrumb","itemListElement":[{"@type":"ListItem","position":1,"name":"Kezd\u0151lap","item":"https:\/\/soluzioninaturali.eu\/"},{"@type":"ListItem","position":2,"name":"Enzimek"}]},{"@type":"WebSite","@id":"https:\/\/soluzioninaturali.eu\/#website","url":"https:\/\/soluzioninaturali.eu\/","name":"soluzioninaturali.eu","description":"Solu\u00adzi\u00ado\u00adni Natu\u00adra\u00adli Kft","potentialAction":[{"@type":"SearchAction","target":{"@type":"EntryPoint","urlTemplate":"https:\/\/soluzioninaturali.eu\/?s={search_term_string}"},"query-input":{"@type":"PropertyValueSpecification","valueRequired":true,"valueName":"search_term_string"}}],"inLanguage":"en-GB"}]}},"_links":{"self":[{"href":"https:\/\/soluzioninaturali.eu\/en\/wp-json\/wp\/v2\/pages\/5006","targetHints":{"allow":["GET"]}}],"collection":[{"href":"https:\/\/soluzioninaturali.eu\/en\/wp-json\/wp\/v2\/pages"}],"about":[{"href":"https:\/\/soluzioninaturali.eu\/en\/wp-json\/wp\/v2\/types\/page"}],"author":[{"embeddable":true,"href":"https:\/\/soluzioninaturali.eu\/en\/wp-json\/wp\/v2\/users\/1"}],"replies":[{"embeddable":true,"href":"https:\/\/soluzioninaturali.eu\/en\/wp-json\/wp\/v2\/comments?post=5006"}],"version-history":[{"count":6,"href":"https:\/\/soluzioninaturali.eu\/en\/wp-json\/wp\/v2\/pages\/5006\/revisions"}],"predecessor-version":[{"id":5039,"href":"https:\/\/soluzioninaturali.eu\/en\/wp-json\/wp\/v2\/pages\/5006\/revisions\/5039"}],"wp:featuredmedia":[{"embeddable":true,"href":"https:\/\/soluzioninaturali.eu\/en\/wp-json\/wp\/v2\/media\/5022"}],"wp:attachment":[{"href":"https:\/\/soluzioninaturali.eu\/en\/wp-json\/wp\/v2\/media?parent=5006"}],"curies":[{"name":"wp","href":"https:\/\/api.w.org\/{rel}","templated":true}]}}