{"id":5008,"date":"2026-01-22T08:14:34","date_gmt":"2026-01-22T07:14:34","guid":{"rendered":"https:\/\/soluzioninaturali.eu\/?page_id=5008"},"modified":"2026-01-27T13:38:07","modified_gmt":"2026-01-27T12:38:07","slug":"szeszipari-elesztok","status":"publish","type":"page","link":"https:\/\/soluzioninaturali.eu\/en\/szeszipari-elesztok\/","title":{"rendered":"Indust\u00adri\u00adal alco\u00adhol yea\u00adsts"},"content":{"rendered":"<p><\/p><section data-bb-version=\"5.5.9\" id=\"bt_bb_section6a05fbdf70662\" class=\"bt_bb_section bt_bb_color_scheme_10 bt_bb_layout_boxed_1300 bt_bb_vertical_align_top bt_bb_top_spacing_large bt_bb_bottom_spacing_large\" style=\"; --section-primary-color:#ffffff; --section-secondary-color:#006097;\" data-bt-override-class=\"{&quot;bt_bb_top_spacing_&quot;:{&quot;current_class&quot;:&quot;bt_bb_top_spacing_large&quot;,&quot;def&quot;:&quot;large&quot;},&quot;bt_bb_bottom_spacing_&quot;:{&quot;current_class&quot;:&quot;bt_bb_bottom_spacing_large&quot;,&quot;def&quot;:&quot;large&quot;},&quot;bt_bb_animation_&quot;:{&quot;current_class&quot;:&quot;bt_bb_animation_no_animation&quot;,&quot;def&quot;:&quot;no_animation&quot;}}\"><div class=\"bt_bb_background_image_holder_wrapper\"><div class=\"bt_bb_background_image_holder bt_bb_parallax\" data-parallax=\"0.7\" data-parallax-offset=\"0\" data-parallax-zoom-start=\"1\" data-parallax-zoom-end=\"1\" data-parallax-blur-start=\"0\" data-parallax-blur-end=\"0\" data-parallax-opacity-start=\"1\" data-parallax-opacity-end=\"1\" style=\" background-image:url('https:\/\/soluzioninaturali.eu\/wp-content\/uploads\/2026\/01\/eleszto-2.webp');\"><\/div><\/div><div class=\"bt_bb_port\"><div class=\"bt_bb_cell\"><div class=\"bt_bb_cell_inner\"><div class=\"bt_bb_row\" data-bt-override-class=\"{}\"><div class=\"bt_bb_row_holder\"><div class=\"bt_bb_column col-xxl-8 col-xl-8 bt_bb_vertical_align_middle bt_bb_align_left bt_bb_padding_normal bt_bb_animation_fade_in animate\" style=\"; --column-width:8;\" data-width=\"8\" data-bt-override-class=\"{}\"><div class=\"bt_bb_column_content\"><div class=\"bt_bb_column_content_inner\"><div data-bb-version=\"4.9.1\" class=\"bt_bb_separator bt_bb_border_style_none bt_bb_top_spacing_none bt_bb_bottom_spacing_small\" data-bt-override-class=\"{&quot;bt_bb_top_spacing_&quot;:{&quot;current_class&quot;:&quot;bt_bb_top_spacing_none&quot;,&quot;def&quot;:&quot;none&quot;},&quot;bt_bb_bottom_spacing_&quot;:{&quot;current_class&quot;:&quot;bt_bb_bottom_spacing_small&quot;,&quot;def&quot;:&quot;small&quot;}}\"><\/div><header data-bb-version=\"5.5.9\" class=\"bt_bb_headline bt_bb_font_weight_medium bt_bb_dash_top bt_bb_size_large bt_bb_align_inherit\" data-bt-override-class=\"{&quot;bt_bb_size_&quot;:{&quot;current_class&quot;:&quot;bt_bb_size_large&quot;,&quot;def&quot;:&quot;large&quot;},&quot;bt_bb_align_&quot;:{&quot;current_class&quot;:&quot;bt_bb_align_inherit&quot;,&quot;def&quot;:&quot;inherit&quot;},&quot;bt_bb_animation_&quot;:{&quot;current_class&quot;:&quot;bt_bb_animation_no_animation&quot;,&quot;def&quot;:&quot;no_animation&quot;}}\"><h1 class=\"bt_bb_headline_tag\"><span class=\"bt_bb_headline_content\"><span>Industrial alcohol yeasts<\/span><\/span><\/h1><\/header><div data-bb-version=\"4.9.1\" class=\"bt_bb_separator bt_bb_border_style_none bt_bb_top_spacing_extra_small bt_bb_bottom_spacing_small\" data-bt-override-class=\"{&quot;bt_bb_top_spacing_&quot;:{&quot;current_class&quot;:&quot;bt_bb_top_spacing_extra_small&quot;,&quot;def&quot;:&quot;extra_small&quot;},&quot;bt_bb_bottom_spacing_&quot;:{&quot;current_class&quot;:&quot;bt_bb_bottom_spacing_small&quot;,&quot;def&quot;:&quot;small&quot;}}\"><\/div><\/div><\/div><\/div><div class=\"bt_bb_column col-xxl-4 col-xl-4 bt_bb_vertical_align_top bt_bb_align_left bt_bb_padding_normal\" style=\"; --column-width:4;\" data-width=\"4\" data-bt-override-class=\"{}\"><div class=\"bt_bb_column_content\"><div class=\"bt_bb_column_content_inner\"><\/div><\/div><\/div><\/div><\/div><\/div><!-- cell_inner --><\/div><!-- cell --><\/div><!-- port --><\/section><section data-bb-version=\"4.9.1\" id=\"bt_bb_section6a05fbdf70ae0\" class=\"bt_bb_section bt_bb_layout_boxed_1200 bt_bb_top_spacing_large bt_bb_bottom_spacing_large\" data-bt-override-class=\"{&quot;bt_bb_top_spacing_&quot;:{&quot;current_class&quot;:&quot;bt_bb_top_spacing_large&quot;,&quot;def&quot;:&quot;large&quot;},&quot;bt_bb_bottom_spacing_&quot;:{&quot;current_class&quot;:&quot;bt_bb_bottom_spacing_large&quot;,&quot;def&quot;:&quot;large&quot;}}\"><div class=\"bt_bb_port\"><div class=\"bt_bb_cell\"><div class=\"bt_bb_cell_inner\"><div class=\"bt_bb_row\" data-bt-override-class=\"{}\"><div class=\"bt_bb_row_holder\"><div data-bb-version=\"4.9.1\" class=\"bt_bb_column col-xxl-12 col-xl-12 col-xs-12 col-sm-12 col-md-12 col-lg-12 bt_bb_vertical_align_top bt_bb_align_left bt_bb_padding_normal\" style=\"; --column-width:12;\" data-width=\"12\" data-bt-override-class=\"{}\"><div class=\"bt_bb_column_content\"><div class=\"bt_bb_column_content_inner\"><div data-bb-version=\"4.9.1\" class=\"bt_bb_text\">\n<p><span style=\"color: #006097;\">Our indust\u00adri\u00adal yea\u00adst stra\u00adins used in indust\u00adri\u00adal alco\u00adhol pro\u00adduc\u00adti\u00adon achi\u00adeve yields that are more favor\u00adab\u00adle than cur\u00adrent inter\u00adna\u00adti\u00ado\u00adnal indust\u00adri\u00adal prac\u00adti\u00adce aver\u00adages, and enab\u00adle sig\u00adni\u00adfi\u00adcantly more effi\u00adci\u00adent, lower-energy, and more pro\u00adduc\u00adtive ope\u00adra\u00adti\u00adon from ener\u00adge\u00adtic, tech\u00adni\u00adcal, and con\u00adse\u00adqu\u00adently eco\u00adno\u00admic pers\u00adpec\u00adti\u00adves as well.<\/span><\/p>\n<p>\n<\/p><\/div><\/div><\/div><\/div><\/div><\/div><\/div><!-- cell_inner --><\/div><!-- cell --><\/div><!-- port --><\/section>","protected":false},"excerpt":{"rendered":"","protected":false},"author":1,"featured_media":5021,"parent":0,"menu_order":0,"comment_status":"closed","ping_status":"closed","template":"","meta":{"wp_typography_post_enhancements_disabled":false,"footnotes":""},"class_list":["post-5008","page","type-page","status-publish","has-post-thumbnail","hentry"],"yoast_head":"<!-- This site is optimized with the Yoast SEO Premium plugin v25.2 (Yoast SEO v26.9) - https:\/\/yoast.com\/product\/yoast-seo-premium-wordpress\/ -->\n<title>Soluzioni Naturali Kft. \u2013 Ipari biotechnol\u00f3giai megold\u00e1sok<\/title>\n<meta name=\"description\" content=\"Soluzioni Naturali Kft. \u2013 Ipari biotechnol\u00f3giai megold\u00e1sok - Hat\u00e9kony ipari biotechnol\u00f3giai megold\u00e1sok enzimekkel \u00e9s szeszipari \u00e9leszt\u0151kkel.\" \/>\n<meta name=\"robots\" content=\"index, follow, max-snippet:-1, max-image-preview:large, max-video-preview:-1\" \/>\n<link rel=\"canonical\" href=\"https:\/\/soluzioninaturali.eu\/en\/szeszipari-elesztok\/\" \/>\n<meta property=\"og:locale\" content=\"en_GB\" \/>\n<meta property=\"og:type\" content=\"article\" \/>\n<meta property=\"og:title\" content=\"Soluzioni Naturali Kft. \u2013 Ipari biotechnol\u00f3giai megold\u00e1sok\" \/>\n<meta property=\"og:description\" content=\"Soluzioni Naturali Kft. - Hat\u00e9kony ipari biotechnol\u00f3giai megold\u00e1sok enzimekkel \u00e9s szeszipari \u00e9leszt\u0151kkel.\" \/>\n<meta property=\"og:url\" content=\"https:\/\/soluzioninaturali.eu\/en\/szeszipari-elesztok\/\" \/>\n<meta property=\"og:site_name\" content=\"soluzioninaturali.eu\" \/>\n<meta property=\"article:modified_time\" content=\"2026-01-27T12:38:07+00:00\" \/>\n<meta property=\"og:image\" content=\"https:\/\/soluzioninaturali.eu\/wp-content\/uploads\/2026\/01\/eleszto.webp\" \/>\n\t<meta property=\"og:image:width\" content=\"1920\" \/>\n\t<meta property=\"og:image:height\" content=\"429\" \/>\n\t<meta property=\"og:image:type\" content=\"image\/webp\" \/>\n<meta name=\"twitter:card\" content=\"summary_large_image\" \/>\n<meta name=\"twitter:title\" content=\"Szeszipari \u00e9leszt\u0151k\" \/>\n<meta name=\"twitter:label1\" content=\"Estimated reading time\" \/>\n\t<meta name=\"twitter:data1\" content=\"1 minute\" \/>\n<script type=\"application\/ld+json\" class=\"yoast-schema-graph\">{\"@context\":\"https:\/\/schema.org\",\"@graph\":[{\"@type\":\"WebPage\",\"@id\":\"https:\/\/soluzioninaturali.eu\/szeszipari-elesztok\/\",\"url\":\"https:\/\/soluzioninaturali.eu\/szeszipari-elesztok\/\",\"name\":\"Soluzioni Naturali Kft. \u2013 Ipari biotechnol\u00f3giai megold\u00e1sok\",\"isPartOf\":{\"@id\":\"https:\/\/soluzioninaturali.eu\/#website\"},\"primaryImageOfPage\":{\"@id\":\"https:\/\/soluzioninaturali.eu\/szeszipari-elesztok\/#primaryimage\"},\"image\":{\"@id\":\"https:\/\/soluzioninaturali.eu\/szeszipari-elesztok\/#primaryimage\"},\"thumbnailUrl\":\"https:\/\/soluzioninaturali.eu\/wp-content\/uploads\/2026\/01\/eleszto.webp\",\"datePublished\":\"2026-01-22T07:14:34+00:00\",\"dateModified\":\"2026-01-27T12:38:07+00:00\",\"description\":\"Soluzioni Naturali Kft. \u2013 Ipari biotechnol\u00f3giai megold\u00e1sok - Hat\u00e9kony ipari biotechnol\u00f3giai megold\u00e1sok enzimekkel \u00e9s szeszipari \u00e9leszt\u0151kkel.\",\"breadcrumb\":{\"@id\":\"https:\/\/soluzioninaturali.eu\/szeszipari-elesztok\/#breadcrumb\"},\"inLanguage\":\"en-GB\",\"potentialAction\":[{\"@type\":\"ReadAction\",\"target\":[\"https:\/\/soluzioninaturali.eu\/szeszipari-elesztok\/\"]}]},{\"@type\":\"ImageObject\",\"inLanguage\":\"en-GB\",\"@id\":\"https:\/\/soluzioninaturali.eu\/szeszipari-elesztok\/#primaryimage\",\"url\":\"https:\/\/soluzioninaturali.eu\/wp-content\/uploads\/2026\/01\/eleszto.webp\",\"contentUrl\":\"https:\/\/soluzioninaturali.eu\/wp-content\/uploads\/2026\/01\/eleszto.webp\",\"width\":1920,\"height\":429},{\"@type\":\"BreadcrumbList\",\"@id\":\"https:\/\/soluzioninaturali.eu\/szeszipari-elesztok\/#breadcrumb\",\"itemListElement\":[{\"@type\":\"ListItem\",\"position\":1,\"name\":\"Kezd\u0151lap\",\"item\":\"https:\/\/soluzioninaturali.eu\/\"},{\"@type\":\"ListItem\",\"position\":2,\"name\":\"Szeszipari \u00e9leszt\u0151k\"}]},{\"@type\":\"WebSite\",\"@id\":\"https:\/\/soluzioninaturali.eu\/#website\",\"url\":\"https:\/\/soluzioninaturali.eu\/\",\"name\":\"soluzioninaturali.eu\",\"description\":\"Soluzioni Naturali Kft\",\"potentialAction\":[{\"@type\":\"SearchAction\",\"target\":{\"@type\":\"EntryPoint\",\"urlTemplate\":\"https:\/\/soluzioninaturali.eu\/?s={search_term_string}\"},\"query-input\":{\"@type\":\"PropertyValueSpecification\",\"valueRequired\":true,\"valueName\":\"search_term_string\"}}],\"inLanguage\":\"en-GB\"}]}<\/script>\n<!-- \/ Yoast SEO Premium plugin. -->","yoast_head_json":{"title":"Solu\u00adzi\u00ado\u00adni Natu\u00adra\u00adli Kft. \u2013 Ipa\u00adri bio\u00adtech\u00adno\u00adl\u00f3\u00adgi\u00adai meg\u00adol\u00add\u00e1\u00adsok","description":"Solu\u00adzi\u00ado\u00adni Natu\u00adra\u00adli Kft. \u2013 Ipa\u00adri bio\u00adtech\u00adno\u00adl\u00f3\u00adgi\u00adai meg\u00adol\u00add\u00e1\u00adsok \u2014 Hat\u00e9\u00adkony ipa\u00adri bio\u00adtech\u00adno\u00adl\u00f3\u00adgi\u00adai meg\u00adol\u00add\u00e1\u00adsok enzi\u00admek\u00adkel \u00e9s szesz\u00adipa\u00adri \u00e9lesz\u00adt\u0151k\u00adkel.","robots":{"index":"index","follow":"follow","max-snippet":"max-snippet:-1","max-image-preview":"max-image-preview:large","max-video-preview":"max-video-preview:-1"},"canonical":"https:\/\/soluzioninaturali.eu\/en\/szeszipari-elesztok\/","og_locale":"en_GB","og_type":"article","og_title":"Soluzioni Naturali Kft. \u2013 Ipari biotechnol\u00f3giai megold\u00e1sok","og_description":"Soluzioni Naturali Kft. - Hat\u00e9kony ipari biotechnol\u00f3giai megold\u00e1sok enzimekkel \u00e9s szeszipari \u00e9leszt\u0151kkel.","og_url":"https:\/\/soluzioninaturali.eu\/en\/szeszipari-elesztok\/","og_site_name":"soluzioninaturali.eu","article_modified_time":"2026-01-27T12:38:07+00:00","og_image":[{"width":1920,"height":429,"url":"https:\/\/soluzioninaturali.eu\/wp-content\/uploads\/2026\/01\/eleszto.webp","type":"image\/webp"}],"twitter_card":"summary_large_image","twitter_title":"Szeszipari \u00e9leszt\u0151k","twitter_misc":{"Estimated reading time":"1 minute"},"schema":{"@context":"https:\/\/schema.org","@graph":[{"@type":"WebPage","@id":"https:\/\/soluzioninaturali.eu\/szeszipari-elesztok\/","url":"https:\/\/soluzioninaturali.eu\/szeszipari-elesztok\/","name":"Solu\u00adzi\u00ado\u00adni Natu\u00adra\u00adli Kft. \u2013 Ipa\u00adri bio\u00adtech\u00adno\u00adl\u00f3\u00adgi\u00adai meg\u00adol\u00add\u00e1\u00adsok","isPartOf":{"@id":"https:\/\/soluzioninaturali.eu\/#website"},"primaryImageOfPage":{"@id":"https:\/\/soluzioninaturali.eu\/szeszipari-elesztok\/#primaryimage"},"image":{"@id":"https:\/\/soluzioninaturali.eu\/szeszipari-elesztok\/#primaryimage"},"thumbnailUrl":"https:\/\/soluzioninaturali.eu\/wp-content\/uploads\/2026\/01\/eleszto.webp","datePublished":"2026-01-22T07:14:34+00:00","dateModified":"2026-01-27T12:38:07+00:00","description":"Solu\u00adzi\u00ado\u00adni Natu\u00adra\u00adli Kft. \u2013 Ipa\u00adri bio\u00adtech\u00adno\u00adl\u00f3\u00adgi\u00adai meg\u00adol\u00add\u00e1\u00adsok \u2014 Hat\u00e9\u00adkony ipa\u00adri bio\u00adtech\u00adno\u00adl\u00f3\u00adgi\u00adai meg\u00adol\u00add\u00e1\u00adsok enzi\u00admek\u00adkel \u00e9s szesz\u00adipa\u00adri \u00e9lesz\u00adt\u0151k\u00adkel.","breadcrumb":{"@id":"https:\/\/soluzioninaturali.eu\/szeszipari-elesztok\/#breadcrumb"},"inLanguage":"en-GB","potentialAction":[{"@type":"ReadAction","target":["https:\/\/soluzioninaturali.eu\/szeszipari-elesztok\/"]}]},{"@type":"ImageObject","inLanguage":"en-GB","@id":"https:\/\/soluzioninaturali.eu\/szeszipari-elesztok\/#primaryimage","url":"https:\/\/soluzioninaturali.eu\/wp-content\/uploads\/2026\/01\/eleszto.webp","contentUrl":"https:\/\/soluzioninaturali.eu\/wp-content\/uploads\/2026\/01\/eleszto.webp","width":1920,"height":429},{"@type":"BreadcrumbList","@id":"https:\/\/soluzioninaturali.eu\/szeszipari-elesztok\/#breadcrumb","itemListElement":[{"@type":"ListItem","position":1,"name":"Kezd\u0151lap","item":"https:\/\/soluzioninaturali.eu\/"},{"@type":"ListItem","position":2,"name":"Szeszipari \u00e9leszt\u0151k"}]},{"@type":"WebSite","@id":"https:\/\/soluzioninaturali.eu\/#website","url":"https:\/\/soluzioninaturali.eu\/","name":"soluzioninaturali.eu","description":"Solu\u00adzi\u00ado\u00adni Natu\u00adra\u00adli Kft","potentialAction":[{"@type":"SearchAction","target":{"@type":"EntryPoint","urlTemplate":"https:\/\/soluzioninaturali.eu\/?s={search_term_string}"},"query-input":{"@type":"PropertyValueSpecification","valueRequired":true,"valueName":"search_term_string"}}],"inLanguage":"en-GB"}]}},"_links":{"self":[{"href":"https:\/\/soluzioninaturali.eu\/en\/wp-json\/wp\/v2\/pages\/5008","targetHints":{"allow":["GET"]}}],"collection":[{"href":"https:\/\/soluzioninaturali.eu\/en\/wp-json\/wp\/v2\/pages"}],"about":[{"href":"https:\/\/soluzioninaturali.eu\/en\/wp-json\/wp\/v2\/types\/page"}],"author":[{"embeddable":true,"href":"https:\/\/soluzioninaturali.eu\/en\/wp-json\/wp\/v2\/users\/1"}],"replies":[{"embeddable":true,"href":"https:\/\/soluzioninaturali.eu\/en\/wp-json\/wp\/v2\/comments?post=5008"}],"version-history":[{"count":4,"href":"https:\/\/soluzioninaturali.eu\/en\/wp-json\/wp\/v2\/pages\/5008\/revisions"}],"predecessor-version":[{"id":5028,"href":"https:\/\/soluzioninaturali.eu\/en\/wp-json\/wp\/v2\/pages\/5008\/revisions\/5028"}],"wp:featuredmedia":[{"embeddable":true,"href":"https:\/\/soluzioninaturali.eu\/en\/wp-json\/wp\/v2\/media\/5021"}],"wp:attachment":[{"href":"https:\/\/soluzioninaturali.eu\/en\/wp-json\/wp\/v2\/media?parent=5008"}],"curies":[{"name":"wp","href":"https:\/\/api.w.org\/{rel}","templated":true}]}}